{"id":14031,"date":"2025-03-29T07:30:51","date_gmt":"2025-03-29T07:30:51","guid":{"rendered":"https:\/\/comprarseguidores.io\/product\/comprar-descargas-de-aplicaciones-2\/"},"modified":"2025-04-06T18:25:17","modified_gmt":"2025-04-06T18:25:17","slug":"comprar-descargas-de-aplicaciones-2","status":"publish","type":"product","link":"https:\/\/comprarseguidores.io\/es\/product\/comprar-descargas-de-aplicaciones-2\/","title":{"rendered":"Comprar descargas de aplicaciones"},"content":{"rendered":"\n<h2 class=\"wp-block-heading\">Comprar descargas de aplicaciones<\/h2>\n\n<p>Comprar descargas de aplicaciones m\u00f3viles ofrece importantes ventajas a los desarrolladores de aplicaciones que quieren mejorar la presencia de sus aplicaciones en el mercado. En primer lugar, aumenta inmediatamente la visibilidad de tu aplicaci\u00f3n, haciendo m\u00e1s probable que aparezca en los primeros puestos de la tienda de aplicaciones y en los resultados de las b\u00fasquedas. Esta mayor visibilidad tiende a atraer m\u00e1s descargas org\u00e1nicas, ya que los usuarios se sienten atra\u00eddos por las aplicaciones bien clasificadas y populares.  <\/p>\n\n<p>Adem\u00e1s, un aumento de las descargas puede mejorar la credibilidad de la aplicaci\u00f3n y su valor percibido, lo que estimula a\u00fan m\u00e1s el compromiso org\u00e1nico de los usuarios y su retenci\u00f3n.<\/p>\n\n<p>Adem\u00e1s, tener un mayor n\u00famero de descargas tambi\u00e9n puede dar lugar a m\u00e1s valoraciones y comentarios, proporcionando valiosas opiniones y reforzando a\u00fan m\u00e1s la reputaci\u00f3n de la aplicaci\u00f3n.<\/p>\n\n<p>En \u00faltima instancia, comprar descargas puede ser una estrategia para impulsar el crecimiento y establecer una base s\u00f3lida para atraer a una aut\u00e9ntica base de usuarios.<\/p>\n\n<h2 class=\"wp-block-heading\">Compra aplicaciones Android e inst\u00e1lalas en todo el mundo<\/h2>\n\n<p>Mejora el alcance global de tu aplicaci\u00f3n con nuestro servicio mundial de instalaci\u00f3n de aplicaciones Android. Esta opci\u00f3n aumenta el n\u00famero de instalaciones de tu aplicaci\u00f3n en diferentes pa\u00edses, ayud\u00e1ndote a escalar posiciones en Google Play Store y a ganar exposici\u00f3n universal. Ideal para desarrolladores que buscan tener un impacto significativo a escala global, este servicio garantiza que tu aplicaci\u00f3n obtenga una base de usuarios diversa, aumentando su visibilidad y atractivo en todo el mundo.  <\/p>\n\n<h2 class=\"wp-block-heading\">Comprar aplicaci\u00f3n Android, instalar UE<\/h2>\n\n<p>Llega espec\u00edficamente al mercado de la UE con nuestro servicio de Instalaci\u00f3n de Aplicaciones Android en la UE. Adaptado para aumentar la presencia de tu aplicaci\u00f3n en Europa, este servicio ayuda a localizar tu \u00e9xito aumentando la visibilidad y la participaci\u00f3n entre los usuarios de la UE. Es perfecto para aplicaciones que se adaptan a las caracter\u00edsticas regionales o que necesitan reforzar su presencia en el ecosistema tecnol\u00f3gico de la UE.  <\/p>\n\n<h2 class=\"wp-block-heading\">Comprar aplicaci\u00f3n iOS, instalar GEO + contrase\u00f1a<\/h2>\n\n<p>Maximiza el potencial de tu aplicaci\u00f3n con instalaciones espec\u00edficas utilizando nuestro servicio de Instalaci\u00f3n de aplicaciones iOS GEO + Palabra clave. Esta oferta \u00fanica no s\u00f3lo aumenta las instalaciones de tu aplicaci\u00f3n, sino que tambi\u00e9n mejora su relevancia en localizaciones espec\u00edficas y en b\u00fasquedas de palabras clave. Ideal para desarrolladores de iOS que quieran optimizar el descubrimiento y el rendimiento de sus aplicaciones en mercados clave, este servicio aumenta tanto el n\u00famero de instalaciones como mejora la optimizaci\u00f3n de los motores de b\u00fasqueda en el App Store.  <\/p>\n\n<p><strong>\u00a1Potencia el \u00e9xito de tu aplicaci\u00f3n con nuestro servicio de Valoraciones y Descargas de Aplicaciones M\u00f3viles! Aumenta r\u00e1pidamente la visibilidad, atrae a m\u00e1s usuarios y acelera el crecimiento. <\/strong><\/p>\n\n<h2 class=\"wp-block-heading\">\u00bfCu\u00e1les son las ventajas de comprar descargas de aplicaciones m\u00f3viles?<\/h2>\n\n<p>Comprar descargas de aplicaciones m\u00f3viles ofrece una serie de ventajas que pueden mejorar significativamente la presencia y el rendimiento de tu aplicaci\u00f3n:<\/p>\n\n<ol class=\"wp-block-list\">\n<li><strong>Mayor visibilidad <br\/><\/strong>Comprar descargas aumenta la exposici\u00f3n de tu aplicaci\u00f3n en los rankings de las tiendas, atrayendo m\u00e1s atenci\u00f3n de los usuarios potenciales.<br\/><\/li>\n\n\n\n<li><strong>Mayor credibilidad <br\/><\/strong>Un elevado n\u00famero de descargas hace que tu aplicaci\u00f3n parezca m\u00e1s fiable y favorecida, atrayendo a m\u00e1s usuarios.<br\/><\/li>\n\n\n\n<li><strong>Crecimiento org\u00e1nico acelerado <br\/><\/strong>Con mayor visibilidad y credibilidad, es m\u00e1s probable que tu aplicaci\u00f3n consiga descargas org\u00e1nicas, ya que los usuarios se sienten atra\u00eddos por las aplicaciones que parecen populares.<br\/><\/li>\n\n\n\n<li><strong>Entrada r\u00e1pida en mercados competitivos <br\/><\/strong>Para las nuevas aplicaciones, la compra de descargas puede proporcionar un comienzo r\u00e1pido en mercados abarrotados, ayudando a establecer una presencia mucho m\u00e1s r\u00e1pida que el crecimiento org\u00e1nico por s\u00ed solo.<br\/><\/li>\n\n\n\n<li><strong>Mejores valoraciones en la App Store <br\/><\/strong>Como las tiendas de aplicaciones valoran m\u00e1s favorablemente las aplicaciones con m\u00e1s descargas, esto puede dar lugar a una mayor visibilidad a largo plazo.<br\/><\/li>\n\n\n\n<li><strong>Informaci\u00f3n valiosa sobre el usuario <br\/><\/strong>Una base de usuarios m\u00e1s amplia proporciona m\u00e1s datos y opiniones, esenciales para perfeccionar tu aplicaci\u00f3n y mejorar la experiencia del usuario.<\/li>\n<\/ol>\n\n<p>Estas ventajas ayudan a establecer y mantener una posici\u00f3n fuerte en el mercado, lo que es esencial para el \u00e9xito de cualquier aplicaci\u00f3n m\u00f3vil.<\/p>\n\n<h2 class=\"wp-block-heading\">\u00bfEs seguro comprar descargas de aplicaciones para m\u00f3viles?<\/h2>\n\n<p>Comprar descargas de aplicaciones para m\u00f3viles puede ser seguro si eliges un sitio aut\u00e9ntico y con buena reputaci\u00f3n. Estos sitios garantizan que las descargas proceden de usuarios reales y cumplen las pol\u00edticas de las tiendas de aplicaciones, minimizando el riesgo de sanciones o prohibiciones. Es crucial comprobar la credibilidad del proveedor y asegurarse de que ofrece servicios aut\u00e9nticos que se ajustan a las directrices de las respectivas tiendas de aplicaciones para proteger la integridad de tu aplicaci\u00f3n y tu inversi\u00f3n.  <\/p>\n\n<figure class=\"wp-block-image size-full\"><img fetchpriority=\"high\" decoding=\"async\" width=\"800\" height=\"600\" src=\"https:\/\/comprarseguidores.io\/wp-content\/uploads\/2024\/06\/Comprar-downloads-de-aplicativos.png\" alt=\"\" class=\"wp-image-9627\" srcset=\"https:\/\/comprarseguidores.io\/wp-content\/uploads\/2024\/06\/Comprar-downloads-de-aplicativos.png 800w, https:\/\/comprarseguidores.io\/wp-content\/uploads\/2024\/06\/Comprar-downloads-de-aplicativos-300x225.png 300w, https:\/\/comprarseguidores.io\/wp-content\/uploads\/2024\/06\/Comprar-downloads-de-aplicativos-768x576.png 768w, https:\/\/comprarseguidores.io\/wp-content\/uploads\/2024\/06\/Comprar-downloads-de-aplicativos-441x331.png 441w, https:\/\/comprarseguidores.io\/wp-content\/uploads\/2024\/06\/Comprar-downloads-de-aplicativos-150x113.png 150w\" sizes=\"(max-width: 800px) 100vw, 800px\" \/><\/figure>\n\n<h2 class=\"wp-block-heading\">\u00bfC\u00f3mo compro descargas de aplicaciones para m\u00f3viles?<\/h2>\n\n<p>Comprar descargas de aplicaciones m\u00f3viles es un proceso sencillo y eficaz. En primer lugar, s\u00f3lo tienes que introducir la URL de tu aplicaci\u00f3n en el campo designado en el sitio web del proveedor de servicios. A continuaci\u00f3n, selecciona la cantidad de descargas que deseas comprar en funci\u00f3n de tus objetivos y presupuesto. Una vez completado el pedido, el servicio suele comenzar en pocas horas, lo que te permite ver el impacto casi de inmediato.   <\/p>\n\n<p>Este m\u00e9todo sin complicaciones mejora r\u00e1pidamente la visibilidad y la base de usuarios de tu aplicaci\u00f3n, por lo que es una opci\u00f3n conveniente para los desarrolladores que quieren mejorar r\u00e1pidamente la posici\u00f3n de su aplicaci\u00f3n en el mercado.<\/p>\n\n<ol class=\"wp-block-list\">\n<li>Introduce la URL de tu aplicaci\u00f3n en el campo designado.<\/li>\n\n\n\n<li>Selecciona el n\u00famero deseado de descargas.<\/li>\n\n\n\n<li>Finaliza la transacci\u00f3n completando tu pedido.<\/li>\n\n\n\n<li>El servicio suele empezar en pocas horas.<\/li>\n\n\n\n<li>Observa un aumento de las descargas casi al instante.<\/li>\n<\/ol>\n\n<h2 class=\"wp-block-heading\">\u00bfCu\u00e1nto cuestan 1000 descargas de aplicaciones m\u00f3viles?<\/h2>\n\n<p>El coste de comprar 1000 descargas de aplicaciones m\u00f3viles puede variar entre 100 y 1000 d\u00f3lares. Esta variaci\u00f3n de precio suele depender de la calidad de las descargas y de las caracter\u00edsticas espec\u00edficas del mercado objetivo, como la ubicaci\u00f3n geogr\u00e1fica y los niveles de compromiso de los usuarios. Las opciones m\u00e1s caras suelen garantizar usuarios m\u00e1s comprometidos y datos demogr\u00e1ficos espec\u00edficos, lo que puede aportar m\u00e1s valor al rendimiento y la clasificaci\u00f3n general de tu aplicaci\u00f3n.  <\/p>\n\n<h2 class=\"wp-block-heading\">\u00bfC\u00f3mo puedo conseguir m\u00e1s descargas de aplicaciones m\u00f3viles?<\/h2>\n\n<p>Para aumentar las descargas de tu aplicaci\u00f3n m\u00f3vil, ten en cuenta estas estrategias eficaces:<\/p>\n\n<ol class=\"wp-block-list\">\n<li><strong>Optimiza la presencia en la App Store<\/strong>: Mejora el t\u00edtulo, la descripci\u00f3n y los elementos visuales de tu aplicaci\u00f3n para aumentar su visibilidad en las b\u00fasquedas de la tienda de aplicaciones.<\/li>\n\n\n\n<li><strong>Utiliza las redes sociales<\/strong>: Promociona tu aplicaci\u00f3n con anuncios espec\u00edficos y publicaciones atractivas en plataformas como Facebook, Instagram y Twitter.<\/li>\n\n\n\n<li><strong>Colabora con personas infl<\/strong>uyentes: As\u00f3ciate con personas influyentes del nicho de tu aplicaci\u00f3n para llegar a un p\u00fablico m\u00e1s amplio.<\/li>\n\n\n\n<li><strong>Haz publicidad<\/strong>: Aparece en blogs de tecnolog\u00eda o en medios de comunicaci\u00f3n para generar expectaci\u00f3n.<\/li>\n\n\n\n<li><strong>Implementa el marketing por correo electr\u00f3nico<\/strong>: Promociona tu aplicaci\u00f3n por correo electr\u00f3nico entre los clientes existentes con enlaces de descarga directa.<\/li>\n\n\n\n<li><strong>Invierte en anuncios de App Store<\/strong>: Utiliza plataformas como <a href=\"https:\/\/instapage.com\/blog\/universal-app-campaigns\/\">las Campa\u00f1as Universales de Apps de Google<\/a> y <a href=\"https:\/\/searchads.apple.com\/\">los Anuncios de B\u00fasqueda de Apple<\/a> para aparecer de forma m\u00e1s destacada.<\/li>\n\n\n\n<li><strong>Crea programas de recomendaci\u00f3n<\/strong>: Ofrece incentivos a los usuarios para que recomienden tu aplicaci\u00f3n a otras personas.<\/li>\n\n\n\n<li><strong>Actualiza regularmente la aplicaci\u00f3n<\/strong>: mejora las funcionalidades y la experiencia de usuario bas\u00e1ndote en las opiniones para mantener altas las valoraciones.<\/li>\n\n\n\n<li><strong>Promoci\u00f3n cruzada<\/strong>: Al\u00edate con otras aplicaciones para promocionarte mutuamente.<\/li>\n\n\n\n<li><strong>Optimiza el<\/strong> SEO: Aseg\u00farate de que el sitio web o la p\u00e1gina de destino de tu aplicaci\u00f3n est\u00e1n optimizados para el SEO, a fin de atraer m\u00e1s visitantes.<\/li>\n<\/ol>\n\n<p>Estas acciones pueden aumentar eficazmente las descargas de tu aplicaci\u00f3n al mejorar la visibilidad y el compromiso con los usuarios potenciales.<\/p>\n\n<h2 class=\"wp-block-heading\">\u00bfPor qu\u00e9 comprarseguidores.io es el mejor sitio para comprar descargas de aplicaciones para m\u00f3viles?<\/h2>\n\n<p>comprarseguidores.io es c\u00e9lebre por sus servicios fiables para aumentar las descargas de aplicaciones m\u00f3viles, siguiendo estrictamente las directrices de la plataforma para proporcionar compromisos aut\u00e9nticos y activos. El servicio mejora r\u00e1pidamente la visibilidad y las descargas de tu aplicaci\u00f3n, mostrando a menudo resultados significativos en s\u00f3lo unas horas. <\/p>\n\n<p>Adem\u00e1s, comprarseguidores.io es conocido por su excepcional atenci\u00f3n al cliente, por ofrecer diversos paquetes que se adaptan a diferentes presupuestos y por hacer hincapi\u00e9 en las transacciones seguras para proteger tu informaci\u00f3n personal y financiera. En general, ofrece una soluci\u00f3n fiable y eficaz que mejora significativamente la posici\u00f3n de tu aplicaci\u00f3n en las tiendas de aplicaciones. <\/p>\n\n<h2 class=\"wp-block-heading\">comprarseguidores.io ofrece los siguientes paquetes de descarga de aplicaciones m\u00f3viles activas:<\/h2>\n\n<ul class=\"wp-block-list\">\n<li>100 descargas de aplicaciones m\u00f3viles<\/li>\n\n\n\n<li>500 descargas de aplicaciones m\u00f3viles<\/li>\n\n\n\n<li>1000 descargas de aplicaciones m\u00f3viles<\/li>\n\n\n\n<li>5000 descargas de aplicaciones m\u00f3viles<\/li>\n\n\n\n<li>10.000 descargas de aplicaciones m\u00f3viles<\/li>\n<\/ul>\n\n<h1 class=\"wp-block-heading\">PREGUNTAS FRECUENTES<\/h1>\n\n<div data-schema-only=\"false\" class=\"wp-block-aioseo-faq\"><h3 class=\"aioseo-faq-block-question\"><strong>S\u00e3o downloads reais de aplicativos m\u00f3veis?<\/strong><\/h3><div class=\"aioseo-faq-block-answer\">\n<p>S\u00ed, se trata de descargas reales de aplicaciones m\u00f3viles de usuarios activos.<\/p>\n<\/div><\/div>\n\n<div data-schema-only=\"false\" class=\"wp-block-aioseo-faq\"><h3 class=\"aioseo-faq-block-question\"><strong>Um alto n\u00famero de downloads pode aumentar o engajamento org\u00e2nico?<\/strong><\/h3><div class=\"aioseo-faq-block-answer\">\n<p>S\u00ed, un elevado n\u00famero de descargas puede aumentar el compromiso org\u00e1nico de las aplicaciones m\u00f3viles. M\u00e1s descargas mejoran la visibilidad de la aplicaci\u00f3n en los rankings de b\u00fasqueda y recomendaciones, atrayendo m\u00e1s descargas org\u00e1nicas. Esta visibilidad tambi\u00e9n fomenta m\u00e1s interacciones de los usuarios, como rese\u00f1as y valoraciones, mejorando la credibilidad y los niveles de actividad de la aplicaci\u00f3n.  <\/p>\n<\/div><\/div>\n\n<div data-schema-only=\"false\" class=\"wp-block-aioseo-faq\"><h3 class=\"aioseo-faq-block-question\"><strong>Por que voc\u00ea deveria comprar downloads de aplicativos m\u00f3veis?<\/strong><\/h3><div class=\"aioseo-faq-block-answer\">\n<p>Comprar descargas de aplicaciones m\u00f3viles puede mejorar la presencia y reputaci\u00f3n de tu aplicaci\u00f3n en las plataformas de tiendas de aplicaciones, haci\u00e9ndola m\u00e1s atractiva para los usuarios potenciales. Este mayor atractivo a menudo se traduce en descargas adicionales, ya que los usuarios suelen considerar que un elevado n\u00famero de descargas es un indicador de la calidad y fiabilidad de la aplicaci\u00f3n. <\/p>\n<\/div><\/div>\n\n<div data-schema-only=\"false\" class=\"wp-block-aioseo-faq\"><h3 class=\"aioseo-faq-block-question\"><strong>Quantos downloads de aplicativos m\u00f3veis devo comprar?<\/strong><\/h3><div class=\"aioseo-faq-block-answer\">\n<p>El n\u00famero de descargas de aplicaciones m\u00f3viles que debes comprar depende de tus objetivos. Para una visibilidad r\u00e1pida, compra m\u00e1s; para un crecimiento gradual, compra menos. Ajusta la cantidad seg\u00fan tu estrategia y objetivos de marketing.  <\/p>\n<\/div><\/div>\n\n<div data-schema-only=\"false\" class=\"wp-block-aioseo-faq\"><h3 class=\"aioseo-faq-block-question\"><strong>Comprar downloads \u00e9 uma a\u00e7\u00e3o frequentemente praticada?<\/strong><\/h3><div class=\"aioseo-faq-block-answer\">\n<p>S\u00ed, comprar descargas de aplicaciones m\u00f3viles es una t\u00e1ctica com\u00fan utilizada por algunos desarrolladores y vendedores para aumentar r\u00e1pidamente la visibilidad y la clasificaci\u00f3n de una aplicaci\u00f3n en las tiendas de aplicaciones.<\/p>\n<\/div><\/div>\n\n<div data-schema-only=\"false\" class=\"wp-block-aioseo-faq\"><h3 class=\"aioseo-faq-block-question\"><strong>\u00c9 poss\u00edvel ser banido por comprar downloads de aplicativos m\u00f3veis?<\/strong><\/h3><div class=\"aioseo-faq-block-answer\">\n<p>Comprar descargas de aplicaciones m\u00f3viles en sitios de confianza y leg\u00edtimos suele evitar el riesgo de prohibici\u00f3n, porque estos servicios siguen la normativa de las tiendas de aplicaciones y ofrecen descargas aut\u00e9nticas y activas.<\/p>\n<\/div><\/div>\n\n<div data-schema-only=\"false\" class=\"wp-block-aioseo-faq\"><h3 class=\"aioseo-faq-block-question\"><strong>Quais benef\u00edcios posso esperar ao comprar downloads de aplicativos m\u00f3veis?<\/strong><\/h3><div class=\"aioseo-faq-block-answer\">\n<p>Comprar descargas de aplicaciones m\u00f3viles puede aumentar significativamente la visibilidad y credibilidad de tu aplicaci\u00f3n, mejorando su clasificaci\u00f3n en los resultados de b\u00fasqueda de la tienda de aplicaciones y haci\u00e9ndola parecer m\u00e1s fiable a los usuarios potenciales. Esta percepci\u00f3n mejorada puede acelerar el crecimiento org\u00e1nico, atraer inversores y mejorar las m\u00e9tricas generales de la tienda de aplicaciones, impulsando el \u00e9xito de tu aplicaci\u00f3n en el competitivo mercado. <\/p>\n<\/div><\/div>\n\n<div data-schema-only=\"false\" class=\"wp-block-aioseo-faq\"><h3 class=\"aioseo-faq-block-question\"><strong>Quanto tempo at\u00e9 eu ver os resultados?<\/strong><\/h3><div class=\"aioseo-faq-block-answer\">\n<p>Ver\u00e1s los resultados casi inmediatamente despu\u00e9s de que se haya procesado tu pedido, normalmente en unas pocas horas.<\/p>\n<\/div><\/div>\n\n<div data-schema-only=\"false\" class=\"wp-block-aioseo-faq\"><h3 class=\"aioseo-faq-block-question\"><strong>O que fazer se meu pedido n\u00e3o for entregue?<\/strong><\/h3><div class=\"aioseo-faq-block-answer\">\n<p>Si tu pedido no se entrega, comprueba la confirmaci\u00f3n del pedido y los detalles del pago para asegurarte de que todo es correcto. A continuaci\u00f3n, ponte en contacto con el servicio de atenci\u00f3n al cliente con la informaci\u00f3n de tu pedido para resolver el problema. Deber\u00edan poder ayudarte y ofrecerte una soluci\u00f3n.  <\/p>\n<\/div><\/div>\n\n<div data-schema-only=\"false\" class=\"wp-block-aioseo-faq\"><h3 class=\"aioseo-faq-block-question\"><strong>Quais m\u00e9todos de pagamento voc\u00ea oferece?<\/strong><\/h3><div class=\"aioseo-faq-block-answer\">\n<p>Ofrecemos diversos m\u00e9todos de pago, como tarjetas de cr\u00e9dito, PayPal y, en algunos casos, criptomonedas. Esta variedad te permite elegir la opci\u00f3n m\u00e1s conveniente para tus transacciones. <\/p>\n<\/div><\/div>\n","protected":false},"excerpt":{"rendered":"<p>\u00a1Empieza hoy mismo a mejorar el rendimiento de tu aplicaci\u00f3n!<\/p>\n<p>\ud83c\udf1f Descargas aut\u00e9nticas de aplicaciones <br \/>\ud83d\udd0d Aut\u00e9ntico compromiso del usuario <br \/>\ud83c\udfc1 Entrega r\u00e1pida <br \/>\ud83d\ude80 Push eficaz <br \/>\ud83d\udcc8 Aumenta la visibilidad<\/p>\n<p><strong>\u00a1Aumenta la visibilidad y credibilidad de tu aplicaci\u00f3n f\u00e1cilmente con nuestro servicio de Descargas de Aplicaciones M\u00f3viles!<\/strong><\/p>\n","protected":false},"featured_media":9611,"comment_status":"open","ping_status":"closed","template":"","meta":[],"product_brand":[],"product_cat":[134],"product_tag":[],"class_list":{"0":"post-14031","1":"product","2":"type-product","3":"status-publish","4":"has-post-thumbnail","6":"product_cat-aplicacion-movil","8":"first","9":"outofstock","10":"shipping-taxable","11":"purchasable","12":"product-type-variable"},"aioseo_notices":[],"_links":{"self":[{"href":"https:\/\/comprarseguidores.io\/es\/wp-json\/wp\/v2\/product\/14031","targetHints":{"allow":["GET"]}}],"collection":[{"href":"https:\/\/comprarseguidores.io\/es\/wp-json\/wp\/v2\/product"}],"about":[{"href":"https:\/\/comprarseguidores.io\/es\/wp-json\/wp\/v2\/types\/product"}],"replies":[{"embeddable":true,"href":"https:\/\/comprarseguidores.io\/es\/wp-json\/wp\/v2\/comments?post=14031"}],"version-history":[{"count":1,"href":"https:\/\/comprarseguidores.io\/es\/wp-json\/wp\/v2\/product\/14031\/revisions"}],"predecessor-version":[{"id":14074,"href":"https:\/\/comprarseguidores.io\/es\/wp-json\/wp\/v2\/product\/14031\/revisions\/14074"}],"wp:featuredmedia":[{"embeddable":true,"href":"https:\/\/comprarseguidores.io\/es\/wp-json\/wp\/v2\/media\/9611"}],"wp:attachment":[{"href":"https:\/\/comprarseguidores.io\/es\/wp-json\/wp\/v2\/media?parent=14031"}],"wp:term":[{"taxonomy":"product_brand","embeddable":true,"href":"https:\/\/comprarseguidores.io\/es\/wp-json\/wp\/v2\/product_brand?post=14031"},{"taxonomy":"product_cat","embeddable":true,"href":"https:\/\/comprarseguidores.io\/es\/wp-json\/wp\/v2\/product_cat?post=14031"},{"taxonomy":"product_tag","embeddable":true,"href":"https:\/\/comprarseguidores.io\/es\/wp-json\/wp\/v2\/product_tag?post=14031"}],"curies":[{"name":"wp","href":"https:\/\/api.w.org\/{rel}","templated":true}]}}