{"id":14093,"date":"2025-03-29T07:31:04","date_gmt":"2025-03-29T07:31:04","guid":{"rendered":"https:\/\/comprarseguidores.io\/product\/comprar-vistas-de-telegram-2\/"},"modified":"2025-04-06T18:25:20","modified_gmt":"2025-04-06T18:25:20","slug":"comprar-vistas-de-telegram-2","status":"publish","type":"product","link":"https:\/\/comprarseguidores.io\/es\/product\/comprar-vistas-de-telegram-2\/","title":{"rendered":"Comprar vistas de Telegram"},"content":{"rendered":"\n<h2 class=\"wp-block-heading\">Comprar vistas de Telegram<\/h2>\n\n<p>Comprar visitas en Telegram ofrece varias ventajas importantes para aumentar el alcance y el impacto de tu contenido en la plataforma. En primer lugar, aumenta la popularidad aparente de tus publicaciones, lo que puede atraer a m\u00e1s espectadores org\u00e1nicos y seguidores potenciales aprovechando el efecto psicol\u00f3gico de la prueba social; es m\u00e1s probable que la gente interact\u00fae con contenido que parece popular. Esta mayor visibilidad tambi\u00e9n puede mejorar la actividad general en tu canal, lo que conduce a mayores tasas de participaci\u00f3n, como m\u00e1s me gusta, comentarios y compartidos.  <\/p>\n\n<p>Adem\u00e1s, tener un mayor n\u00famero de visualizaciones puede impulsar el <a href=\"https:\/\/acsius.com\/blog\/how-to-rank-your-telegram-channel-in-search-results-a-comprehensive-guide\/\">ranking de tu contenido<\/a> dentro de Telegram, aumentando las posibilidades de que aparezca en los resultados de b\u00fasqueda y sugerencias, ampliando a\u00fan m\u00e1s tu alcance. En definitiva, comprar visualizaciones puede ser una estrategia para impulsar el crecimiento y establecer una presencia m\u00e1s sustancial en Telegram, especialmente para canales nuevos o m\u00e1s peque\u00f1os que luchan por ganar visibilidad org\u00e1nicamente. <\/p>\n\n<h2 class=\"wp-block-heading\">Comprar Vistas Mundiales en Telegram<\/h2>\n\n<p>Impulsa tu presencia en Telegram con nuestro paquete Vistas Globales. Este servicio ofrece visualizaciones globales en tus publicaciones de Telegram, ayud\u00e1ndote a llegar a un p\u00fablico m\u00e1s amplio y a aumentar la visibilidad de tu canal. Al atraer a espectadores de todo el mundo, puedes aumentar significativamente el compromiso y la credibilidad. Nuestras visualizaciones se entregan r\u00e1pidamente y est\u00e1n dise\u00f1adas para dar a tu contenido la exposici\u00f3n internacional que merece.   <\/p>\n\n<h2 class=\"wp-block-heading\">Comprar Visualizaciones Europeas + Estad\u00edsticas en Telegram<\/h2>\n\n<p>Mejora el impacto de tu canal de Telegram en Europa con nuestro paquete Vistas Europeas + Estad\u00edsticas. Este servicio no s\u00f3lo proporciona visualizaciones espec\u00edficas de usuarios europeos, sino que tambi\u00e9n incluye estad\u00edsticas detalladas para ayudarte a analizar y optimizar el rendimiento de tu contenido. Con informaci\u00f3n regional y datos precisos, puedes adaptar tus estrategias para atraer mejor a tu audiencia europea, impulsando un mayor compromiso y crecimiento de tu canal.  <\/p>\n\n<p>Mantener el equilibrio adecuado de reacciones, miembros de grupo, comentarios, visualizaciones, comparticiones autom\u00e1ticas e impulsos SEO en Telegram puede mejorar tus estad\u00edsticas y aumentar tu visibilidad en la plataforma.<\/p>\n\n<h2 class=\"wp-block-heading\">\u00bfCu\u00e1les son las ventajas de comprar visitas en Telegram?<\/h2>\n\n<p>Comprar visitas en Telegram ofrece varias ventajas que pueden aumentar significativamente la presencia y eficacia de tu canal:<\/p>\n\n<ul class=\"wp-block-list\">\n<li><strong>Mayor visibilidad<\/strong>: Un mayor n\u00famero de visitas hace que tus publicaciones sean m\u00e1s atractivas y visibles, atrayendo m\u00e1s la atenci\u00f3n de posibles nuevos seguidores y aumentando las interacciones org\u00e1nicas.<\/li>\n\n\n\n<li><strong>Mayor confianza:<\/strong> Los canales con muchas visitas suelen considerarse m\u00e1s respetables, lo que anima a m\u00e1s usuarios a tomarse en serio tu contenido e interactuar con \u00e9l.<\/li>\n\n\n\n<li><strong>Mayor compromiso: <\/strong>Las publicaciones con m\u00e1s visitas tienden a atraer m\u00e1s me gusta, comentarios y comparticiones, promoviendo una comunidad activa y estimulando un mayor compromiso.<\/li>\n\n\n\n<li><strong>Favorabilidad algor\u00edtmica<\/strong>: Las plataformas como Telegram tienden a dar prioridad a los contenidos con mayor engagement, lo que significa que un mayor n\u00famero de visualizaciones puede mejorar el alcance de tus publicaciones dentro de la plataforma.<\/li>\n\n\n\n<li><strong>Resultados inmediatos:<\/strong> Comprar visualizaciones puede aumentar r\u00e1pidamente el impacto de tu contenido, especialmente \u00fatil para promocionar actualizaciones importantes o campa\u00f1as que necesitan una exposici\u00f3n r\u00e1pida.<\/li>\n\n\n\n<li><strong>Llegar a audiencias espec\u00edficas<\/strong>: Algunos servicios te permiten dirigir las visualizaciones a zonas geogr\u00e1ficas o demogr\u00e1ficas espec\u00edficas, apoyando los esfuerzos por personalizar estrat\u00e9gicamente el crecimiento de tu audiencia.<\/li>\n<\/ul>\n\n<h2 class=\"wp-block-heading\">\u00bfEs seguro comprar visitas en Telegram?<\/h2>\n\n<p>S\u00ed, comprar vistas en Telegram puede ser seguro si eliges comprar en sitios aut\u00e9nticos y con buena reputaci\u00f3n. Estos proveedores leg\u00edtimos garantizan que sus m\u00e9todos cumplen <a href=\"https:\/\/telegram.org\/privacy?setln=fa\">las pol\u00edticas de Telegram<\/a>, minimizando el riesgo de repercusiones negativas para tu cuenta. Es importante seleccionar proveedores que describan de forma transparente su proceso y que obtengan sus visualizaciones de usuarios reales, en lugar de bots o sistemas automatizados, para mantener la integridad y credibilidad de tu canal.  <\/p>\n\n<p>Investiga siempre a fondo, lee opiniones y quiz\u00e1s prueba primero una compra menor para asegurarte de la calidad y seguridad del servicio.<\/p>\n\n<figure class=\"wp-block-image size-full\"><a href=\"https:\/\/comprarseguidores.io\/wp-content\/uploads\/2024\/06\/Comprar-visualizacoes-Telegram-1.png\"><img fetchpriority=\"high\" decoding=\"async\" width=\"800\" height=\"600\" src=\"https:\/\/comprarseguidores.io\/wp-content\/uploads\/2024\/06\/Comprar-visualizacoes-Telegram-1.png\" alt=\"Comprar vistas de Telegram\" class=\"wp-image-9720\" srcset=\"https:\/\/comprarseguidores.io\/wp-content\/uploads\/2024\/06\/Comprar-visualizacoes-Telegram-1.png 800w, https:\/\/comprarseguidores.io\/wp-content\/uploads\/2024\/06\/Comprar-visualizacoes-Telegram-1-300x225.png 300w, https:\/\/comprarseguidores.io\/wp-content\/uploads\/2024\/06\/Comprar-visualizacoes-Telegram-1-768x576.png 768w, https:\/\/comprarseguidores.io\/wp-content\/uploads\/2024\/06\/Comprar-visualizacoes-Telegram-1-441x331.png 441w, https:\/\/comprarseguidores.io\/wp-content\/uploads\/2024\/06\/Comprar-visualizacoes-Telegram-1-150x113.png 150w\" sizes=\"(max-width: 800px) 100vw, 800px\" \/><\/a><\/figure>\n\n<h2 class=\"wp-block-heading\">\u00bfC\u00f3mo comprar visitas en Telegram?<\/h2>\n\n<p>Comprar visitas en Telegram es un proceso sencillo y eficaz que puede aumentar r\u00e1pidamente la visibilidad de tu contenido. Para empezar, s\u00f3lo tienes que visitar el sitio web de un proveedor de servicios fiable, introducir la URL de tu canal de Telegram o publicaci\u00f3n espec\u00edfica en el campo designado y seleccionar el n\u00famero de visualizaciones que deseas comprar. Tras completar tu pedido con un pago seguro, el servicio suele comenzar en pocas horas, lo que te permite ver un aumento inmediato de las visitas. Este m\u00e9todo sin complicaciones est\u00e1 dise\u00f1ado para ser f\u00e1cil de usar, garantizando que cualquiera pueda ampliar el alcance y el impacto de su contenido en Telegram con el m\u00ednimo esfuerzo.   <\/p>\n\n<ol class=\"wp-block-list\">\n<li>Introduce la URL de tu canal de Telegram o de una publicaci\u00f3n concreta.<\/li>\n\n\n\n<li>Selecciona cu\u00e1ntas visualizaciones quieres comprar en funci\u00f3n de tus necesidades y presupuesto.<\/li>\n\n\n\n<li>Rellena la informaci\u00f3n de pago necesaria y finaliza tu compra.<\/li>\n\n\n\n<li>El servicio suele empezar a las pocas horas de la compra.<\/li>\n\n\n\n<li>Observa c\u00f3mo aumenta el n\u00famero de visualizaciones de tu contenido de Telegram poco despu\u00e9s de que se inicie el servicio.<\/li>\n<\/ol>\n\n<h2 class=\"wp-block-heading\">\u00bfCu\u00e1nto cuestan 1.000 visualizaciones en Telegram?<\/h2>\n\n<p>El coste de 1000 visualizaciones en Telegram puede variar en funci\u00f3n del proveedor y de las funciones adicionales que incluya el servicio, como dirigirse a grupos demogr\u00e1ficos espec\u00edficos o tiempos de entrega m\u00e1s r\u00e1pidos. Normalmente, los precios pueden oscilar entre 1 y 10 d\u00f3lares por 1000 visualizaciones. Es importante que investigues y compares los precios de proveedores fiables para asegurarte de que est\u00e1s haciendo un buen negocio, al tiempo que mantienes la calidad y seguridad del servicio.  <\/p>\n\n<h2 class=\"wp-block-heading\">\u00bfC\u00f3mo puedo conseguir m\u00e1s visitas en Telegram?<\/h2>\n\n<p>Para aumentar las visualizaciones de tu contenido en Telegram de forma eficaz, ten en cuenta estas estrategias:<\/p>\n\n<ol class=\"wp-block-list\">\n<li><strong>Crea contenido atractivo<\/strong>: Publica regularmente contenido relevante y de alta calidad para mantener el inter\u00e9s de tu audiencia.<\/li>\n\n\n\n<li><strong>Promociona tu canal<\/strong>: Utiliza otras plataformas de medios sociales y tu sitio web para dirigir tr\u00e1fico a tu contenido en Telegram.<\/li>\n\n\n\n<li><strong>Optimiza para SEO: <\/strong>Incluye palabras clave relevantes en la descripci\u00f3n de tu canal y en tus publicaciones para aumentar la capacidad de descubrimiento de tu contenido.<\/li>\n\n\n\n<li><strong>Colabora:<\/strong> As\u00f3ciate con otros canales de Telegram para una promoci\u00f3n cruzada.<\/li>\n\n\n\n<li><strong>Utiliza hashtags:<\/strong> Aplica hashtags relevantes para que sea m\u00e1s f\u00e1cil descubrir tus publicaciones.<\/li>\n\n\n\n<li><strong>Organiza concursos:<\/strong> Promueve concursos y sorteos que fomenten el intercambio y la participaci\u00f3n.<\/li>\n\n\n\n<li><strong>Compra visualizaciones<\/strong>: Considera la posibilidad de comprar visualizaciones a servicios de confianza para aumentar la visibilidad inicial de tu contenido.<\/li>\n\n\n\n<li><strong>Relaci\u00f3nate con los espectadores:<\/strong> Responde activamente a los comentarios para fomentar una comunidad vibrante.<\/li>\n<\/ol>\n\n<h2 class=\"wp-block-heading\">\u00bfPor qu\u00e9 comprarseguidores.io es el mejor sitio para comprar vistas en Telegram?<\/h2>\n\n<p>comprarseguidores.io destaca como la mejor opci\u00f3n para comprar vistas en Telegram, reconocida por su dedicaci\u00f3n a la calidad, fiabilidad y satisfacci\u00f3n del cliente. Esta plataforma garantiza vistas aut\u00e9nticas de usuarios reales, asegurando que cada compra aumenta realmente el compromiso y la visibilidad de tu canal. Se adhieren estrictamente a las directrices de Telegram, ofreciendo servicios que minimizan el riesgo de sanciones o prohibiciones para tu canal. Los clientes pueden esperar una entrega r\u00e1pida y eficaz, y a menudo ven los resultados a las pocas horas de realizar el pedido. comprarseguidores.io tambi\u00e9n destaca en el servicio de atenci\u00f3n al cliente, ofreciendo una asistencia r\u00e1pida para cualquier pregunta o problema.    <\/p>\n\n<p>Adem\u00e1s, ofrecen una variedad de paquetes flexibles dise\u00f1ados para adaptarse a diferentes necesidades y presupuestos, todo ello mediante m\u00e9todos de transacci\u00f3n seguros para proteger tus datos financieros. Esta combinaci\u00f3n de caracter\u00edsticas hace de comprarseguidores.io una opci\u00f3n fiable y eficaz para impulsar tu presencia en Telegram. <\/p>\n\n<h2 class=\"wp-block-heading\">comprarseguidores.io ofrece los siguientes paquetes de vistas activas en Telegram:<\/h2>\n\n<ul class=\"wp-block-list\">\n<li>500 visitas en Telegram<\/li>\n\n\n\n<li>1000 Visitas en Telegram<\/li>\n\n\n\n<li>2500 visitas en Telegram<\/li>\n\n\n\n<li>5000 visitas en Telegram<\/li>\n<\/ul>\n\n<h1 class=\"wp-block-heading\">PREGUNTAS FRECUENTES<\/h1>\n\n<div data-schema-only=\"false\" class=\"wp-block-aioseo-faq\"><h3 class=\"aioseo-faq-block-question\">Os seguintes s\u00e3o os pacotes de visualiza\u00e7\u00f5es reais do Telegram?<\/h3><div class=\"aioseo-faq-block-answer\">\n<p>S\u00ed, son visualizaciones reales de Telegram de cuentas activas y aut\u00e9nticas.<\/p>\n<\/div><\/div>\n\n<div data-schema-only=\"false\" class=\"wp-block-aioseo-faq\"><h3 class=\"aioseo-faq-block-question\">\u00c9 poss\u00edvel enfrentar uma proibi\u00e7\u00e3o por comprar visualiza\u00e7\u00f5es no Telegram?<\/h3><div class=\"aioseo-faq-block-answer\">\n<p>Comprar vistas en Telegram de fuentes reputadas que siguen las normas de Telegram es generalmente seguro. Estos proveedores cumplen las directrices de la plataforma, ofrecen un compromiso genuino y reducen el riesgo de sanciones o suspensiones de cuenta, preservando as\u00ed la integridad de tu perfil de Telegram. <\/p>\n<\/div><\/div>\n\n<div data-schema-only=\"false\" class=\"wp-block-aioseo-faq\"><h3 class=\"aioseo-faq-block-question\">Por que devo comprar visualiza\u00e7\u00f5es no Telegram?<\/h3><div class=\"aioseo-faq-block-answer\">\n<p>Comprar visualizaciones en Telegram puede aumentar la visibilidad y credibilidad de tu perfil, d\u00e1ndole un atractivo popular que atraiga a seguidores genuinos y aumente el compromiso org\u00e1nico. Este aumento de la actividad puede contribuir significativamente al crecimiento e impulso de tu canal. <\/p>\n<\/div><\/div>\n\n<div data-schema-only=\"false\" class=\"wp-block-aioseo-faq\"><h3 class=\"aioseo-faq-block-question\">Um alto n\u00famero de visualiza\u00e7\u00f5es pode aumentar o engajamento org\u00e2nico?<\/h3><div class=\"aioseo-faq-block-answer\">\n<p>S\u00ed, un elevado n\u00famero de visualizaciones puede aumentar el engagement org\u00e1nico en Telegram. Las publicaciones populares atraen m\u00e1s atenci\u00f3n, fomentando m\u00e1s interacciones como me gusta, comentarios y comparticiones, lo que puede ampliar a\u00fan m\u00e1s el alcance de la publicaci\u00f3n y atraer a nuevos seguidores, impulsando as\u00ed el engagement general del canal. <\/p>\n<\/div><\/div>\n\n<div data-schema-only=\"false\" class=\"wp-block-aioseo-faq\"><h3 class=\"aioseo-faq-block-question\">Quando verei resultados?<\/h3><div class=\"aioseo-faq-block-answer\">\n<p>Ver\u00e1s los resultados casi inmediatamente despu\u00e9s de que se haya procesado tu pedido, normalmente en unas pocas horas.<\/p>\n<\/div><\/div>\n\n<div data-schema-only=\"false\" class=\"wp-block-aioseo-faq\"><h3 class=\"aioseo-faq-block-question\">Quantas visualiza\u00e7\u00f5es no Telegram devo comprar?<\/h3><div class=\"aioseo-faq-block-answer\">\n<p>Cuando compres vistas en Telegram, empieza con una peque\u00f1a cantidad para evaluar su efecto sobre el compromiso y el crecimiento. Si tienes \u00e9xito, incrementa gradualmente tu compra para aumentar la visibilidad y atraer seguidores org\u00e1nicos, adaptando tu enfoque en funci\u00f3n de tus objetivos y de los comentarios de tu audiencia. <\/p>\n<\/div><\/div>\n\n<div data-schema-only=\"false\" class=\"wp-block-aioseo-faq\"><h3 class=\"aioseo-faq-block-question\">Comprar visualiza\u00e7\u00f5es \u00e9 uma pr\u00e1tica frequente?<\/h3><div class=\"aioseo-faq-block-answer\">\n<p>S\u00ed, comprar visualizaciones es habitual entre los usuarios que quieren aumentar r\u00e1pidamente la popularidad percibida y el compromiso de su contenido en plataformas como Telegram, lo que ayuda a atraer seguidores org\u00e1nicos y a aumentar la actividad del canal.<\/p>\n<\/div><\/div>\n\n<div data-schema-only=\"false\" class=\"wp-block-aioseo-faq\"><h3 class=\"aioseo-faq-block-question\">Quais benef\u00edcios posso esperar ao comprar visualiza\u00e7\u00f5es no Telegram?<\/h3><div class=\"aioseo-faq-block-answer\">\n<p>Comprar visualizaciones en Telegram aumenta el compromiso y la visibilidad, lo que conduce a m\u00e1s interacciones org\u00e1nicas y favoritismo por parte de los algoritmos de Telegram. Esta actividad intensificada aumenta la credibilidad de tu canal, atrae a nuevos seguidores y ayuda a acelerar el crecimiento dando forma a la narrativa de tu contenido. <\/p>\n<\/div><\/div>\n\n<div data-schema-only=\"false\" class=\"wp-block-aioseo-faq\"><h3 class=\"aioseo-faq-block-question\">O que fazer se meu pedido n\u00e3o for entregue?<\/h3><div class=\"aioseo-faq-block-answer\">\n<p>Si tu pedido no se entrega, comprueba la confirmaci\u00f3n del pedido y los detalles del pago para asegurarte de que todo es correcto. A continuaci\u00f3n, ponte en contacto con el servicio de atenci\u00f3n al cliente con la informaci\u00f3n de tu pedido para resolver el problema. Deber\u00edan poder ayudarte y ofrecerte una soluci\u00f3n.  <\/p>\n<\/div><\/div>\n\n<div data-schema-only=\"false\" class=\"wp-block-aioseo-faq\"><h3 class=\"aioseo-faq-block-question\">Quais m\u00e9todos de pagamento voc\u00ea oferece?<\/h3><div class=\"aioseo-faq-block-answer\">\n<p>Ofrecemos diversos m\u00e9todos de pago, como tarjetas de cr\u00e9dito, PayPal y, en algunos casos, criptomonedas. Esta variedad te permite elegir la opci\u00f3n m\u00e1s conveniente para tus transacciones. <\/p>\n<\/div><\/div>\n","protected":false},"excerpt":{"rendered":"<p>Opiniones 100% reales sobre Telegram \ud83d\udc40<\/p>\n<p>\ud83d\ude80 \u00a1Emocionado por aumentar tu rendimiento y elevar tu \u00e9xito!<\/p>\n<p>R\u00e1pido y f\u00e1cil <br \/>\u2713 Seguro y discreto <br \/>\u2713 Garant\u00eda de por vida<\/p>\n<p><strong>\ud83c\udfc1 Entrega r\u00e1pida<\/strong><\/p>\n<p><strong>\ud83c\udf1f Hazte popular en Telegram<\/strong><\/p>\n","protected":false},"featured_media":9655,"comment_status":"open","ping_status":"closed","template":"","meta":[],"product_brand":[],"product_cat":[133],"product_tag":[],"class_list":{"0":"post-14093","1":"product","2":"type-product","3":"status-publish","4":"has-post-thumbnail","6":"product_cat-telegrama","8":"first","9":"instock","10":"shipping-taxable","11":"purchasable","12":"product-type-variable"},"aioseo_notices":[],"_links":{"self":[{"href":"https:\/\/comprarseguidores.io\/es\/wp-json\/wp\/v2\/product\/14093","targetHints":{"allow":["GET"]}}],"collection":[{"href":"https:\/\/comprarseguidores.io\/es\/wp-json\/wp\/v2\/product"}],"about":[{"href":"https:\/\/comprarseguidores.io\/es\/wp-json\/wp\/v2\/types\/product"}],"replies":[{"embeddable":true,"href":"https:\/\/comprarseguidores.io\/es\/wp-json\/wp\/v2\/comments?post=14093"}],"version-history":[{"count":1,"href":"https:\/\/comprarseguidores.io\/es\/wp-json\/wp\/v2\/product\/14093\/revisions"}],"predecessor-version":[{"id":14107,"href":"https:\/\/comprarseguidores.io\/es\/wp-json\/wp\/v2\/product\/14093\/revisions\/14107"}],"wp:featuredmedia":[{"embeddable":true,"href":"https:\/\/comprarseguidores.io\/es\/wp-json\/wp\/v2\/media\/9655"}],"wp:attachment":[{"href":"https:\/\/comprarseguidores.io\/es\/wp-json\/wp\/v2\/media?parent=14093"}],"wp:term":[{"taxonomy":"product_brand","embeddable":true,"href":"https:\/\/comprarseguidores.io\/es\/wp-json\/wp\/v2\/product_brand?post=14093"},{"taxonomy":"product_cat","embeddable":true,"href":"https:\/\/comprarseguidores.io\/es\/wp-json\/wp\/v2\/product_cat?post=14093"},{"taxonomy":"product_tag","embeddable":true,"href":"https:\/\/comprarseguidores.io\/es\/wp-json\/wp\/v2\/product_tag?post=14093"}],"curies":[{"name":"wp","href":"https:\/\/api.w.org\/{rel}","templated":true}]}}