{"id":14168,"date":"2025-03-29T07:30:14","date_gmt":"2025-03-29T07:30:14","guid":{"rendered":"https:\/\/comprarseguidores.io\/product\/comprar-seguidores-de-twitch-2\/"},"modified":"2025-04-06T18:25:44","modified_gmt":"2025-04-06T18:25:44","slug":"comprar-seguidores-de-twitch-2","status":"publish","type":"product","link":"https:\/\/comprarseguidores.io\/es\/product\/comprar-seguidores-de-twitch-2\/","title":{"rendered":"Comprar seguidores de Twitch"},"content":{"rendered":"\n<h2 class=\"wp-block-heading\">Comprar seguidores de Twitch<\/h2>\n\n<p>Comprar seguidores de Twitch puede beneficiar significativamente a los streamers que buscan establecer y ampliar su presencia en la plataforma. La principal ventaja es una mayor visibilidad; m\u00e1s seguidores pueden hacer que tu canal parezca m\u00e1s popular y digno de confianza, atrayendo tanto a espectadores ocasionales como a jugadores dedicados. Esta popularidad percibida aumenta la capacidad de descubrimiento de tu canal, por lo que es m\u00e1s probable que aparezca en las listas de recomendados o de tendencias de Twitch, atrayendo as\u00ed espectadores org\u00e1nicos.  <\/p>\n\n<p>Adem\u00e1s, un mayor n\u00famero de seguidores puede hacer que tu canal sea m\u00e1s atractivo para posibles patrocinadores o socios, ya que sugiere una audiencia mayor y m\u00e1s comprometida. En \u00faltima instancia, comprar seguidores puede proporcionar un impulso inicial crucial para los nuevos streamers que luchan por destacar en el abarrotado panorama de Twitch, o para los streamers establecidos que buscan alcanzar nuevos hitos. <\/p>\n\n<h2 class=\"wp-block-heading\">Comprar seguidores de contracci\u00f3n lenta (10-12 d\u00edas)<\/h2>\n\n<p>Opta por un patr\u00f3n de crecimiento natural con nuestro paquete Seguidores de Twitch lentos. Este servicio proporciona seguidores gradualmente a lo largo de 10 a 12 d\u00edas, imitando la adquisici\u00f3n org\u00e1nica de seguidores y manteniendo la credibilidad de tu canal de Twitch. Es perfecto para los streamers que quieren aumentar su audiencia de forma constante sin llamar la atenci\u00f3n repentinamente sobre su n\u00famero de seguidores.  <\/p>\n\n<h2 class=\"wp-block-heading\">Comprar seguidores de Twitch r\u00e1pido (24 horas)<\/h2>\n\n<p>Impulsa tu presencia en Twitch al instante con nuestro servicio de Seguidores r\u00e1pidos de Twitch. Este paquete est\u00e1 dise\u00f1ado para conseguir seguidores en 24 horas, proporcionando un r\u00e1pido aumento de la visibilidad y el atractivo de tu canal. Ideal para streamers que necesitan un aumento inmediato de seguidores para aprovechar eventos o promociones que son tendencia.  <\/p>\n\n<p><strong>Optimizar tu canal de Twitch con una combinaci\u00f3n equilibrada de seguidores, visualizaciones, visualizaciones de retransmisiones en directo y participaci\u00f3n del chatbot puede mejorar significativamente las m\u00e9tricas de tu canal y establecer tu credibilidad.<\/strong><\/p>\n\n<h2 class=\"wp-block-heading\">\u00bfCu\u00e1les son las ventajas de comprar seguidores de Twitch?<\/h2>\n\n<p>Comprar seguidores en Twitch puede ofrecer m\u00faltiples beneficios que catalizan el desarrollo y la exposici\u00f3n de tu canal:<br\/><br\/><strong>1. Mayor visibilidad<br\/><\/strong>M\u00e1s seguidores pueden destacar tu canal de Twitch, aumentando su prominencia y la probabilidad de que sea recomendado por la plataforma, atrayendo as\u00ed visitas naturales.<br\/><br\/><strong>2. Impulso de la credibilidad<br\/><\/strong>Un n\u00famero considerable de seguidores indica a los nuevos espectadores que tu canal est\u00e1 consolidado y es digno de confianza, lo que puede aumentar la retenci\u00f3n y el compromiso de los espectadores.<br\/><br\/><strong>3. Oportunidades de patrocinio<br\/><\/strong>Una mayor audiencia puede atraer patrocinios y colaboraciones, ya que las marcas prefieren invertir en canales con una base de espectadores amplia y consolidada.<br\/><br\/><strong>4. Aumento de la prueba social<br\/><\/strong>Un elevado n\u00famero de seguidores puede fomentar un mayor crecimiento org\u00e1nico al mostrar a los seguidores potenciales que tu canal es popular y atractivo.<br\/><br\/><strong>5. Resultados inmediatos<br\/><\/strong>Comprar seguidores proporciona un r\u00e1pido aumento del n\u00famero de seguidores, ofreciendo una forma r\u00e1pida de mejorar el estatus de tu canal y ayudarte a alcanzar los objetivos de crecimiento m\u00e1s r\u00e1pidamente.<br\/><br\/><strong>6. Est\u00edmulo motivacional<br\/><\/strong>El r\u00e1pido aumento de seguidores tambi\u00e9n puede motivarte para mejorar el contenido de tu difusi\u00f3n e interactuar activamente con tu comunidad.<br\/><br\/>Estas ventajas son fundamentales para ampliar tu alcance e influencia en Twitch, estableciendo una base para un mayor \u00e9xito y compromiso de la audiencia.<\/p>\n\n<h2 class=\"wp-block-heading\">\u00bfEs seguro comprar seguidores en Twitch?<\/h2>\n\n<p>Comprar seguidores en Twitch es seguro si eliges sitios aut\u00e9nticos y reputados que cumplan <a href=\"https:\/\/safety.twitch.tv\/s\/article\/Community-Guidelines?language=en_US\">las directrices de Twitch<\/a>. Estos sitios garantizan que los seguidores son aut\u00e9nticos e interact\u00faan de forma natural, minimizando el riesgo de infringir las pol\u00edticas de la plataforma. Es crucial seleccionar proveedores que utilicen m\u00e9todos leg\u00edtimos para conseguir seguidores, con el fin de proteger tu cuenta de posibles sanciones o bloqueos. Comprueba siempre la credibilidad del servicio para garantizar una transacci\u00f3n segura y beneficiosa.   <\/p>\n\n<figure class=\"wp-block-image size-full\"><img fetchpriority=\"high\" decoding=\"async\" width=\"800\" height=\"600\" src=\"https:\/\/comprarseguidores.io\/wp-content\/uploads\/2024\/06\/Comprar-seguidores-no-Twitch-1.png\" alt=\"Comprar seguidores de Twitch\" class=\"wp-image-9405\" srcset=\"https:\/\/comprarseguidores.io\/wp-content\/uploads\/2024\/06\/Comprar-seguidores-no-Twitch-1.png 800w, https:\/\/comprarseguidores.io\/wp-content\/uploads\/2024\/06\/Comprar-seguidores-no-Twitch-1-300x225.png 300w, https:\/\/comprarseguidores.io\/wp-content\/uploads\/2024\/06\/Comprar-seguidores-no-Twitch-1-768x576.png 768w, https:\/\/comprarseguidores.io\/wp-content\/uploads\/2024\/06\/Comprar-seguidores-no-Twitch-1-441x331.png 441w, https:\/\/comprarseguidores.io\/wp-content\/uploads\/2024\/06\/Comprar-seguidores-no-Twitch-1-150x113.png 150w\" sizes=\"(max-width: 800px) 100vw, 800px\" \/><\/figure>\n\n<h2 class=\"wp-block-heading\">\u00bfC\u00f3mo comprar seguidores en Twitch?<\/h2>\n\n<p>Comprar seguidores en Twitch es un proceso sencillo y eficaz. S\u00f3lo tienes que visitar el sitio web de un proveedor de servicios fiable e introducir la URL de tu canal de Twitch en el campo especificado. A continuaci\u00f3n, selecciona el n\u00famero deseado de seguidores entre las opciones disponibles, asegur\u00e1ndote de que se ajusta a tus objetivos de crecimiento. Una vez que hayas hecho tu elecci\u00f3n, completa la compra finalizando el pago.   <\/p>\n\n<p>La entrega de seguidores suele comenzar en pocas horas, lo que te permite ver un aumento inmediato del n\u00famero de seguidores. Este m\u00e9todo sin complicaciones est\u00e1 dise\u00f1ado para mejorar r\u00e1pidamente tu presencia en Twitch sin procedimientos complejos. <\/p>\n\n<ol class=\"wp-block-list\">\n<li>Introduce la URL de tu canal de Twitch en el campo correspondiente.<\/li>\n\n\n\n<li>Elige cu\u00e1ntos seguidores quieres de los paquetes disponibles.<\/li>\n\n\n\n<li>Pasa por caja y finaliza el pago.<\/li>\n\n\n\n<li>Los seguidores suelen empezar a aparecer en tu canal en pocas horas.<\/li>\n<\/ol>\n\n<h2 class=\"wp-block-heading\">\u00bfCu\u00e1nto cuestan 1.000 seguidores de Twitch?<\/h2>\n\n<p>El coste de comprar 1000 seguidores en Twitch var\u00eda de 6 a 30 $, dependiendo de si optas por las opciones de entrega lenta o r\u00e1pida. La entrega lenta suele costar menos y proporciona seguidores gradualmente durante un periodo m\u00e1s largo, lo que puede parecer m\u00e1s natural. Por otro lado, la entrega r\u00e1pida proporciona seguidores m\u00e1s r\u00e1pidamente, pero a un precio m\u00e1s elevado. Esta estructura de precios te permite elegir el servicio que mejor se adapte a tu presupuesto y estrategia de crecimiento.   <\/p>\n\n<h2 class=\"wp-block-heading\">\u00bfC\u00f3mo puedo conseguir m\u00e1s seguidores en Twitch?<\/h2>\n\n<p>Estos m\u00e9todos pueden ayudarte a hacer crecer tu <a href=\"https:\/\/www.twitch.tv\/\">canal de Twitch<\/a> mejorando la visibilidad y el compromiso. Para aumentar tus seguidores de Twitch de forma eficaz, ten en cuenta estas estrategias simplificadas: <\/p>\n\n<ol class=\"wp-block-list\">\n<li>Mant\u00e9n <strong>un horario coherente<\/strong>: Emite con regularidad para mantener a tu audiencia interesada.<\/li>\n\n\n\n<li><strong>Interact\u00faa activamente con los espectadores:<\/strong> Interact\u00faa con tu audiencia durante las emisiones para crear una comunidad.<\/li>\n\n\n\n<li><strong>Mejora la calidad de la emisi\u00f3n<\/strong>: Utiliza un montaje profesional con buena iluminaci\u00f3n, audio claro y v\u00eddeo de alta resoluci\u00f3n.<\/li>\n\n\n\n<li><strong>Promoci\u00f3n en las redes sociales<\/strong>: Comparte lo m\u00e1s destacado de la emisi\u00f3n y las actualizaciones en tus plataformas de redes sociales.<\/li>\n\n\n\n<li><strong>Colabora con otros Streamers:<\/strong> Forma asociaciones mediante incursiones y colaboraciones para llegar a nuevos p\u00fablicos.<\/li>\n\n\n\n<li><strong>Participa en Comunidades de Juego<\/strong>: Participa en foros y grupos relacionados con tu contenido de streaming.<\/li>\n\n\n\n<li><strong>Organiza sorteos:<\/strong> Anima a los seguidores a unirse a tu canal organizando sorteos que cumplan las pol\u00edticas de Twitch.<\/li>\n\n\n\n<li><strong>Emite en horas punta<\/strong>: Elige las horas en las que tu p\u00fablico objetivo est\u00e9 m\u00e1s activo.<\/li>\n\n\n\n<li><strong>An\u00fanciate en Twitch: <\/strong>Si es posible, utiliza anuncios en Twitch para llegar a un p\u00fablico m\u00e1s amplio.<\/li>\n\n\n\n<li><strong>Destaca los aspectos \u00fanicos:<\/strong> Muestra lo que hace que tu difusi\u00f3n sea \u00fanica para atraer seguidores.<\/li>\n<\/ol>\n\n<p>Estas estrategias ayudan a promover el crecimiento org\u00e1nico de tu canal de Twitch, aumentando su visibilidad y atrayendo seguidores comprometidos.<\/p>\n\n<h2 class=\"wp-block-heading\">\u00bfPor qu\u00e9 buyfollowers.io es el mejor sitio para comprar seguidores de Twitch?<\/h2>\n\n<p>Comprarseguidores.io es ampliamente reconocido como el sitio l\u00edder para comprar seguidores de Twitch, gracias a su enfoque en la calidad y la satisfacci\u00f3n del cliente. Destacan por proporcionar seguidores de Twitch aut\u00e9nticos, garantizando que el crecimiento de tu canal siga las directrices de Twitch y se mantenga libre de bots. La plataforma ofrece una entrega r\u00e1pida, que a menudo comienza a las pocas horas de tu compra, para que puedas ver r\u00e1pidamente el impacto en la visibilidad de tu canal.  <\/p>\n\n<p>Todas las transacciones en comprarseguidores.io se realizan de forma segura, con medidas avanzadas para proteger tu informaci\u00f3n personal y financiera. Cuentan con un excepcional equipo de atenci\u00f3n al cliente, siempre dispuesto a ayudarte con cualquier duda o a resolver problemas con rapidez. Adem\u00e1s, ofrecen una variedad de paquetes de seguidores personalizables que se adaptan a diferentes necesidades y presupuestos, con una garant\u00eda de satisfacci\u00f3n para asegurar que todos los clientes reciben el m\u00e1ximo valor y un servicio de excelencia. Este compromiso con la calidad y la fiabilidad convierte a comprarseguidores.io en la mejor opci\u00f3n para los streamers que quieren hacer crecer su presencia en Twitch de forma eficaz y segura.   <\/p>\n\n<h2 class=\"wp-block-heading\">Ofertas del pack de seguidores activos de Twitch de Comprarseguidores.io<\/h2>\n\n<ul class=\"wp-block-list\">\n<li>20 seguidores en Twitch<\/li>\n\n\n\n<li>50 seguidores en Twitch<\/li>\n\n\n\n<li>100 seguidores en Twitch<\/li>\n\n\n\n<li>250 seguidores en Twitch<\/li>\n\n\n\n<li>500 seguidores en Twitch<\/li>\n\n\n\n<li>1000 seguidores en Twitch<\/li>\n\n\n\n<li>2500 seguidores en Twitch<\/li>\n\n\n\n<li>5000 seguidores en Twitch<\/li>\n<\/ul>\n\n<h1 class=\"wp-block-heading\">PREGUNTAS FRECUENTES<\/h1>\n\n<div data-schema-only=\"false\" class=\"wp-block-aioseo-faq\"><h3 class=\"aioseo-faq-block-question\"><strong>\u00c9 poss\u00edvel ser banido por comprar seguidores no Twitch?<\/strong><\/h3><div class=\"aioseo-faq-block-answer\">\n\n<p>Comprar seguidores de Twitch a fuentes cre\u00edbles que sigan las directrices de la plataforma suele ser seguro y no deber\u00eda provocar la suspensi\u00f3n de la cuenta. Elegir proveedores fiables garantiza que los seguidores sean reales y activos, de acuerdo con las normas \u00e9ticas de Twitch. <\/p>\n\n<\/div><\/div>\n\n<div data-schema-only=\"false\" class=\"wp-block-aioseo-faq\"><h3 class=\"aioseo-faq-block-question\"><strong>Um alto n\u00famero de seguidores pode aumentar o engajamento org\u00e2nico?<\/strong><\/h3><div class=\"aioseo-faq-block-answer\">\n\n<p>S\u00ed, en Twitch, tener un gran n\u00famero de seguidores puede impulsar la participaci\u00f3n org\u00e1nica al aumentar la visibilidad y atraer a m\u00e1s espectadores. Esto puede dar lugar a una participaci\u00f3n m\u00e1s activa y a una mayor interacci\u00f3n con la comunidad dentro del canal. <\/p>\n\n<\/div><\/div>\n\n<div data-schema-only=\"false\" class=\"wp-block-aioseo-faq\"><h3 class=\"aioseo-faq-block-question\"><strong>Estes s\u00e3o seguidores reais do Twitch?<\/strong><\/h3><div class=\"aioseo-faq-block-answer\">\n\n<p>S\u00ed, se trata de seguidores de Twitch reales de cuentas activas y aut\u00e9nticas.<\/p>\n\n<\/div><\/div>\n\n<div data-schema-only=\"false\" class=\"wp-block-aioseo-faq\"><h3 class=\"aioseo-faq-block-question\"><strong>Por que devo comprar seguidores no Twitch?<\/strong><\/h3><div class=\"aioseo-faq-block-answer\">\n\n<p>Comprar seguidores de Twitch puede mejorar significativamente la visibilidad y credibilidad de tu canal, lo que conlleva un aumento de la participaci\u00f3n org\u00e1nica y hace que tu perfil sea m\u00e1s atractivo para posibles anunciantes. Esta estrategia es especialmente beneficiosa para los nuevos canales que buscan un crecimiento r\u00e1pido. <\/p>\n\n<\/div><\/div>\n\n<div data-schema-only=\"false\" class=\"wp-block-aioseo-faq\"><h3 class=\"aioseo-faq-block-question\"><strong>Quais benef\u00edcios posso esperar ao comprar seguidores no Twitch?<\/strong><br><\/h3><div class=\"aioseo-faq-block-answer\">\n\n<p>Comprar seguidores de Twitch puede mejorar significativamente la visibilidad y credibilidad de tu canal, aumentando la participaci\u00f3n y haciendo que tu perfil sea m\u00e1s atractivo para posibles patrocinadores. Este aumento de seguidores tambi\u00e9n puede mejorar tu posici\u00f3n en el algoritmo de recomendaci\u00f3n de Twitch, lo que se traduce en un mayor crecimiento org\u00e1nico y nuevas oportunidades de monetizaci\u00f3n. <\/p>\n\n<\/div><\/div>\n\n<div data-schema-only=\"false\" class=\"wp-block-aioseo-faq\"><h3 class=\"aioseo-faq-block-question\"><strong>Quanto tempo leva para ver resultados?<\/strong><\/h3><div class=\"aioseo-faq-block-answer\">\n\n<p>Ver\u00e1s los resultados casi inmediatamente despu\u00e9s de que se haya procesado tu pedido, normalmente en unas pocas horas.<\/p>\n\n<\/div><\/div>\n\n<div data-schema-only=\"false\" class=\"wp-block-aioseo-faq\"><h3 class=\"aioseo-faq-block-question\"><strong>Comprar seguidores \u00e9 uma pr\u00e1tica comum?<\/strong><\/h3><div class=\"aioseo-faq-block-answer\">\n\n<p>S\u00ed, comprar seguidores es una pr\u00e1ctica habitual en Twitch, especialmente entre los canales nuevos y m\u00e1s peque\u00f1os que buscan establecer r\u00e1pidamente una base s\u00f3lida de espectadores. Esta estrategia se utiliza a menudo para aumentar la popularidad y credibilidad percibidas, lo que puede ayudar a atraer espectadores org\u00e1nicos y patrocinadores potenciales de forma m\u00e1s eficaz. <\/p>\n\n<\/div><\/div>\n\n<div data-schema-only=\"false\" class=\"wp-block-aioseo-faq\"><h3 class=\"aioseo-faq-block-question\"><strong>Quantos seguidores do Twitch devo comprar?<\/strong><\/h3><div class=\"aioseo-faq-block-answer\">\n\n<p>El n\u00famero de seguidores de Twitch que compres debe corresponder a tus objetivos: compra m\u00e1s para una visibilidad r\u00e1pida o menos para un crecimiento org\u00e1nico gradual. Elige en funci\u00f3n de los objetivos de tu canal. <\/p>\n\n<\/div><\/div>\n\n<div data-schema-only=\"false\" class=\"wp-block-aioseo-faq\"><h3 class=\"aioseo-faq-block-question\"><strong>O que fazer se meu pedido n\u00e3o for entregue?<\/strong><\/h3><div class=\"aioseo-faq-block-answer\">\n\n<p>Si tu pedido no se entrega, comprueba la confirmaci\u00f3n del pedido y los detalles del pago para asegurarte de que todo es correcto. A continuaci\u00f3n, ponte en contacto con el servicio de atenci\u00f3n al cliente con los datos de tu pedido para resolver el problema. Deber\u00edan poder ayudarte y ofrecerte una soluci\u00f3n.  <\/p>\n\n<\/div><\/div>\n\n<div data-schema-only=\"false\" class=\"wp-block-aioseo-faq\"><h3 class=\"aioseo-faq-block-question\"><strong>Quais m\u00e9todos de pagamento voc\u00ea oferece?<\/strong><\/h3><div class=\"aioseo-faq-block-answer\">\n\n<p>Ofrecemos diversos m\u00e9todos de pago, como tarjetas de cr\u00e9dito, PayPal y, en algunos casos, criptomonedas. Esta variedad te permite elegir la opci\u00f3n m\u00e1s conveniente para tus transacciones. <\/p>\n\n<\/div><\/div>\n\n<div data-schema-only=\"false\" class=\"wp-block-aioseo-faq\"><h3 class=\"aioseo-faq-block-question\"><\/h3><div class=\"aioseo-faq-block-answer\">\n<p><\/p>\n<\/div><\/div>\n","protected":false},"excerpt":{"rendered":"<p>\ud83d\udd25 \u00a1Potencia tu presencia en Twitch hoy mismo!<\/p>\n<p>Elige el paquete perfecto para alcanzar tus objetivos de streaming y observa c\u00f3mo crece tu audiencia, de forma segura y fiable. Esto es lo que ofrecemos:   <\/p>\n<p><strong>\u2713 Seguidores reales de Twitch<\/strong> <br \/><strong>Inicio de entrega: 0-6 horas<\/strong> <br \/><strong>100% libre de riesgos<\/strong> <br \/><strong>Opciones de pago seguras<\/strong> <br \/><strong>\u2713 Elige entre: Seguidores baratos y de alta calidad<\/strong> <br \/><strong>Garant\u00eda = De por vida<\/strong> <br \/><strong>Atenci\u00f3n al cliente 24\/7<\/strong><\/p>\n","protected":false},"featured_media":9401,"comment_status":"open","ping_status":"closed","template":"","meta":[],"product_brand":[],"product_cat":[113],"product_tag":[],"class_list":{"0":"post-14168","1":"product","2":"type-product","3":"status-publish","4":"has-post-thumbnail","6":"product_cat-twitch-es","8":"first","9":"instock","10":"shipping-taxable","11":"purchasable","12":"product-type-variable"},"aioseo_notices":[],"_links":{"self":[{"href":"https:\/\/comprarseguidores.io\/es\/wp-json\/wp\/v2\/product\/14168","targetHints":{"allow":["GET"]}}],"collection":[{"href":"https:\/\/comprarseguidores.io\/es\/wp-json\/wp\/v2\/product"}],"about":[{"href":"https:\/\/comprarseguidores.io\/es\/wp-json\/wp\/v2\/types\/product"}],"replies":[{"embeddable":true,"href":"https:\/\/comprarseguidores.io\/es\/wp-json\/wp\/v2\/comments?post=14168"}],"version-history":[{"count":1,"href":"https:\/\/comprarseguidores.io\/es\/wp-json\/wp\/v2\/product\/14168\/revisions"}],"predecessor-version":[{"id":14190,"href":"https:\/\/comprarseguidores.io\/es\/wp-json\/wp\/v2\/product\/14168\/revisions\/14190"}],"wp:featuredmedia":[{"embeddable":true,"href":"https:\/\/comprarseguidores.io\/es\/wp-json\/wp\/v2\/media\/9401"}],"wp:attachment":[{"href":"https:\/\/comprarseguidores.io\/es\/wp-json\/wp\/v2\/media?parent=14168"}],"wp:term":[{"taxonomy":"product_brand","embeddable":true,"href":"https:\/\/comprarseguidores.io\/es\/wp-json\/wp\/v2\/product_brand?post=14168"},{"taxonomy":"product_cat","embeddable":true,"href":"https:\/\/comprarseguidores.io\/es\/wp-json\/wp\/v2\/product_cat?post=14168"},{"taxonomy":"product_tag","embeddable":true,"href":"https:\/\/comprarseguidores.io\/es\/wp-json\/wp\/v2\/product_tag?post=14168"}],"curies":[{"name":"wp","href":"https:\/\/api.w.org\/{rel}","templated":true}]}}