{"id":14207,"date":"2025-03-29T07:30:38","date_gmt":"2025-03-29T07:30:38","guid":{"rendered":"https:\/\/comprarseguidores.io\/product\/comprar-fiverr-revision-2\/"},"modified":"2025-04-06T18:25:41","modified_gmt":"2025-04-06T18:25:41","slug":"comprar-fiverr-revision-2","status":"publish","type":"product","link":"https:\/\/comprarseguidores.io\/es\/product\/comprar-fiverr-revision-2\/","title":{"rendered":"Comprar Fiverr revisi\u00f3n"},"content":{"rendered":"\n<h2 class=\"wp-block-heading\">Comprar Fiverr revisi\u00f3n<\/h2>\n\n<p>Comprar opiniones en plataformas como Fiverr puede parecer una soluci\u00f3n r\u00e1pida para mejorar la reputaci\u00f3n de tu empresa y atraer nuevos clientes. Los beneficios potenciales pueden incluir un r\u00e1pido impulso a tu imagen online, haciendo que tus servicios sean m\u00e1s fiables y est\u00e9n mejor valorados por los usuarios. <\/p>\n\n<p>Adem\u00e1s, un aumento de las rese\u00f1as positivas tambi\u00e9n puede mejorar la visibilidad en los motores de b\u00fasqueda, lo que puede dar lugar a un mayor inter\u00e9s de los clientes basado en la satisfacci\u00f3n percibida y en una amplia retroalimentaci\u00f3n positiva.<\/p>\n\n<p><strong>Aumenta tu visibilidad y credibilidad en Trustpilot, ProvenExpert, Facebook, Fiverr y ScamAdvisor con nuestros servicios de evaluaci\u00f3n personalizada, dise\u00f1ados para mejorar tu reputaci\u00f3n y atraer a m\u00e1s clientes en diversas plataformas.<\/strong><\/p>\n\n<h2 class=\"wp-block-heading\"><strong>\u00bfCu\u00e1les son las ventajas de comprar opiniones en Fiverr?<\/strong><\/h2>\n\n<p>Los usuarios que recurren a esta pr\u00e1ctica suelen tratar de conseguir diversos beneficios percibidos:<\/p>\n\n<ol class=\"wp-block-list\">\n<li><strong>Mayor visibilidad<\/strong> <br\/>Las opiniones pueden mejorar la clasificaci\u00f3n de un <a href=\"https:\/\/www.linkedin.com\/pulse\/how-does-fiverr-ranking-seller-sariful-islam\/\">vendedor en Fiverr<\/a>, haciendo que sus servicios sean m\u00e1s visibles para los compradores potenciales que navegan por la plataforma.<br\/><\/li>\n\n\n\n<li><strong>Mayor credibilidad<\/strong> <br\/>Un mayor n\u00famero de opiniones positivas puede dar la impresi\u00f3n de que el vendedor es digno de confianza y realiza un trabajo de calidad, lo que puede atraer a m\u00e1s clientes.<br\/><\/li>\n\n\n\n<li><strong>Aumento<\/strong> de las ventas <br\/>Una mayor visibilidad y credibilidad pueden provocar un aumento de las ventas, ya que es m\u00e1s probable que los compradores elijan servicios que parecen bien evaluados y establecidos.<br\/><\/li>\n\n\n\n<li><strong>Ventaja competitiva<\/strong> <br\/>En un mercado competitivo, los vendedores con m\u00e1s opiniones pueden destacar sobre sus competidores, lo que les da una ventaja percibida a la hora de atraer la atenci\u00f3n de los clientes.<\/li>\n<\/ol>\n\n<h2 class=\"wp-block-heading\"><strong>\u00bfEs seguro comprar opiniones en Fiverr?<\/strong><\/h2>\n\n<p>Ciertamente, comprar rese\u00f1as en Fiverr puede ser seguro si se hace a trav\u00e9s de servicios reputados y fiables. Estos servicios siguen normas \u00e9ticas y legales, y proporcionan rese\u00f1as aut\u00e9nticas que protegen tu <a href=\"https:\/\/www.fiverr.com\/?utm_source=google&amp;utm_medium=cpc-brand&amp;utm_campaign=G_ROW-EN_Brand&amp;utm_term=fiver+site_(phrase)&amp;utm_content=AdID%5E501546387059%5EKeyword%5Efiverr%20website%5EPlacement%5E%5EDevice%5Ec&amp;caid=406997588&amp;agid=33518332388&amp;ad_id=501546387059&amp;kw=fiverr%20website&amp;lpcat=br_general&amp;show_join=true&amp;gad_source=1&amp;gclid=Cj0KCQjw6auyBhDzARIsALIo6v-aXUA7jDznCwNwJDmXS2MgvI2uaTp1TI9bVWjKeRCvOTb4184FDmIaAjIKEALw_wcB\">cuenta de Fiverr<\/a>. Es fundamental comprobar la credibilidad de estos proveedores y revisar las opiniones de los clientes para asegurarse de que son transparentes y honestos en cuanto a sus m\u00e9todos.  <\/p>\n\n<figure class=\"wp-block-image size-full\"><img fetchpriority=\"high\" decoding=\"async\" width=\"800\" height=\"600\" src=\"https:\/\/comprarseguidores.io\/wp-content\/uploads\/2024\/06\/Comprar-avaliacao-Fiverr.png\" alt=\"Comprar Fiverr revisi&#xF3;n\" class=\"wp-image-9523\" srcset=\"https:\/\/comprarseguidores.io\/wp-content\/uploads\/2024\/06\/Comprar-avaliacao-Fiverr.png 800w, https:\/\/comprarseguidores.io\/wp-content\/uploads\/2024\/06\/Comprar-avaliacao-Fiverr-300x225.png 300w, https:\/\/comprarseguidores.io\/wp-content\/uploads\/2024\/06\/Comprar-avaliacao-Fiverr-768x576.png 768w, https:\/\/comprarseguidores.io\/wp-content\/uploads\/2024\/06\/Comprar-avaliacao-Fiverr-441x331.png 441w, https:\/\/comprarseguidores.io\/wp-content\/uploads\/2024\/06\/Comprar-avaliacao-Fiverr-150x113.png 150w\" sizes=\"(max-width: 800px) 100vw, 800px\" \/><\/figure>\n\n<h2 class=\"wp-block-heading\"><strong>\u00bfC\u00f3mo compro opiniones en Fiverr?<\/strong><\/h2>\n\n<p>Comprar rese\u00f1as en Fiverr puede ser un proceso sencillo. S\u00f3lo tienes que introducir la URL de tu perfil en el campo especificado en el sitio web del proveedor, seleccionar el n\u00famero deseado de opiniones y finalizar tu pedido. El proceso suele comenzar en pocas horas, lo que te permite ver el impacto casi al instante.  <\/p>\n\n<p>Este m\u00e9todo r\u00e1pido y sencillo est\u00e1 dise\u00f1ado para mejorar r\u00e1pidamente la visibilidad y credibilidad de tu perfil.<\/p>\n\n<ol class=\"wp-block-list\">\n<li>Introduce la URL de tu perfil de Fiverr en el campo designado.<\/li>\n\n\n\n<li>Elige cu\u00e1ntas opiniones quieres comprar.<\/li>\n\n\n\n<li>Finaliza y env\u00eda tu pedido.<\/li>\n\n\n\n<li>El pedido suele activarse en pocas horas.<\/li>\n\n\n\n<li>Observa los efectos en tu perfil casi al instante.<\/li>\n<\/ol>\n\n<h2 class=\"wp-block-heading\"><strong>\u00bfCu\u00e1nto cuestan 1000 opiniones en Fiverr?<\/strong><\/h2>\n\n<p>El coste de 1000 opiniones en Fiverr puede variar mucho en funci\u00f3n de varios factores, como la calidad de las opiniones, si son personalizadas o generadas aleatoriamente, y la autenticidad del sitio que ofrece el servicio. Los precios pueden variar en funci\u00f3n del detalle y la personalizaci\u00f3n de las opiniones, ya que las opiniones personalizadas de alta calidad suelen costar m\u00e1s que las opiniones gen\u00e9ricas y generadas aleatoriamente. <\/p>\n\n<h2 class=\"wp-block-heading\"><strong>\u00bfC\u00f3mo puedo conseguir m\u00e1s opiniones en Fiverr?<\/strong><\/h2>\n\n<p>Para aumentar \u00e9ticamente el n\u00famero de opiniones en Fiverr, c\u00e9ntrate en ofrecer un servicio excelente y animar a los clientes satisfechos a compartir sus experiencias. He aqu\u00ed algunas estrategias eficaces: <\/p>\n\n<ol class=\"wp-block-list\">\n<li><strong>Entrega un trabajo excelente <br\/><\/strong>Entregar constantemente un trabajo de alta calidad es la mejor manera de garantizar clientes satisfechos que se sientan obligados a dejar rese\u00f1as positivas.<br\/><\/li>\n\n\n\n<li><strong>Comun\u00edcate con claridad y rapidez <\/strong><br\/>Mant\u00e9n una comunicaci\u00f3n clara, profesional y puntual con tus clientes durante todo el proceso del proyecto. Esto genera confianza y satisfacci\u00f3n, lo que se traduce en mejores evaluaciones. <br\/><\/li>\n\n\n\n<li><strong>P\u00eddelo educadamente <br\/><\/strong>Tras finalizar un proyecto, puedes animar a tus clientes a dejar una rese\u00f1a pidi\u00e9ndoselo educadamente. Podr\u00edas decir algo como: \"Gracias por elegir mis servicios. Si est\u00e1s satisfecho con el trabajo, te agradecer\u00eda mucho que dejaras una rese\u00f1a\". <br\/><\/li>\n\n\n\n<li><strong>Ofrece un excelente servicio de atenci\u00f3n al cliente <br\/><\/strong>Resuelve r\u00e1pidamente cualquier problema o preocupaci\u00f3n que puedan tener tus clientes. Esto no s\u00f3lo te ayuda a conseguir una rese\u00f1a positiva, sino que tambi\u00e9n puede convertir una posible rese\u00f1a negativa en positiva. <br\/><\/li>\n\n\n\n<li><strong>Seguimiento <br\/><\/strong>Si un cliente no ha dejado una opini\u00f3n unos d\u00edas despu\u00e9s de finalizar el proyecto, es aceptable enviarle un \u00fanico mensaje de seguimiento para record\u00e1rselo. Que sea amistoso y no intrusivo. <br\/><\/li>\n\n\n\n<li><strong>Utiliza las funciones de venta de Fiverr <br\/><\/strong>Aprovecha funciones como los Gig Packs de Fiverr, que te permiten ofrecer servicios con distintos niveles de calidad y precio. Esto puede atraer a m\u00e1s compradores, aumentando la probabilidad de obtener m\u00e1s rese\u00f1as. <br\/><\/li>\n\n\n\n<li><strong>S\u00e9 paciente y constante <br\/><\/strong>Crear un perfil s\u00f3lido con muchas rese\u00f1as positivas requiere tiempo y un esfuerzo constante. C\u00e9ntrate en cada cliente y en cada proyecto, y las cr\u00edticas se acumular\u00e1n con el tiempo. <\/li>\n<\/ol>\n\n<p>Estas estrategias se ajustan a las directrices de Fiverr y te ayudan a construir un perfil respetable y exitoso de forma natural.<\/p>\n\n<h2 class=\"wp-block-heading\">\u00bfPor qu\u00e9 buyfollowers.io es el mejor sitio para comprar opiniones de Fiverr?<\/h2>\n\n<p>Por supuesto. Aqu\u00ed est\u00e1 la traducci\u00f3n al portugu\u00e9s: <br\/><br\/>Comprarseguidores.io destaca como el proveedor l\u00edder para comprar opiniones de Fiverr, conocido por su servicio fiable y de alta calidad. Esta plataforma destaca en la entrega de opiniones aut\u00e9nticas que reflejan con precisi\u00f3n los servicios de tu empresa, mejorando significativamente tanto la cantidad como la calidad de las opiniones en l\u00ednea. Ofrece opciones de rese\u00f1as personalizadas, lo que garantiza que las rese\u00f1as se ajusten exactamente a tu nicho, aumentando as\u00ed sustancialmente la percepci\u00f3n p\u00fablica de tu empresa.  <br\/><br\/>Adem\u00e1s, comprarseguidores.io es aclamado por sus r\u00e1pidos tiempos de procesamiento, empezando a menudo a publicar rese\u00f1as a las pocas horas de recibir un pedido, lo que permite mejorar r\u00e1pidamente tu perfil de Fiverr. La plataforma da prioridad a la seguridad de las transacciones, protegiendo rigurosamente tus datos personales y financieros. Con un excepcional servicio de atenci\u00f3n al cliente y diversos planes de precios que se adaptan a varios presupuestos, comprarseguidores.io ofrece un servicio integral dise\u00f1ado para satisfacer las necesidades de los empresarios que buscan reforzar su presencia en Fiverr.  <\/p>\n\n<h2 class=\"wp-block-heading\"><strong>Comprarseguidores.io<\/strong> ofrece los siguientes paquetes de rese\u00f1as activas de Fiverr:<\/h2>\n\n<ul class=\"wp-block-list\">\n<li>1 revisi\u00f3n de Fiverr  <\/li>\n\n\n\n<li>5 opiniones sobre Fiverr  <\/li>\n\n\n\n<li>10 opiniones sobre Fiverr  <\/li>\n\n\n\n<li>25 opiniones sobre Fiverr<\/li>\n<\/ul>\n\n<h1 class=\"wp-block-heading\">PREGUNTAS FRECUENTES<\/h1>\n\n<div data-schema-only=\"false\" class=\"wp-block-aioseo-faq\"><h3 class=\"aioseo-faq-block-question\"><strong>Pode um grande n\u00famero de avalia\u00e7\u00f5es levar a um aumento no engajamento org\u00e2nico?<\/strong><\/h3><div class=\"aioseo-faq-block-answer\">\n<p>S\u00ed, en Fiverr, tener un gran n\u00famero de opiniones puede conducir a un aumento de la participaci\u00f3n org\u00e1nica. M\u00e1s opiniones tienden a aumentar la visibilidad y credibilidad de un vendedor, haciendo que su perfil sea m\u00e1s atractivo para los compradores potenciales. Esta mejora de la percepci\u00f3n puede animar a m\u00e1s usuarios a interactuar con el vendedor y a comprarle, impulsando as\u00ed m\u00e1s tr\u00e1fico org\u00e1nico e interacciones en su perfil de Fiverr.  <\/p>\n<\/div><\/div>\n\n<div data-schema-only=\"false\" class=\"wp-block-aioseo-faq\"><h3 class=\"aioseo-faq-block-question\"><strong>Quanto tempo at\u00e9 eu ver resultados?<\/strong><\/h3><div class=\"aioseo-faq-block-answer\">\n<p>Ver\u00e1s los resultados casi inmediatamente despu\u00e9s de que se haya procesado tu pedido, normalmente en unas pocas horas.<\/p>\n<\/div><\/div>\n\n<div data-schema-only=\"false\" class=\"wp-block-aioseo-faq\"><h3 class=\"aioseo-faq-block-question\"><strong>\u00c9 poss\u00edvel ser banido por comprar avalia\u00e7\u00f5es?<\/strong><\/h3><div class=\"aioseo-faq-block-answer\">\n<p>No, no te prohibir\u00e1n comprar opiniones si utilizas sitios aut\u00e9nticos y de buena reputaci\u00f3n. Estos proveedores siguen las directrices de la plataforma, garantizando pr\u00e1cticas seguras y conformes para tu canal. <\/p>\n<\/div><\/div>\n\n<div data-schema-only=\"false\" class=\"wp-block-aioseo-faq\"><h3 class=\"aioseo-faq-block-question\"><strong>Quais benef\u00edcios posso esperar ao comprar avalia\u00e7\u00f5es do Fiverr?<\/strong><\/h3><div class=\"aioseo-faq-block-answer\">\n<p>Comprar opiniones de Fiverr puede aumentar potencialmente la visibilidad y credibilidad de tu perfil, haciendo que tus servicios sean m\u00e1s atractivos para los compradores potenciales e impulsando las ventas. Esto puede darte una ventaja competitiva en el ajetreado mercado de Fiverr, ayudando a que tus servicios destaquen sobre los dem\u00e1s. <\/p>\n<\/div><\/div>\n\n<div data-schema-only=\"false\" class=\"wp-block-aioseo-faq\"><h3 class=\"aioseo-faq-block-question\"><strong>Por que voc\u00ea deveria comprar avalia\u00e7\u00f5es do Fiverr?<\/strong><\/h3><div class=\"aioseo-faq-block-answer\">\n<p>Puedes plantearte comprar rese\u00f1as de Fiverr para impulsar tu perfil y mejorar tu credibilidad en la plataforma. Esta estrategia pretende hacer que tus servicios sean m\u00e1s fiables y populares, atrayendo potencialmente a m\u00e1s clientes al mostrar un historial probado de satisfacci\u00f3n y fiabilidad. <\/p>\n<\/div><\/div>\n\n<div data-schema-only=\"false\" class=\"wp-block-aioseo-faq\"><h3 class=\"aioseo-faq-block-question\"><strong>Quantas avalia\u00e7\u00f5es devo comprar?<\/strong><\/h3><div class=\"aioseo-faq-block-answer\">\n<p>El n\u00famero de rese\u00f1as que debes comprar depende de tus objetivos. Para una visibilidad inmediata, considera comprar m\u00e1s rese\u00f1as. Si est\u00e1s empezando, opta por una cantidad menor. Elige una cantidad que encaje bien con tu plan estrat\u00e9gico.   <\/p>\n<\/div><\/div>\n\n<div data-schema-only=\"false\" class=\"wp-block-aioseo-faq\"><h3 class=\"aioseo-faq-block-question\"><strong>Comprar avalia\u00e7\u00f5es \u00e9 uma pr\u00e1tica comum?<\/strong><\/h3><div class=\"aioseo-faq-block-answer\">\n<p>Por supuesto, comprar opiniones de Fiverr es una t\u00e1ctica habitual. Muchos usuarios utilizan este m\u00e9todo para mejorar r\u00e1pidamente su reputaci\u00f3n y atraer a m\u00e1s clientes aut\u00e9nticos. <\/p>\n<\/div><\/div>\n\n<div data-schema-only=\"false\" class=\"wp-block-aioseo-faq\"><h3 class=\"aioseo-faq-block-question\"><strong>Essas s\u00e3o avalia\u00e7\u00f5es reais do Fiverr?<\/strong><\/h3><div class=\"aioseo-faq-block-answer\">\n<p>S\u00ed, son opiniones reales de Fiverr por usuarios reales.<\/p>\n<\/div><\/div>\n\n<div data-schema-only=\"false\" class=\"wp-block-aioseo-faq\"><h3 class=\"aioseo-faq-block-question\"><strong>O que fazer se meu pedido n\u00e3o for entregue?<\/strong><\/h3><div class=\"aioseo-faq-block-answer\">\n<p>Si tu pedido no se entrega, comprueba la confirmaci\u00f3n del pedido y los detalles del pago para asegurarte de que todo es correcto. A continuaci\u00f3n, ponte en contacto con el servicio de atenci\u00f3n al cliente con la informaci\u00f3n de tu pedido para resolver el problema. Deber\u00edan poder ayudarte y ofrecerte una soluci\u00f3n.  <\/p>\n<\/div><\/div>\n\n<div data-schema-only=\"false\" class=\"wp-block-aioseo-faq\"><h3 class=\"aioseo-faq-block-question\"><strong>Quais m\u00e9todos de pagamento voc\u00ea oferece?<\/strong><\/h3><div class=\"aioseo-faq-block-answer\">\n<p>Ofrecemos diversos m\u00e9todos de pago, como tarjetas de cr\u00e9dito, PayPal y, en algunos casos, criptomonedas. Esta variedad te permite elegir la opci\u00f3n m\u00e1s conveniente para tus transacciones. <\/p>\n<\/div><\/div>\n","protected":false},"excerpt":{"rendered":"<p>\u00a1Impulsa tu perfil de Fiverr de forma r\u00e1pida y segura con nuestros servicios de evaluaci\u00f3n!<\/p>\n<p>Explora nuestras ofertas a continuaci\u00f3n para mejorar tu reputaci\u00f3n y visibilidad en Fiverr:  <\/p>\n<p>\ud83c\udf1f Opiniones reales de 5 estrellas en Fiverr <br \/>\u23f0 Entrega r\u00e1pida garantizada <br \/>\ud83d\udd12 El m\u00e9todo m\u00e1s eficaz y seguro para aumentar la puntuaci\u00f3n de tu perfil <br \/>\ud83d\udcc8 Mejora tu puntuaci\u00f3n general de opiniones en Fiverr<\/p>\n","protected":false},"featured_media":9521,"comment_status":"open","ping_status":"closed","template":"","meta":[],"product_brand":[],"product_cat":[136],"product_tag":[],"class_list":{"0":"post-14207","1":"product","2":"type-product","3":"status-publish","4":"has-post-thumbnail","6":"product_cat-fiverr-es","8":"first","9":"instock","10":"shipping-taxable","11":"purchasable","12":"product-type-variable"},"aioseo_notices":[],"_links":{"self":[{"href":"https:\/\/comprarseguidores.io\/es\/wp-json\/wp\/v2\/product\/14207","targetHints":{"allow":["GET"]}}],"collection":[{"href":"https:\/\/comprarseguidores.io\/es\/wp-json\/wp\/v2\/product"}],"about":[{"href":"https:\/\/comprarseguidores.io\/es\/wp-json\/wp\/v2\/types\/product"}],"replies":[{"embeddable":true,"href":"https:\/\/comprarseguidores.io\/es\/wp-json\/wp\/v2\/comments?post=14207"}],"version-history":[{"count":1,"href":"https:\/\/comprarseguidores.io\/es\/wp-json\/wp\/v2\/product\/14207\/revisions"}],"predecessor-version":[{"id":14223,"href":"https:\/\/comprarseguidores.io\/es\/wp-json\/wp\/v2\/product\/14207\/revisions\/14223"}],"wp:featuredmedia":[{"embeddable":true,"href":"https:\/\/comprarseguidores.io\/es\/wp-json\/wp\/v2\/media\/9521"}],"wp:attachment":[{"href":"https:\/\/comprarseguidores.io\/es\/wp-json\/wp\/v2\/media?parent=14207"}],"wp:term":[{"taxonomy":"product_brand","embeddable":true,"href":"https:\/\/comprarseguidores.io\/es\/wp-json\/wp\/v2\/product_brand?post=14207"},{"taxonomy":"product_cat","embeddable":true,"href":"https:\/\/comprarseguidores.io\/es\/wp-json\/wp\/v2\/product_cat?post=14207"},{"taxonomy":"product_tag","embeddable":true,"href":"https:\/\/comprarseguidores.io\/es\/wp-json\/wp\/v2\/product_tag?post=14207"}],"curies":[{"name":"wp","href":"https:\/\/api.w.org\/{rel}","templated":true}]}}