{"id":14212,"date":"2025-03-29T07:30:12","date_gmt":"2025-03-29T07:30:12","guid":{"rendered":"https:\/\/comprarseguidores.io\/product\/comprar-comentarios-de-facebook-2\/"},"modified":"2025-04-06T18:25:45","modified_gmt":"2025-04-06T18:25:45","slug":"comprar-comentarios-de-facebook-2","status":"publish","type":"product","link":"https:\/\/comprarseguidores.io\/es\/product\/comprar-comentarios-de-facebook-2\/","title":{"rendered":"Comprar comentarios de Facebook"},"content":{"rendered":"\n<h2 class=\"wp-block-heading\">Comprar comentarios de Facebook<\/h2>\n\n<p>Comprar comentarios en Facebook puede mejorar significativamente tu estrategia en las redes sociales al aumentar los niveles de participaci\u00f3n en tus publicaciones. Cuando tu contenido recibe un gran volumen de comentarios, esto indica al algoritmo de Facebook que tu publicaci\u00f3n es atractiva y que merece la pena promocionarla entre un p\u00fablico m\u00e1s amplio. <\/p>\n\n<p>Este aumento del compromiso puede mejorar la visibilidad de tus publicaciones, atrayendo m\u00e1s interacciones org\u00e1nicas de otros usuarios que ven los debates activos que tienen lugar bajo tu contenido. Adem\u00e1s, una secci\u00f3n de comentarios animada puede mejorar la popularidad y credibilidad percibidas de tu p\u00e1gina, animando a m\u00e1s usuarios a que les guste, comenten y compartan, ampliando as\u00ed tu alcance e influencia en la plataforma. <\/p>\n\n<h2 class=\"wp-block-heading\">Comprar comentarios aleatorios en Facebook<\/h2>\n\n<p>Aumenta la participaci\u00f3n de tus publicaciones con nuestro paquete Comentarios aleatorios para Facebook. Este servicio ofrece comentarios diversos y espont\u00e1neos de cuentas reales, haciendo que tu contenido parezca m\u00e1s popular y fomentando interacciones adicionales. Mejora r\u00e1pidamente tu presencia en las redes sociales con una participaci\u00f3n aut\u00e9ntica y sencilla.  <\/p>\n\n<h2 class=\"wp-block-heading\">Comprar comentarios personalizados en portugu\u00e9s en Facebook<\/h2>\n\n<p>Adapta tu interacci\u00f3n con nuestro paquete Comentarios personalizados en neerland\u00e9s para Facebook. Recibe comentarios en holand\u00e9s especialmente elaborados para que coincidan con tu contenido y tu p\u00fablico objetivo, garantizando una interacci\u00f3n natural y relevante. Este servicio te ayuda a conectar m\u00e1s eficazmente con los seguidores de habla holandesa, aumentando la autenticidad y el atractivo de tus publicaciones.  <\/p>\n\n<p>Al potenciar estrat\u00e9gicamente tus Seguidores, Me gusta, Amigos y Comentarios, puedes mejorar tus m\u00e9tricas de Facebook y conseguir una mayor prominencia en los feeds de noticias de los usuarios.<\/p>\n\n<h2 class=\"wp-block-heading\">\u00bfCu\u00e1les son las ventajas de comprar comentarios en Facebook?<\/h2>\n\n<p>Comprar comentarios en Facebook puede mejorar sustancialmente tu estrategia en las redes sociales, ya que ofrece varias ventajas importantes:<\/p>\n\n<ol class=\"wp-block-list\">\n<li><strong>Aumento de la participaci\u00f3n<\/strong><br\/>Los comentarios comprados pueden iniciar un ciclo de aumento de las interacciones, atrayendo m\u00e1s me gusta, comentarios y compartidos org\u00e1nicos, aumentando as\u00ed la actividad y visibilidad de tus publicaciones.<br\/><\/li>\n\n\n\n<li><strong>Mayor exposici\u00f3n<\/strong><br\/>Los comentarios activos indican <a href=\"https:\/\/blog.hootsuite.com\/facebook-algorithm\/#:~:text=The%20Facebook%20algorithm%20is%20a%20set%20of%20rules%20that%20rank,ad%2C%20Story%2C%20and%20Reel.\">al algoritmo de Facebook<\/a> que tu contenido es atractivo, lo que se traduce en una distribuci\u00f3n m\u00e1s amplia y m\u00e1s visitas de un p\u00fablico mayor.<br\/><\/li>\n\n\n\n<li><strong>Autenticidad y popularidad<\/strong><br\/>Los comentarios contribuyen a la prueba social de tus publicaciones, haci\u00e9ndolas parecer m\u00e1s cre\u00edbles y populares, lo que puede atraer a m\u00e1s usuarios y seguidores potenciales interesados en un contenido vibrante.<br\/><\/li>\n\n\n\n<li><strong>Conversaciones din\u00e1micas<\/strong><br\/>Los comentarios de compra pueden iniciar conversaciones destacando tu contenido para el debate, lo que aumenta la participaci\u00f3n y el inter\u00e9s de los usuarios.<br\/><\/li>\n\n\n\n<li><strong>Narrativa controlada<\/strong><br\/>Con los comentarios dirigidos, puedes guiar la conversaci\u00f3n para que se adapte mejor a tus objetivos promocionales, destacando mensajes o temas espec\u00edficos de tu contenido.<\/li>\n<\/ol>\n\n<p>Estas ventajas ayudan a ampliar tu alcance y aumentar la eficacia de tu presencia en Facebook, promoviendo un mayor crecimiento de la audiencia y compromiso.<\/p>\n\n<h2 class=\"wp-block-heading\">\u00bfEs seguro comprar comentarios en Facebook?<\/h2>\n\n<p>S\u00ed, comprar comentarios en Facebook puede ser seguro si los adquieres en sitios aut\u00e9nticos y de buena reputaci\u00f3n. Estos sitios garantizan el cumplimiento de las directrices de Facebook proporcionando comentarios de forma que se mantenga la integridad y seguridad de tu cuenta. Es crucial seleccionar proveedores que utilicen m\u00e9todos leg\u00edtimos para evitar posibles problemas con las pol\u00edticas de Facebook.  <\/p>\n\n<figure class=\"wp-block-image size-full\"><img fetchpriority=\"high\" decoding=\"async\" width=\"800\" height=\"600\" src=\"https:\/\/comprarseguidores.io\/wp-content\/uploads\/2024\/06\/Comprar-Comentarios-facebook.png\" alt=\"Comprar comentarios de Facebook\" class=\"wp-image-9376\" srcset=\"https:\/\/comprarseguidores.io\/wp-content\/uploads\/2024\/06\/Comprar-Comentarios-facebook.png 800w, https:\/\/comprarseguidores.io\/wp-content\/uploads\/2024\/06\/Comprar-Comentarios-facebook-300x225.png 300w, https:\/\/comprarseguidores.io\/wp-content\/uploads\/2024\/06\/Comprar-Comentarios-facebook-768x576.png 768w, https:\/\/comprarseguidores.io\/wp-content\/uploads\/2024\/06\/Comprar-Comentarios-facebook-441x331.png 441w, https:\/\/comprarseguidores.io\/wp-content\/uploads\/2024\/06\/Comprar-Comentarios-facebook-150x113.png 150w\" sizes=\"(max-width: 800px) 100vw, 800px\" \/><\/figure>\n\n<h2 class=\"wp-block-heading\">\u00bfC\u00f3mo compro comentarios en Facebook?<\/h2>\n\n<p>Comprar comentarios en Facebook es un proceso sencillo y r\u00e1pido. S\u00f3lo tienes que introducir la URL de tu publicaci\u00f3n de Facebook en el campo designado en el sitio web del proveedor de servicios. A continuaci\u00f3n, selecciona el n\u00famero de comentarios que deseas a\u00f1adir a tu publicaci\u00f3n, ajust\u00e1ndolo seg\u00fan tus necesidades espec\u00edficas.  <\/p>\n\n<p>En cuanto completes tu pedido, el servicio suele ponerse en marcha en pocas horas, y empezar\u00e1s a ver c\u00f3mo aparecen comentarios en tu publicaci\u00f3n casi de inmediato. Este m\u00e9todo sin complicaciones te permite aumentar el compromiso con tu contenido sin esfuerzo. <\/p>\n\n<ol class=\"wp-block-list\">\n<li>Introduce la URL de tu publicaci\u00f3n de Facebook en el campo indicado.<\/li>\n\n\n\n<li>Selecciona el n\u00famero de comentarios que quieres comprar.<\/li>\n\n\n\n<li>Completa la transacci\u00f3n finalizando tu pedido.<\/li>\n\n\n\n<li>El servicio suele empezar en pocas horas.<\/li>\n\n\n\n<li>Observa c\u00f3mo los comentarios aparecen en tu entrada casi al instante.<\/li>\n<\/ol>\n\n<h2 class=\"wp-block-heading\">\u00bfCu\u00e1nto cuestan 1.000 comentarios en Facebook?<\/h2>\n\n<p>El coste de 1000 comentarios en Facebook puede variar significativamente en funci\u00f3n de varios factores, como la calidad de los comentarios, si son personalizados o aleatorios y si proceden de sitios aut\u00e9nticos.<\/p>\n\n<p>Por lo general, los comentarios personalizados y de alta calidad de proveedores cre\u00edbles costar\u00e1n m\u00e1s debido al valor adicional que aportan en t\u00e9rminos de compromiso y autenticidad. Es importante elegir servicios que sigan las directrices de Facebook para garantizar la seguridad y la eficacia, lo que tambi\u00e9n puede influir en el precio. <\/p>\n\n<h2 class=\"wp-block-heading\">\u00bfC\u00f3mo puedo conseguir m\u00e1s comentarios en Facebook?<\/h2>\n\n<p>Para aumentar los comentarios de forma org\u00e1nica en Facebook, prueba estas estrategias:<\/p>\n\n<ol class=\"wp-block-list\">\n<li><strong>Publica contenido atractivo:<\/strong> Comparte preguntas, encuestas o temas que estimulen el debate.<\/li>\n\n\n\n<li><strong>Responder a los comentarios:<\/strong> Interact\u00faa respondiendo a los comentarios de los usuarios para fomentar el debate.<\/li>\n\n\n\n<li><strong>Utiliza llamadas a la acci\u00f3n:<\/strong> Pide directamente a los usuarios que comenten, por ejemplo: \"\u00a1Comenta a continuaci\u00f3n con tus opiniones!\".<\/li>\n\n\n\n<li><strong>Programa tus publicaciones:<\/strong> Publica cuando tu audiencia est\u00e9 m\u00e1s activa, utilizando Facebook Insights para encontrar las mejores horas.<\/li>\n\n\n\n<li><strong>Organiza concursos:<\/strong> Promueve concursos que requieran comentarios para participar, aumentando el engagement.<\/li>\n\n\n\n<li><strong>Facebook Live:<\/strong> Utiliza v\u00eddeos en directo para interactuar en tiempo real, lo que generalmente atrae m\u00e1s comentarios.<\/li>\n\n\n\n<li><strong>Colabora:<\/strong> As\u00f3ciate con influencers o marcas para ampliar tu alcance y atraer comentarios de su audiencia.<\/li>\n<\/ol>\n\n<p>Estas t\u00e1cticas espec\u00edficas pueden aumentar eficazmente la participaci\u00f3n y el n\u00famero de comentarios en tus publicaciones de Facebook.<\/p>\n\n<h2 class=\"wp-block-heading\">\u00bfPor qu\u00e9 buyfollowers.io es el mejor sitio para comprar comentarios de Facebook?<\/h2>\n\n<p>Comprarseguidores.io es famoso por su servicio fiable y de alta calidad para aumentar los comentarios en Facebook. Siguiendo estrictamente las directrices de Facebook, el servicio garantiza que todas las interacciones sean aut\u00e9nticas y activas, protegiendo tu cuenta de posibles problemas. Las mejoras notables en la participaci\u00f3n en las publicaciones y el volumen de comentarios suelen verse en unas pocas horas.  <\/p>\n\n<p>Adem\u00e1s, comprarseguidores.io se enorgullece de su excepcional servicio de atenci\u00f3n al cliente, que resuelve r\u00e1pidamente cualquier problema y responde a tus preguntas. La plataforma ofrece una variedad de paquetes dise\u00f1ados para adaptarse a diferentes necesidades y presupuestos, con transacciones seguras que protegen tu informaci\u00f3n personal y financiera. En general, comprarseguidores.io ofrece un servicio fiable y eficaz que aumenta significativamente tu presencia en Facebook.  <\/p>\n\n<h2 class=\"wp-block-heading\">Buyfollowers.io Ofrece paquetes de seguimiento de comentarios activos de Facebook<\/h2>\n\n<ul class=\"wp-block-list\">\n<li>10 Comentarios en Facebook<\/li>\n\n\n\n<li>15 Comentarios en Facebook<\/li>\n\n\n\n<li>20 Comentarios en Facebook<\/li>\n\n\n\n<li>25 Comentarios en Facebook<\/li>\n\n\n\n<li>30 Comentarios en Facebook<\/li>\n<\/ul>\n\n<h1 class=\"wp-block-heading\">PREGUNTAS FRECUENTES<\/h1>\n\n<div data-schema-only=\"false\" class=\"wp-block-aioseo-faq\"><h3 class=\"aioseo-faq-block-question\"><strong>Quanto tempo leva at\u00e9 eu ver resultados?<\/strong><\/h3><div class=\"aioseo-faq-block-answer\">\n<p>Ver\u00e1s los resultados casi inmediatamente despu\u00e9s de que se haya procesado tu pedido, normalmente en unas pocas horas.<\/p>\n<\/div><\/div>\n\n<div data-schema-only=\"false\" class=\"wp-block-aioseo-faq\"><h3 class=\"aioseo-faq-block-question\"><strong>Por que devo comprar coment\u00e1rios no Facebook?<\/strong><\/h3><div class=\"aioseo-faq-block-answer\">\n<p>Comprar comentarios en Facebook puede aumentar la visibilidad y credibilidad de tu p\u00e1gina, haciendo que tus publicaciones parezcan populares y atrayendo as\u00ed m\u00e1s participaci\u00f3n org\u00e1nica. Este aumento de la actividad puede impulsar tu alcance general y tu influencia en la plataforma. <\/p>\n<\/div><\/div>\n\n<div data-schema-only=\"false\" class=\"wp-block-aioseo-faq\"><h3 class=\"aioseo-faq-block-question\"><strong>Esses s\u00e3o coment\u00e1rios reais do Facebook?<\/strong><\/h3><div class=\"aioseo-faq-block-answer\">\n<p>S\u00ed, se trata de comentarios reales de Facebook realizados por usuarios activos.<\/p>\n<\/div><\/div>\n\n<div data-schema-only=\"false\" class=\"wp-block-aioseo-faq\"><h3 class=\"aioseo-faq-block-question\"><strong>Quais benef\u00edcios posso esperar ao comprar coment\u00e1rios no Facebook?<\/strong><\/h3><div class=\"aioseo-faq-block-answer\">\n<p>Comprar comentarios en Facebook puede aumentar la participaci\u00f3n y la visibilidad de las publicaciones, haciendo que el algoritmo de Facebook muestre tu contenido de forma m\u00e1s prominente debido al aumento de las interacciones. Esto no s\u00f3lo aporta credibilidad y prueba social, haciendo que tus publicaciones sean populares y dignas de confianza, sino que tambi\u00e9n estimula un debate m\u00e1s org\u00e1nico, aumentando el compromiso general. <\/p>\n<\/div><\/div>\n\n<div data-schema-only=\"false\" class=\"wp-block-aioseo-faq\"><h3 class=\"aioseo-faq-block-question\"><strong>Comprar coment\u00e1rios \u00e9 uma pr\u00e1tica comum?<\/strong><\/h3><div class=\"aioseo-faq-block-answer\">\n<p>S\u00ed, comprar comentarios en Facebook es habitual entre los profesionales del marketing y los usuarios que buscan aumentar r\u00e1pidamente el compromiso y la visibilidad de las publicaciones para atraer m\u00e1s interacciones org\u00e1nicas.<\/p>\n<\/div><\/div>\n\n<div data-schema-only=\"false\" class=\"wp-block-aioseo-faq\"><h3 class=\"aioseo-faq-block-question\"><strong>Um alto n\u00famero de coment\u00e1rios pode aumentar o engajamento org\u00e2nico?<\/strong><\/h3><div class=\"aioseo-faq-block-answer\">\n<p>S\u00ed, en Facebook, un gran n\u00famero de comentarios puede aumentar la participaci\u00f3n org\u00e1nica. Las publicaciones con muchos comentarios suelen ser mostradas a m\u00e1s personas por el algoritmo de Facebook, lo que conduce a m\u00e1s \"me gusta\", \"compartir\" y otros comentarios. <\/p>\n<\/div><\/div>\n\n<div data-schema-only=\"false\" class=\"wp-block-aioseo-faq\"><h3 class=\"aioseo-faq-block-question\"><strong>\u00c9 poss\u00edvel ser banido por comprar coment\u00e1rios no Facebook?<\/strong><\/h3><div class=\"aioseo-faq-block-answer\">\n<p>No, comprar comentarios de Facebook a sitios fiables y de buena reputaci\u00f3n no suele conllevar una prohibici\u00f3n. Estos proveedores siguen las normas de Facebook y ofrecen servicios que protegen la seguridad e integridad de tu cuenta. <\/p>\n<\/div><\/div>\n\n<div data-schema-only=\"false\" class=\"wp-block-aioseo-faq\"><h3 class=\"aioseo-faq-block-question\"><strong>Quantos coment\u00e1rios no Facebook devo comprar?<\/strong><\/h3><div class=\"aioseo-faq-block-answer\">\n<p>Cu\u00e1ntos comentarios de Facebook debes comprar depende de tus objetivos. Para un compromiso sustancial, considera comprar m\u00e1s comentarios; para una interacci\u00f3n m\u00e1s sutil, puede bastar con menos. Ajusta la cantidad en funci\u00f3n de tu estrategia de participaci\u00f3n.  <\/p>\n<\/div><\/div>\n\n<div data-schema-only=\"false\" class=\"wp-block-aioseo-faq\"><h3 class=\"aioseo-faq-block-question\"><strong>O que fazer se meu pedido n\u00e3o for entregue?<\/strong><\/h3><div class=\"aioseo-faq-block-answer\">\n<p>Si tu pedido no se entrega, comprueba la confirmaci\u00f3n del pedido y los detalles del pago para asegurarte de que todo es correcto. A continuaci\u00f3n, ponte en contacto con el servicio de atenci\u00f3n al cliente con la informaci\u00f3n de tu pedido para resolver el problema. Deber\u00edan poder ayudarte y ofrecerte una soluci\u00f3n.  <\/p>\n<\/div><\/div>\n\n<div data-schema-only=\"false\" class=\"wp-block-aioseo-faq\"><h3 class=\"aioseo-faq-block-question\"><strong>Quais m\u00e9todos de pagamento voc\u00ea oferece?<\/strong><\/h3><div class=\"aioseo-faq-block-answer\">\n<p>Ofrecemos diversos m\u00e9todos de pago, como tarjetas de cr\u00e9dito, PayPal y, en algunos casos, criptomonedas. Esta diversidad te permite elegir la opci\u00f3n m\u00e1s conveniente para tus transacciones. <\/p>\n<\/div><\/div>\n","protected":false},"excerpt":{"rendered":"<p>\u2713 Comentarios personalizados adaptados a Facebook <br \/>\u2713 \u00a1Relevantes para tu anuncio o publicaci\u00f3n! <br \/>\u2713 Tiempo de procesamiento: 24 horas <br \/>\u2713 \u00a1Tambi\u00e9n puedes proporcionar comentarios o instrucciones en el campo de comentarios durante la compra!<\/p>\n","protected":false},"featured_media":7215,"comment_status":"open","ping_status":"closed","template":"","meta":[],"product_brand":[],"product_cat":[112],"product_tag":[],"class_list":{"0":"post-14212","1":"product","2":"type-product","3":"status-publish","4":"has-post-thumbnail","6":"product_cat-facebook-es","8":"first","9":"instock","10":"shipping-taxable","11":"purchasable","12":"product-type-variable"},"aioseo_notices":[],"_links":{"self":[{"href":"https:\/\/comprarseguidores.io\/es\/wp-json\/wp\/v2\/product\/14212","targetHints":{"allow":["GET"]}}],"collection":[{"href":"https:\/\/comprarseguidores.io\/es\/wp-json\/wp\/v2\/product"}],"about":[{"href":"https:\/\/comprarseguidores.io\/es\/wp-json\/wp\/v2\/types\/product"}],"replies":[{"embeddable":true,"href":"https:\/\/comprarseguidores.io\/es\/wp-json\/wp\/v2\/comments?post=14212"}],"version-history":[{"count":1,"href":"https:\/\/comprarseguidores.io\/es\/wp-json\/wp\/v2\/product\/14212\/revisions"}],"predecessor-version":[{"id":14225,"href":"https:\/\/comprarseguidores.io\/es\/wp-json\/wp\/v2\/product\/14212\/revisions\/14225"}],"wp:featuredmedia":[{"embeddable":true,"href":"https:\/\/comprarseguidores.io\/es\/wp-json\/wp\/v2\/media\/7215"}],"wp:attachment":[{"href":"https:\/\/comprarseguidores.io\/es\/wp-json\/wp\/v2\/media?parent=14212"}],"wp:term":[{"taxonomy":"product_brand","embeddable":true,"href":"https:\/\/comprarseguidores.io\/es\/wp-json\/wp\/v2\/product_brand?post=14212"},{"taxonomy":"product_cat","embeddable":true,"href":"https:\/\/comprarseguidores.io\/es\/wp-json\/wp\/v2\/product_cat?post=14212"},{"taxonomy":"product_tag","embeddable":true,"href":"https:\/\/comprarseguidores.io\/es\/wp-json\/wp\/v2\/product_tag?post=14212"}],"curies":[{"name":"wp","href":"https:\/\/api.w.org\/{rel}","templated":true}]}}