{"id":14224,"date":"2025-03-29T07:30:37","date_gmt":"2025-03-29T07:30:37","guid":{"rendered":"https:\/\/comprarseguidores.io\/product\/comprar-una-revision-de-provenexpert-2\/"},"modified":"2025-04-06T18:25:42","modified_gmt":"2025-04-06T18:25:42","slug":"comprar-una-revision-de-provenexpert-2","status":"publish","type":"product","link":"https:\/\/comprarseguidores.io\/es\/product\/comprar-una-revision-de-provenexpert-2\/","title":{"rendered":"Comprar una revisi\u00f3n de ProvenExpert"},"content":{"rendered":"\n<h2 class=\"wp-block-heading\">Comprar una revisi\u00f3n de ProvenExpert<\/h2>\n\n<p>Comprar opiniones para plataformas como ProvenExpert puede parecer una forma r\u00e1pida de aumentar la credibilidad de tu negocio y atraer a m\u00e1s clientes. Los beneficios percibidos pueden incluir un impulso instant\u00e1neo a tu reputaci\u00f3n online, haciendo que tus servicios o productos parezcan m\u00e1s fiables y bien recibidos por los consumidores. <\/p>\n\n<p>Adem\u00e1s, un mayor n\u00famero de opiniones positivas puede mejorar potencialmente la clasificaci\u00f3n en los motores de b\u00fasqueda y aumentar la visibilidad. Esto puede animar a m\u00e1s clientes potenciales a confiar en tu empresa debido a la aparente satisfacci\u00f3n de los clientes y al gran volumen de opiniones positivas. Sin embargo, es crucial recordar que estas pr\u00e1cticas van en contra de las condiciones de la mayor\u00eda de las plataformas de rese\u00f1as y, si se descubren, podr\u00edan da\u00f1ar la credibilidad de tu empresa y la confianza de los consumidores.  <\/p>\n\n<h2 class=\"wp-block-heading\"><strong>Comprar 5 estrellas + Revisi\u00f3n de Business ProvenExpert<\/strong><br\/><strong>(Portugu\u00e9s)<\/strong><\/h2>\n\n<p>Impulsa el perfil de tu negocio con el paquete \"Valoraci\u00f3n de 5 estrellas de ProvenExpert + Negocio\". Esta opci\u00f3n est\u00e1 dise\u00f1ada para mejorar r\u00e1pida y eficazmente tu presencia online a\u00f1adiendo rese\u00f1as de cinco estrellas de alta calidad a tu perfil de ProvenExpert. Ideal para empresas que quieren mejorar su reputaci\u00f3n, atraer a m\u00e1s clientes y establecer una presencia en l\u00ednea fuerte y fiable. Eleva el perfil y la credibilidad de tu empresa con este paquete de rese\u00f1as personalizado.   <\/p>\n\n<p><strong>Aumenta tu visibilidad y credibilidad en Trustpilot, ProvenExpert, Facebook, Fiverr y ScamAdvisor con nuestros servicios de evaluaci\u00f3n personalizada, dise\u00f1ados para mejorar tu reputaci\u00f3n y atraer a m\u00e1s clientes en diversas plataformas.<\/strong><\/p>\n\n<h2 class=\"wp-block-heading\"><strong>\u00bfCu\u00e1les son las ventajas de comprar opiniones en ProvenExpert?<\/strong><\/h2>\n\n<p>Algunas empresas pueden considerarlo como un m\u00e9todo para obtener diversos beneficios, entre ellos:<\/p>\n\n<ol class=\"wp-block-list\">\n<li><strong>Mayor confianza<\/strong> Adquirir opiniones puede aumentar r\u00e1pidamente la confianza percibida de una empresa entre los clientes potenciales.<br\/><\/li>\n\n\n\n<li>Mayor <strong>visibilidad<\/strong> Un mayor n\u00famero de opiniones positivas puede elevar el perfil de una empresa en las plataformas de b\u00fasqueda, lo que se traduce en un aumento del tr\u00e1fico web.<br\/><\/li>\n\n\n\n<li>Mayores <strong>ingresos<\/strong> Una mayor visibilidad y credibilidad pueden generar m\u00e1s consultas y, potencialmente, mayores ventas.<br\/><\/li>\n\n\n\n<li><strong>Ventaja de mercado<\/strong> En sectores competitivos, un mayor n\u00famero de rese\u00f1as puede suponer una ventaja competitiva frente a empresas con menos rese\u00f1as.<\/li>\n<\/ol>\n\n<h2 class=\"wp-block-heading\"><strong>\u00bfEs seguro comprar opiniones en ProvenExpert?<\/strong><\/h2>\n\n<p>S\u00ed, comprar opiniones en ProvenExpert puede ser seguro si se utiliza un servicio fiable y leg\u00edtimo. Dichos proveedores siguen normas legales y \u00e9ticas, proporcionando opiniones aut\u00e9nticas que no ponen en peligro tu cuenta de ProvenExpert. Comprueba siempre la reputaci\u00f3n del proveedor y examina las opiniones de los clientes para confirmar su fiabilidad y la transparencia de sus pr\u00e1cticas.  <\/p>\n\n<figure class=\"wp-block-image size-full\"><img fetchpriority=\"high\" decoding=\"async\" width=\"800\" height=\"600\" src=\"https:\/\/comprarseguidores.io\/wp-content\/uploads\/2024\/06\/Comprar-avaliacao-ProvenExpert.png\" alt=\"Compra-Evaluaci&#xF3;n-ProbadaExperto\" class=\"wp-image-9509\" srcset=\"https:\/\/comprarseguidores.io\/wp-content\/uploads\/2024\/06\/Comprar-avaliacao-ProvenExpert.png 800w, https:\/\/comprarseguidores.io\/wp-content\/uploads\/2024\/06\/Comprar-avaliacao-ProvenExpert-300x225.png 300w, https:\/\/comprarseguidores.io\/wp-content\/uploads\/2024\/06\/Comprar-avaliacao-ProvenExpert-768x576.png 768w, https:\/\/comprarseguidores.io\/wp-content\/uploads\/2024\/06\/Comprar-avaliacao-ProvenExpert-441x331.png 441w, https:\/\/comprarseguidores.io\/wp-content\/uploads\/2024\/06\/Comprar-avaliacao-ProvenExpert-150x113.png 150w\" sizes=\"(max-width: 800px) 100vw, 800px\" \/><\/figure>\n\n<h2 class=\"wp-block-heading\"><strong>\u00bfC\u00f3mo compro opiniones en ProvenExpert?<\/strong><\/h2>\n\n<p>Comprar opiniones en ProvenExpert puede ser un proceso sencillo. S\u00f3lo tienes que introducir la URL de tu empresa en el campo designado, seleccionar el n\u00famero adecuado de opiniones y finalizar tu pedido. El proceso suele iniciarse en pocas horas y puedes empezar a ver resultados casi de inmediato.  <\/p>\n\n<p>Esta facilidad de uso permite a las empresas mejorar r\u00e1pidamente su perfil en l\u00ednea y su credibilidad, atrayendo a clientes potenciales con una mejor presencia de rese\u00f1as. Sin embargo, es importante recordar que comprar opiniones va en contra de las pol\u00edticas de ProvenExpert y podr\u00eda poner en peligro la fiabilidad de tu empresa. <\/p>\n\n<ol class=\"wp-block-list\">\n<li>Introduce la URL de tu empresa en el campo indicado.<\/li>\n\n\n\n<li>Elige el n\u00famero de opiniones que quieres comprar.<\/li>\n\n\n\n<li>Finaliza tu transacci\u00f3n y env\u00eda tu pedido.<\/li>\n\n\n\n<li>El pedido suele empezar en pocas horas.<\/li>\n\n\n\n<li>Empieza a ver los efectos de las evaluaciones casi al instante.<\/li>\n<\/ol>\n\n<h2 class=\"wp-block-heading\"><strong>\u00bfCu\u00e1nto cuestan 1000 opiniones en ProvenExpert?<\/strong><\/h2>\n\n<p>El coste de 1000 opiniones en ProvenExpert puede variar mucho en funci\u00f3n de varios factores, como la calidad de las opiniones, si son personalizadas o generadas aleatoriamente, y la autenticidad del proveedor de servicios. Los distintos proveedores pueden ofrecer diferentes esquemas de precios en funci\u00f3n del nivel de personalizaci\u00f3n y de la autenticidad percibida de las opiniones. <\/p>\n\n<h2 class=\"wp-block-heading\"><strong>\u00bfC\u00f3mo puedo conseguir m\u00e1s opiniones en ProvenExpert?<\/strong><\/h2>\n\n<p>Para aumentar \u00e9ticamente el n\u00famero de rese\u00f1as en tu perfil de ProvenExpert, puedes poner en pr\u00e1ctica varias estrategias centradas en el compromiso genuino con el cliente:<\/p>\n\n<ol class=\"wp-block-list\">\n<li><strong>Pregunta directamente a los clientes<\/strong> Despu\u00e9s de proporcionar tu servicio o producto, haz un seguimiento con tus clientes por correo electr\u00f3nico o tel\u00e9fono y p\u00eddeles amablemente que consideren dejar una rese\u00f1a en ProvenExpert. S\u00e9 educado y no intrusivo en tu petici\u00f3n. <br\/><\/li>\n\n\n\n<li><strong>Simplifica el proceso de opini\u00f3n<\/strong> Incluye enlaces directos a tu p\u00e1gina de opini\u00f3n de ProvenExpert en tus correos electr\u00f3nicos, boletines y en tu sitio web. Cuanto m\u00e1s f\u00e1cil les resulte a los clientes dejar una opini\u00f3n, m\u00e1s probable ser\u00e1 que lo hagan. <br\/><\/li>\n\n\n\n<li><strong>Incentiva las opiniones<\/strong> Aunque nunca debes ofrecer incentivos por las opiniones positivas, puedes animar a tus clientes a dejar cualquier tipo de opini\u00f3n haci\u00e9ndoles participar en un sorteo u ofreci\u00e9ndoles un peque\u00f1o descuento en futuros servicios. Aseg\u00farate de que tus clientes sepan que el incentivo es para cualquier opini\u00f3n sincera, no s\u00f3lo para las positivas. <br\/><\/li>\n\n\n\n<li>Aprovecha <strong>las<\/strong> redes sociales Promociona tu perfil de ProvenExpert en tus canales de redes sociales y anima a tus seguidores a compartir sus experiencias a trav\u00e9s de rese\u00f1as.<br\/><\/li>\n\n\n\n<li><strong>Responde a las opiniones existentes<\/strong> Demuestra que valoras las opiniones de los clientes respondiendo a todas las opiniones, ya sean positivas o negativas. Esto no s\u00f3lo mejora el compromiso, sino que tambi\u00e9n anima a otros a contribuir con sus opiniones. <br\/><\/li>\n\n\n\n<li><strong>Ofrece un servicio excepcional<\/strong> La forma m\u00e1s eficaz de conseguir rese\u00f1as positivas es ofrecer un servicio excelente que supere las expectativas. Los clientes satisfechos son m\u00e1s propensos a compartir sus experiencias positivas. <\/li>\n<\/ol>\n\n<p>Utilizando estos m\u00e9todos, puedes aumentar org\u00e1nicamente tus valoraciones en ProvenExpert, mejorando aut\u00e9nticamente la reputaci\u00f3n de tu negocio.<\/p>\n\n<h2 class=\"wp-block-heading\"><strong>\u00bfPor qu\u00e9 comprarseguidores.io es el mejor sitio para comprar opiniones de ProvenExpert?<\/strong><\/h2>\n\n<p><strong>comprarseguidores.io<\/strong> est\u00e1 reconocida como la mejor opci\u00f3n para adquirir rese\u00f1as en ProvenExpert, elogiada por sus servicios fiables y superiores. Esta plataforma es conocida por producir rese\u00f1as aut\u00e9nticas que se ajustan a los servicios ofrecidos por tu empresa, mejorando tanto la cantidad como la calidad de tus rese\u00f1as online. Ofrece opciones personalizadas, lo que te permite recibir rese\u00f1as que se ajusten a tu nicho de mercado espec\u00edfico, mejorando significativamente la imagen de tu negocio.  <\/p>\n\n<p>Adem\u00e1s, <strong>comprarseguidores.io<\/strong> es conocido por la rapidez de su servicio, que a menudo empieza a subir rese\u00f1as a las pocas horas de realizar el pedido, lo que te permite ver r\u00e1pidamente las mejoras en tu perfil de ProvenExpert. La plataforma hace hincapi\u00e9 en las transacciones seguras, protegiendo meticulosamente tu informaci\u00f3n personal y financiera. Respaldado por un excelente servicio de atenci\u00f3n al cliente y una variedad de planes flexibles para diferentes presupuestos, <strong>comprarseguidores.io<\/strong> ofrece un servicio completo adaptado a las necesidades de los empresarios que desean aumentar su presencia en ProvenExpert.  <\/p>\n\n<h2 class=\"wp-block-heading\"><strong>Buyseguidores.io<\/strong> ofrece los siguientes paquetes de revisi\u00f3n ProvenExpert activos<\/h2>\n\n<ul class=\"wp-block-list\">\n<li>1 opini\u00f3n sobre ProvenExpert<\/li>\n\n\n\n<li>5 Opiniones sobre ProvenExpert<\/li>\n\n\n\n<li>10 Opiniones sobre ProvenExpert<\/li>\n\n\n\n<li>25 Opiniones sobre ProvenExpert<\/li>\n\n\n\n<li>50 Opiniones sobre ProvenExpert<\/li>\n\n\n\n<li>100 Opiniones sobre ProvenExpert<\/li>\n<\/ul>\n\n<h1 class=\"wp-block-heading\">PREGUNTAS FRECUENTES<\/h1>\n\n<div data-schema-only=\"false\" class=\"wp-block-aioseo-faq\"><h3 class=\"aioseo-faq-block-question\"><strong>Quais benef\u00edcios posso esperar ao comprar avalia\u00e7\u00f5es no ProvenExpert?<\/strong><\/h3><div class=\"aioseo-faq-block-answer\">\n<p>Comprar opiniones en ProvenExpert puede mejorar significativamente tu fiabilidad y presencia percibidas, presentando tu negocio como m\u00e1s digno de confianza y atrayendo nuevas interacciones org\u00e1nicas.<\/p>\n<\/div><\/div>\n\n<div data-schema-only=\"false\" class=\"wp-block-aioseo-faq\"><h3 class=\"aioseo-faq-block-question\"><strong>Por que devo comprar avalia\u00e7\u00f5es no ProvenExpert?<\/strong><\/h3><div class=\"aioseo-faq-block-answer\">\n<p>Comprar rese\u00f1as en ProvenExpert puede impulsar tu credibilidad y aumentar tu visibilidad. Un mayor n\u00famero de opiniones puede hacer que tu negocio tenga m\u00e1s autoridad, lo que ayuda a atraer m\u00e1s interacciones org\u00e1nicas y mejora tu influencia y presencia general. <\/p>\n<\/div><\/div>\n\n<div data-schema-only=\"false\" class=\"wp-block-aioseo-faq\"><h3 class=\"aioseo-faq-block-question\"><strong>Quantas avalia\u00e7\u00f5es devo comprar?<\/strong><\/h3><div class=\"aioseo-faq-block-answer\">\n<p>El n\u00famero de rese\u00f1as que debes comprar var\u00eda en funci\u00f3n de tus objetivos. Si quieres una visibilidad r\u00e1pida, puedes comprar un n\u00famero mayor. Si tu objetivo es una participaci\u00f3n constante de la comunidad, empieza con un n\u00famero menor. Selecciona la cantidad que est\u00e9 en consonancia con tu estrategia general.   <\/p>\n<\/div><\/div>\n\n<div data-schema-only=\"false\" class=\"wp-block-aioseo-faq\"><h3 class=\"aioseo-faq-block-question\"><strong>Quanto tempo at\u00e9 eu ver resultados?<\/strong><\/h3><div class=\"aioseo-faq-block-answer\">\n<p>Ver\u00e1s los resultados casi inmediatamente despu\u00e9s de que se haya procesado tu pedido, normalmente en unas pocas horas.<\/p>\n<\/div><\/div>\n\n<div data-schema-only=\"false\" class=\"wp-block-aioseo-faq\"><h3 class=\"aioseo-faq-block-question\"><strong>Comprar avalia\u00e7\u00f5es \u00e9 uma pr\u00e1tica comum?<\/strong><\/h3><div class=\"aioseo-faq-block-answer\">\n<p><span style=\"font-size: revert; color: initial;\">S\u00ed, comprar opiniones en ProvenExpert es una pr\u00e1ctica habitual. Este m\u00e9todo se utiliza a menudo para mejorar r\u00e1pidamente la reputaci\u00f3n de un negocio y atraer a m\u00e1s clientes aut\u00e9nticos. <\/span><\/p>\n<\/div><\/div>\n\n<div data-schema-only=\"false\" class=\"wp-block-aioseo-faq\"><h3 class=\"aioseo-faq-block-question\"><strong>\u00c9 poss\u00edvel ser banido por comprar avalia\u00e7\u00f5es?<\/strong><\/h3><div class=\"aioseo-faq-block-answer\">\n<p>No, no te prohibir\u00e1n comprar opiniones si utilizas sitios aut\u00e9nticos y de buena reputaci\u00f3n. Estos proveedores siguen las directrices de la plataforma, garantizando pr\u00e1cticas seguras y conformes para tu canal. <\/p>\n<\/div><\/div>\n\n<div data-schema-only=\"false\" class=\"wp-block-aioseo-faq\"><h3 class=\"aioseo-faq-block-question\"><strong>Essas s\u00e3o avalia\u00e7\u00f5es reais no ProvenExpert?<\/strong><\/h3><div class=\"aioseo-faq-block-answer\">\n<p>S\u00ed, son opiniones reales sobre ProvenExpert de usuarios reales.<\/p>\n<\/div><\/div>\n\n<div data-schema-only=\"false\" class=\"wp-block-aioseo-faq\"><h3 class=\"aioseo-faq-block-question\"><strong>Um alto n\u00famero de avalia\u00e7\u00f5es pode aumentar o engajamento org\u00e2nico?<\/strong><\/h3><div class=\"aioseo-faq-block-answer\">\n<p>S\u00ed, tener muchas rese\u00f1as en ProvenExpert puede aumentar el compromiso org\u00e1nico. Un canal activo con muchas opiniones suele atraer a m\u00e1s miembros que probablemente interact\u00faen, haciendo que la comunidad sea m\u00e1s din\u00e1mica. <\/p>\n<\/div><\/div>\n\n<div data-schema-only=\"false\" class=\"wp-block-aioseo-faq\"><h3 class=\"aioseo-faq-block-question\"><strong>O que fazer se meu pedido n\u00e3o for entregue?<\/strong><\/h3><div class=\"aioseo-faq-block-answer\">\n<p>Si tu pedido no se entrega, comprueba la confirmaci\u00f3n del pedido y los datos de pago para asegurarte de que son correctos. A continuaci\u00f3n, ponte en contacto con el servicio de atenci\u00f3n al cliente con la informaci\u00f3n de tu pedido para resolver el problema. Deber\u00edan poder ayudarte y ofrecerte una soluci\u00f3n.  <\/p>\n<\/div><\/div>\n\n<div data-schema-only=\"false\" class=\"wp-block-aioseo-faq\"><h3 class=\"aioseo-faq-block-question\"><strong>Quais m\u00e9todos de pagamento voc\u00ea oferece?<\/strong><\/h3><div class=\"aioseo-faq-block-answer\">\n<p>Ofrecemos diversos m\u00e9todos de pago, como tarjetas de cr\u00e9dito, PayPal y, en algunos casos, criptomonedas. Esta variedad te permite elegir la opci\u00f3n m\u00e1s conveniente para tus transacciones. <\/p>\n<\/div><\/div>\n","protected":false},"excerpt":{"rendered":"<p><strong>\ud83d\udd25 \u00a1Aumenta inmediatamente tu reputaci\u00f3n con aut\u00e9nticas rese\u00f1as de ProvenExpert!<\/strong><\/p>\n<ul>\n<li><strong>\u2705 Opiniones reales sobre ProvenExpert<\/strong><\/li>\n<li><strong>\ud83c\udf1f\ud83c\udf1f\ud83c\udf1f\ud83c\udf1f\ud83c\udf1f Aut\u00e9ntico<\/strong><\/li>\n<li><strong>\ud83d\udcb0 Precios asequibles<\/strong><\/li>\n<li><strong>\ud83d\udcde Atenci\u00f3n al cliente 24 horas al d\u00eda, 7 d\u00edas a la semana<\/strong><\/li>\n<li><strong>\ud83d\udd12 M\u00e9todos de pago seguros<\/strong><\/li>\n<\/ul>\n","protected":false},"featured_media":9506,"comment_status":"open","ping_status":"closed","template":"","meta":[],"product_brand":[],"product_cat":[137],"product_tag":[],"class_list":{"0":"post-14224","1":"product","2":"type-product","3":"status-publish","4":"has-post-thumbnail","6":"product_cat-expertodemostrado","8":"first","9":"instock","10":"shipping-taxable","11":"purchasable","12":"product-type-variable"},"aioseo_notices":[],"_links":{"self":[{"href":"https:\/\/comprarseguidores.io\/es\/wp-json\/wp\/v2\/product\/14224","targetHints":{"allow":["GET"]}}],"collection":[{"href":"https:\/\/comprarseguidores.io\/es\/wp-json\/wp\/v2\/product"}],"about":[{"href":"https:\/\/comprarseguidores.io\/es\/wp-json\/wp\/v2\/types\/product"}],"replies":[{"embeddable":true,"href":"https:\/\/comprarseguidores.io\/es\/wp-json\/wp\/v2\/comments?post=14224"}],"version-history":[{"count":1,"href":"https:\/\/comprarseguidores.io\/es\/wp-json\/wp\/v2\/product\/14224\/revisions"}],"predecessor-version":[{"id":14251,"href":"https:\/\/comprarseguidores.io\/es\/wp-json\/wp\/v2\/product\/14224\/revisions\/14251"}],"wp:featuredmedia":[{"embeddable":true,"href":"https:\/\/comprarseguidores.io\/es\/wp-json\/wp\/v2\/media\/9506"}],"wp:attachment":[{"href":"https:\/\/comprarseguidores.io\/es\/wp-json\/wp\/v2\/media?parent=14224"}],"wp:term":[{"taxonomy":"product_brand","embeddable":true,"href":"https:\/\/comprarseguidores.io\/es\/wp-json\/wp\/v2\/product_brand?post=14224"},{"taxonomy":"product_cat","embeddable":true,"href":"https:\/\/comprarseguidores.io\/es\/wp-json\/wp\/v2\/product_cat?post=14224"},{"taxonomy":"product_tag","embeddable":true,"href":"https:\/\/comprarseguidores.io\/es\/wp-json\/wp\/v2\/product_tag?post=14224"}],"curies":[{"name":"wp","href":"https:\/\/api.w.org\/{rel}","templated":true}]}}