{"id":14265,"date":"2025-03-29T07:30:21","date_gmt":"2025-03-29T07:30:21","guid":{"rendered":"https:\/\/comprarseguidores.io\/product\/comprar-visitas-en-twitch-2\/"},"modified":"2025-04-06T18:25:42","modified_gmt":"2025-04-06T18:25:42","slug":"comprar-visitas-en-twitch-2","status":"publish","type":"product","link":"https:\/\/comprarseguidores.io\/es\/product\/comprar-visitas-en-twitch-2\/","title":{"rendered":"Comprar visitas en Twitch"},"content":{"rendered":"\n<h2 class=\"wp-block-heading\">Comprar visitas en Twitch<\/h2>\n\n<p>Comprar visitas en Twitch puede ofrecer varias ventajas a los streamers que quieran ampliar su canal. En primer lugar, puede aumentar la visibilidad y la credibilidad, ya que los canales con un mayor n\u00famero de visitas suelen ser percibidos como m\u00e1s populares y fiables por los nuevos espectadores. Esta mayor visibilidad puede atraer a m\u00e1s espectadores org\u00e1nicos y conducir potencialmente a una audiencia mayor y m\u00e1s comprometida. En segundo lugar, un mayor n\u00famero de visualizaciones puede aumentar la probabilidad de que un canal aparezca en <a href=\"https:\/\/www.twitch.tv\/p\/en\/legal\/recommendations-on-twitch\/#:~:text=If%20you%20have%20visited%20Twitch,we%20think%20you%20will%20enjoy.\">las secuencias recomendadas<\/a>, mejorando as\u00ed su visibilidad en la plataforma.   <\/p>\n\n<p>Por \u00faltimo, tener m\u00e1s visualizaciones puede crear una sensaci\u00f3n de impulso y \u00e9xito, animando al streamer a producir m\u00e1s contenido e interactuar m\u00e1s activamente con su audiencia. Sin embargo, es importante tener en cuenta las implicaciones \u00e9ticas y los riesgos potenciales de estas pr\u00e1cticas, ya que a veces pueden infringir las pol\u00edticas de la plataforma. <\/p>\n\n<h2 class=\"wp-block-heading\">Comprar visitas al canal de Twitch<\/h2>\n\n<p>Aumenta el protagonismo y la credibilidad de tu canal de Twitch comprando Vistas de canal. Este servicio tiene como objetivo aumentar el n\u00famero de visitas de tu canal, impulsando su visibilidad y haci\u00e9ndolo parecer m\u00e1s establecido y popular. Un mayor n\u00famero de visualizaciones puede atraer a m\u00e1s espectadores org\u00e1nicos y mejorar la clasificaci\u00f3n de tu canal en los resultados de las b\u00fasquedas y en las listas de recomendados, proporcionando un paso esencial hacia la construcci\u00f3n de una audiencia mayor y m\u00e1s comprometida.  <\/p>\n\n<h2 class=\"wp-block-heading\">Comprar visualizaciones de clips de Twitch<\/h2>\n\n<p>Aumenta el alcance y el impacto de tus mejores momentos en Twitch comprando Vistas de clips de Twitch. Este servicio se centra en amplificar la visibilidad de clips espec\u00edficos, ayudando a destacar tus mejores momentos ante un p\u00fablico m\u00e1s amplio. M\u00e1s visualizaciones de tus clips pueden resultar en una mayor exposici\u00f3n y reconocimiento, impulsando el inter\u00e9s de vuelta a tu canal principal. Es un enfoque estrat\u00e9gico para destacar la calidad de tu contenido y atraer a espectadores que a\u00fan no han descubierto tu canal.   <\/p>\n\n<p><strong>Optimizar tu canal de Twitch con una combinaci\u00f3n equilibrada de seguidores, visualizaciones, visualizaciones de retransmisiones en directo y participaci\u00f3n del chatbot puede mejorar significativamente las m\u00e9tricas de tu canal y establecer tu credibilidad.<\/strong><\/p>\n\n<h2 class=\"wp-block-heading\">\u00bfCu\u00e1les son las ventajas de comprar visitas en Twitch?<\/h2>\n\n<p>Comprar visualizaciones en Twitch puede ofrecer una serie de sencillas ventajas a los streamers:<\/p>\n\n<ol class=\"wp-block-list\">\n<li><strong>M\u00e1s exposici\u00f3n<\/strong><br\/>Los canales con m\u00e1s visualizaciones se hacen notar m\u00e1s f\u00e1cilmente, apareciendo con m\u00e1s frecuencia en las b\u00fasquedas y recomendaciones.<br\/><\/li>\n\n\n\n<li><strong>Apariencia de popularidad<\/strong><br\/>M\u00e1s visitas pueden hacer que un canal parezca popular, atrayendo a m\u00e1s espectadores que conf\u00edan en los canales populares y los siguen.<br\/><\/li>\n\n\n\n<li><strong>Mayor interacci\u00f3n<\/strong><br\/>Un mayor n\u00famero de espectadores puede animar a m\u00e1s espectadores a participar, creando un entorno m\u00e1s animado y atractivo.<br\/><\/li>\n\n\n\n<li><strong>Oportunidades de monetizaci\u00f3n<\/strong><br\/>M\u00e1s visitas pueden atraer a patrocinadores y anunciantes, ofreciendo formas adicionales de ganar dinero.<br\/><\/li>\n\n\n\n<li><strong>Motivaci\u00f3n<\/strong><br\/>Unas visualizaciones m\u00e1s altas pueden motivar a los streamers a mejorar su contenido e interactuar m\u00e1s con su audiencia.<\/li>\n<\/ol>\n\n<p>Sin embargo, es importante recordar que comprar visitas puede ser arriesgado y puede infringir las normas de Twitch, lo que podr\u00eda acarrear sanciones.<\/p>\n\n<h2 class=\"wp-block-heading\">\u00bfEs seguro comprar visitas en Twitch?<\/h2>\n\n<p>Comprar visualizaciones en Twitch puede considerarse seguro si se hace a trav\u00e9s de sitios aut\u00e9nticos y de buena reputaci\u00f3n que garanticen el cumplimiento de las condiciones de servicio de Twitch. Estos sitios suelen afirmar que utilizan m\u00e9todos leg\u00edtimos para aumentar el n\u00famero de visitas, lo que puede minimizar los riesgos asociados a estas pr\u00e1cticas. Sin embargo, es esencial actuar con cautela:  <\/p>\n\n<ol class=\"wp-block-list\">\n<li><strong>Cumplimiento de las pol\u00edticas de Twitch:<\/strong> Los proveedores aut\u00e9nticos deben cumplir estrictamente las directrices de Twitch, que se actualizan con frecuencia para evitar inflar artificialmente las m\u00e9tricas de participaci\u00f3n.<\/li>\n\n\n\n<li><strong>Compromiso real:<\/strong> Aunque estos sitios pueden ofrecer opiniones de usuarios reales, la profundidad del compromiso y la probabilidad de que estos espectadores se conviertan en miembros activos de la comunidad son inciertas.<\/li>\n\n\n\n<li><strong>Gesti\u00f3n de la reputaci\u00f3n:<\/strong> Aunque las visitas se compren a fuentes fiables, siempre existe el riesgo de que, si se descubre, esto afecte negativamente a la percepci\u00f3n de autenticidad de tu canal.<\/li>\n\n\n\n<li><strong>Prevenci\u00f3n de esta<\/strong> fas<strong>:<\/strong> Incluso entre los sitios aut\u00e9nticos, existen riesgos de estafa. Es crucial investigar a fondo, buscando rese\u00f1as y testimonios antes de tomar una decisi\u00f3n. <\/li>\n<\/ol>\n\n<p>En resumen, aunque comprar vistas puede ofrecer ventajas, es importante sopesar los riesgos que conlleva y ser consciente de las implicaciones \u00e9ticas y normativas asociadas a esta pr\u00e1ctica en Twitch.<\/p>\n\n<figure class=\"wp-block-image size-full\"><img fetchpriority=\"high\" decoding=\"async\" width=\"800\" height=\"600\" src=\"https:\/\/comprarseguidores.io\/wp-content\/uploads\/2024\/06\/Comprar-Visualizacoes-Twitch.png\" alt=\"Comprar visitas en Twitch\" class=\"wp-image-9429\" srcset=\"https:\/\/comprarseguidores.io\/wp-content\/uploads\/2024\/06\/Comprar-Visualizacoes-Twitch.png 800w, https:\/\/comprarseguidores.io\/wp-content\/uploads\/2024\/06\/Comprar-Visualizacoes-Twitch-300x225.png 300w, https:\/\/comprarseguidores.io\/wp-content\/uploads\/2024\/06\/Comprar-Visualizacoes-Twitch-768x576.png 768w, https:\/\/comprarseguidores.io\/wp-content\/uploads\/2024\/06\/Comprar-Visualizacoes-Twitch-441x331.png 441w, https:\/\/comprarseguidores.io\/wp-content\/uploads\/2024\/06\/Comprar-Visualizacoes-Twitch-150x113.png 150w\" sizes=\"(max-width: 800px) 100vw, 800px\" \/><\/figure>\n\n<h2 class=\"wp-block-heading\">\u00bfC\u00f3mo compro visitas en Twitch?<\/h2>\n\n<p>Comprar vistas en Twitch es un proceso sencillo que se puede completar en unos pocos pasos. En primer lugar, tienes que introducir la URL de tu canal en el campo designado en el sitio web del proveedor de servicios. A continuaci\u00f3n, selecciona la cantidad de visitas que deseas comprar, asegur\u00e1ndote de que se ajusta a tus objetivos de crecimiento.  <\/p>\n\n<p>Una vez que hayas hecho tu selecci\u00f3n, completa tu pedido tramitando el pago. Normalmente, el pedido se iniciar\u00e1 en pocas horas, y empezar\u00e1s a ver resultados casi de inmediato. Este m\u00e9todo r\u00e1pido y sencillo permite a los streamers aumentar eficazmente su n\u00famero de visualizaciones.  <\/p>\n\n<ol class=\"wp-block-list\">\n<li><strong>Introduce la URL de tu canal.<\/strong><\/li>\n\n\n\n<li><strong>Elige el n\u00famero de vistas que deseas.<\/strong><\/li>\n\n\n\n<li><strong>Completa tu pedido.<\/strong><\/li>\n\n\n\n<li><strong>Los pedidos empiezan en unas horas.<\/strong><\/li>\n\n\n\n<li><strong>Observa los resultados casi de inmediato.<\/strong><\/li>\n<\/ol>\n\n<h2 class=\"wp-block-heading\">\u00bfCu\u00e1nto cuestan 1.000 visualizaciones en Twitch?<\/h2>\n\n<p>El coste de comprar 1000 vistas en Twitch suele rondar los 7 $. Esta cifra estimada puede variar en funci\u00f3n del proveedor que elijas y de los detalles espec\u00edficos del servicio que ofrezca. Al seleccionar un servicio, es importante tener en cuenta no s\u00f3lo el precio, sino tambi\u00e9n la fiabilidad y reputaci\u00f3n del proveedor para asegurarte de que recibes vistas de calidad que cumplen <a href=\"https:\/\/safety.twitch.tv\/s\/article\/Community-Guidelines?language=en_US\">las directrices de Twitch<\/a>. Adem\u00e1s, algunos proveedores pueden ofrecer diferentes paquetes o paquetes de servicios a diferentes precios, lo que puede afectar al coste total.   <\/p>\n\n<h2 class=\"wp-block-heading\">\u00bfC\u00f3mo puedo conseguir m\u00e1s visitas en Twitch?<\/h2>\n\n<p>Para atraer a m\u00e1s espectadores en Twitch, prueba estos m\u00e9todos directos:<\/p>\n\n<ol class=\"wp-block-list\">\n<li><strong>Retransmisi\u00f3n regular:<\/strong> Mant\u00e9n un horario regular para que los espectadores sepan cu\u00e1ndo pueden verte en directo.<\/li>\n\n\n\n<li><strong>Retransmisi\u00f3n interactiva:<\/strong> Interact\u00faa con tu audiencia durante las retransmisiones, chateando, respondiendo a preguntas y fomentando la participaci\u00f3n.<\/li>\n\n\n\n<li><strong>Configuraci\u00f3n de streaming de calidad:<\/strong> Invierte en equipos de streaming de buena calidad para mejorar la experiencia visual y auditiva de tus espectadores.<\/li>\n\n\n\n<li><strong>Promoci\u00f3n en las redes sociales:<\/strong> Utiliza las redes sociales para compartir tus horarios de emisi\u00f3n, los momentos m\u00e1s destacados y las actualizaciones para atraer a espectadores de otras plataformas.<\/li>\n\n\n\n<li><strong>Asociaci\u00f3n con otros streamers:<\/strong> Colabora con otros streamers para promocionar los canales de los dem\u00e1s y llegar a nuevas audiencias.<\/li>\n\n\n\n<li><strong>Organizar sorteos:<\/strong> Organiza sorteos o concursos para atraer a m\u00e1s gente a tus emisiones.<\/li>\n\n\n\n<li><strong>Optimizar t\u00edtulos y miniaturas:<\/strong> Utiliza t\u00edtulos claros y atractivos y miniaturas interesantes para que tus emisiones sean m\u00e1s atractivas.<\/li>\n\n\n\n<li><strong>Elecci\u00f3n de juegos populares:<\/strong> Difunde juegos que sean populares en la actualidad para atraer a los seguidores de esos juegos.<\/li>\n\n\n\n<li><strong>Optimizaci\u00f3n para motores de b\u00fasqueda:<\/strong> Incluye palabras clave en el t\u00edtulo y la descripci\u00f3n de tu difusi\u00f3n para que sea m\u00e1s f\u00e1cil encontrarla.<\/li>\n\n\n\n<li><strong>Participaci\u00f3n en comunidades:<\/strong> Invol\u00facrate en las comunidades de Twitch y en los foros de juegos para aumentar la visibilidad de tu canal.<\/li>\n<\/ol>\n\n<p>Estos pasos pueden ayudarte a atraer m\u00e1s espectadores en Twitch sin complicar el proceso.<\/p>\n\n<h2 class=\"wp-block-heading\">\u00bfPor qu\u00e9 buyfollowers.io es el mejor sitio para comprar vistas de Twitch?<\/h2>\n\n<p>Parece que quieres crear contenido promocional para un sitio web especializado en la compra de visualizaciones de Twitch. He aqu\u00ed c\u00f3mo podr\u00edas estructurarlo: <\/p>\n\n<p><strong>Comprarseguidores.io<\/strong> es ampliamente reconocido como la mejor opci\u00f3n para comprar vistas en Twitch, gracias a su amplia gama de funciones. El sitio cumple estrictamente las directrices de Twitch, ofreciendo un servicio seguro que minimiza el riesgo de penalizaciones en la cuenta. La plataforma ofrece vistas aut\u00e9nticas de usuarios reales, lo que no s\u00f3lo aumenta el n\u00famero de espectadores, sino que tambi\u00e9n mejora la interacci\u00f3n potencial en tiempo real.  <\/p>\n\n<p>Con una interfaz f\u00e1cil de usar, los clientes pueden navegar, hacer compras y supervisar su recuento de visitas de forma eficaz. La prestaci\u00f3n del servicio es r\u00e1pida, lo que permite a los clientes ver r\u00e1pidamente los efectos de sus inversiones. Adem\u00e1s, <strong>comprarseguidores.io<\/strong> es conocido por sus precios competitivos y una variedad de paquetes que se adaptan a diferentes necesidades y presupuestos. La fiabilidad de la plataforma se ve reforzada por las opiniones positivas de los usuarios y las descripciones transparentes de los servicios. Tambi\u00e9n ofrecen paquetes flexibles que pueden personalizarse para alcanzar objetivos espec\u00edficos, con garant\u00edas como la retenci\u00f3n de vistas o reembolsos, asegurando la satisfacci\u00f3n del cliente.    <\/p>\n\n<h2 class=\"wp-block-heading\"><strong>Comprar seguidores.io<\/strong> ofrece siguientes paquetes de Vistas activas de Twitch<\/h2>\n\n<ul class=\"wp-block-list\">\n<li>1000 Me Gusta en Instagram<\/li>\n\n\n\n<li>2500 Me Gusta en Instagram<\/li>\n\n\n\n<li>5000 Me Gusta en Instagram<\/li>\n\n\n\n<li>10.000 Me gusta en Instagram<\/li>\n\n\n\n<li>50.000 Me gusta en Instagram<\/li>\n<\/ul>\n\n<h1 class=\"wp-block-heading\">PREGUNTAS FRECUENTES<\/h1>\n\n<div data-schema-only=\"false\" class=\"wp-block-aioseo-faq\"><h3 class=\"aioseo-faq-block-question\">S\u00e3o essas visualiza\u00e7\u00f5es reais do Twitch?<\/h3><div class=\"aioseo-faq-block-answer\">\n<p>S\u00ed, son visualizaciones reales de Twitch de cuentas activas y aut\u00e9nticas.<\/p>\n<\/div><\/div>\n\n<div data-schema-only=\"false\" class=\"wp-block-aioseo-faq\"><h3 class=\"aioseo-faq-block-question\">Comprar visualiza\u00e7\u00f5es \u00e9 uma pr\u00e1tica frequentemente praticada?<\/h3><div class=\"aioseo-faq-block-answer\">\n<p>S\u00ed, comprar visitas es una pr\u00e1ctica com\u00fan pero controvertida entre algunos streamers de Twitch para aumentar r\u00e1pidamente la popularidad y visibilidad de su canal, aunque viola las condiciones de servicio de Twitch.<\/p>\n<\/div><\/div>\n\n<div data-schema-only=\"false\" class=\"wp-block-aioseo-faq\"><h3 class=\"aioseo-faq-block-question\">Quantas visualiza\u00e7\u00f5es do Twitch devo comprar?<\/h3><div class=\"aioseo-faq-block-answer\">\n<p>El n\u00famero de visualizaciones en Twitch que debes comprar depende de tus objetivos espec\u00edficos. Si quieres aumentar r\u00e1pidamente la visibilidad y atraer espectadores org\u00e1nicos, considera comprar un n\u00famero mayor. <\/p>\n<\/div><\/div>\n\n<div data-schema-only=\"false\" class=\"wp-block-aioseo-faq\"><h3 class=\"aioseo-faq-block-question\">\u00c9 poss\u00edvel ser banido por comprar visualiza\u00e7\u00f5es do Twitch?<\/h3><div class=\"aioseo-faq-block-answer\">\n<p>Comprar vistas de Twitch de fuentes fiables que siguen las normas de Twitch es generalmente seguro y no supone ning\u00fan riesgo para tu cuenta. Elegir proveedores fiables garantiza que recibas vistas reales y activas que cumplan las normas \u00e9ticas de Twitch. <\/p>\n<\/div><\/div>\n\n<div data-schema-only=\"false\" class=\"wp-block-aioseo-faq\"><h3 class=\"aioseo-faq-block-question\">Um alto n\u00famero de visualiza\u00e7\u00f5es pode aumentar o engajamento org\u00e2nico?<\/h3><div class=\"aioseo-faq-block-answer\">\n<p>S\u00ed, un elevado n\u00famero de visualizaciones puede impulsar el compromiso org\u00e1nico. Los canales con m\u00e1s visitas parecen m\u00e1s cre\u00edbles y populares, atrayendo a m\u00e1s espectadores. Esta mayor visibilidad puede dar lugar a m\u00e1s interacciones y seguidores, ya que las plataformas suelen destacar m\u00e1s los canales populares.  <\/p>\n<\/div><\/div>\n\n<div data-schema-only=\"false\" class=\"wp-block-aioseo-faq\"><h3 class=\"aioseo-faq-block-question\">Por que devo comprar visualiza\u00e7\u00f5es do Twitch?<\/h3><div class=\"aioseo-faq-block-answer\">\n<p>Comprar visualizaciones en Twitch puede aumentar significativamente la visibilidad y credibilidad de tu canal, lo que a su vez puede impulsar la participaci\u00f3n org\u00e1nica y atraer a posibles anunciantes. Este enfoque es especialmente ventajoso para los nuevos canales que quieren ampliar r\u00e1pidamente su audiencia. <\/p>\n<\/div><\/div>\n\n<div data-schema-only=\"false\" class=\"wp-block-aioseo-faq\"><h3 class=\"aioseo-faq-block-question\">Quais benef\u00edcios posso esperar ao comprar visualiza\u00e7\u00f5es do Twitch?<\/h3><div class=\"aioseo-faq-block-answer\">\n<p>Comprar visualizaciones en Twitch puede aumentar la visibilidad y credibilidad de tu canal, atrayendo m\u00e1s espectadores org\u00e1nicos y anunciantes potenciales. Esta mayor exposici\u00f3n puede acelerar el crecimiento del canal, ofrecer oportunidades de monetizaci\u00f3n y motivar nuevas mejoras del contenido. <\/p>\n<\/div><\/div>\n\n<div data-schema-only=\"false\" class=\"wp-block-aioseo-faq\"><h3 class=\"aioseo-faq-block-question\">Quanto tempo leva para ver resultados?<\/h3><div class=\"aioseo-faq-block-answer\">\n<p>Ver\u00e1s los resultados casi inmediatamente despu\u00e9s de que se haya procesado tu pedido, normalmente en unas pocas horas.<\/p>\n<\/div><\/div>\n\n<div data-schema-only=\"false\" class=\"wp-block-aioseo-faq\"><h3 class=\"aioseo-faq-block-question\">O que fazer se meu pedido n\u00e3o for entregue?<\/h3><div class=\"aioseo-faq-block-answer\">\n<p>Si tu pedido no se entrega, comprueba la confirmaci\u00f3n del pedido y los datos de pago para asegurarte de que son correctos. A continuaci\u00f3n, ponte en contacto con el servicio de atenci\u00f3n al cliente con la informaci\u00f3n de tu pedido para resolver el problema. Deber\u00edan poder ayudarte y ofrecerte una soluci\u00f3n.  <\/p>\n<\/div><\/div>\n\n<div data-schema-only=\"false\" class=\"wp-block-aioseo-faq\"><h3 class=\"aioseo-faq-block-question\">Quais m\u00e9todos de pagamento voc\u00ea oferece?<\/h3><div class=\"aioseo-faq-block-answer\">\n<p>Ofrecemos diversos m\u00e9todos de pago, como tarjetas de cr\u00e9dito, PayPal y, en algunos casos, criptomonedas. Esta variedad te permite elegir la opci\u00f3n m\u00e1s conveniente para tus transacciones. <\/p>\n<\/div><\/div>\n","protected":false},"excerpt":{"rendered":"<p>\ud83d\udd25 \u00a1Potencia tu presencia en Twitch hoy mismo!<\/p>\n<p>Elige el paquete perfecto para alcanzar tus objetivos de streaming y observa c\u00f3mo crece tu audiencia, de forma segura. Esto es lo que ofrecemos: <\/p>\n<p>\u2713 Vistas reales en Twitch <br \/>\u2713 Inicio de entrega: 6-12 horas <br \/>\u2713 3000-5000 vistas al d\u00eda <br \/>\u2713 Opciones de pago seguras <br \/>\u2713 Garant\u00eda = 30 d\u00edas <br \/>\u2713 Atenci\u00f3n al cliente 24\/7<\/p>\n<p>*Visualizaciones repartidas por todo tu canal<\/p>\n","protected":false},"featured_media":9401,"comment_status":"open","ping_status":"closed","template":"","meta":[],"product_brand":[],"product_cat":[113],"product_tag":[],"class_list":{"0":"post-14265","1":"product","2":"type-product","3":"status-publish","4":"has-post-thumbnail","6":"product_cat-twitch-es","8":"first","9":"instock","10":"shipping-taxable","11":"purchasable","12":"product-type-variable"},"aioseo_notices":[],"_links":{"self":[{"href":"https:\/\/comprarseguidores.io\/es\/wp-json\/wp\/v2\/product\/14265","targetHints":{"allow":["GET"]}}],"collection":[{"href":"https:\/\/comprarseguidores.io\/es\/wp-json\/wp\/v2\/product"}],"about":[{"href":"https:\/\/comprarseguidores.io\/es\/wp-json\/wp\/v2\/types\/product"}],"replies":[{"embeddable":true,"href":"https:\/\/comprarseguidores.io\/es\/wp-json\/wp\/v2\/comments?post=14265"}],"version-history":[{"count":1,"href":"https:\/\/comprarseguidores.io\/es\/wp-json\/wp\/v2\/product\/14265\/revisions"}],"predecessor-version":[{"id":14288,"href":"https:\/\/comprarseguidores.io\/es\/wp-json\/wp\/v2\/product\/14265\/revisions\/14288"}],"wp:featuredmedia":[{"embeddable":true,"href":"https:\/\/comprarseguidores.io\/es\/wp-json\/wp\/v2\/media\/9401"}],"wp:attachment":[{"href":"https:\/\/comprarseguidores.io\/es\/wp-json\/wp\/v2\/media?parent=14265"}],"wp:term":[{"taxonomy":"product_brand","embeddable":true,"href":"https:\/\/comprarseguidores.io\/es\/wp-json\/wp\/v2\/product_brand?post=14265"},{"taxonomy":"product_cat","embeddable":true,"href":"https:\/\/comprarseguidores.io\/es\/wp-json\/wp\/v2\/product_cat?post=14265"},{"taxonomy":"product_tag","embeddable":true,"href":"https:\/\/comprarseguidores.io\/es\/wp-json\/wp\/v2\/product_tag?post=14265"}],"curies":[{"name":"wp","href":"https:\/\/api.w.org\/{rel}","templated":true}]}}