{"id":14298,"date":"2025-03-29T07:29:28","date_gmt":"2025-03-29T07:29:28","guid":{"rendered":"https:\/\/comprarseguidores.io\/product\/comprar-comentarios-de-instagram-2\/"},"modified":"2025-04-06T18:26:11","modified_gmt":"2025-04-06T18:26:11","slug":"comprar-comentarios-de-instagram-2","status":"publish","type":"product","link":"https:\/\/comprarseguidores.io\/es\/product\/comprar-comentarios-de-instagram-2\/","title":{"rendered":"Comprar comentarios de Instagram"},"content":{"rendered":"\n<h2 class=\"wp-block-heading\">Comprar comentarios de Instagram<\/h2>\n\n<p>Comprar comentarios de Instagram puede proporcionar varias ventajas significativas a las personas y empresas que buscan aumentar su presencia en las redes sociales. En primer lugar, mejora la visibilidad y la popularidad percibida de las publicaciones, lo que puede atraer m\u00e1s participaci\u00f3n org\u00e1nica y seguidores. Un mayor n\u00famero de comentarios suele indicar a los seguidores potenciales que la cuenta es activa y participativa, lo que la hace m\u00e1s atractiva. Adem\u00e1s, un aumento de los comentarios puede mejorar la clasificaci\u00f3n algor\u00edtmica de la cuenta, lo que se traduce en una mayor exposici\u00f3n en la p\u00e1gina Explorar y en los feeds de los usuarios.   <\/p>\n\n<p>Esta visibilidad puede atraer tr\u00e1fico a la cuenta, convirtiendo potencialmente a los seguidores en clientes para las empresas. Adem\u00e1s, una secci\u00f3n de comentarios vibrante puede promover un sentido de comunidad e interacci\u00f3n, fomentando a\u00fan m\u00e1s la participaci\u00f3n de los usuarios. En resumen, comprar comentarios puede ser una estrategia eficaz para acelerar el crecimiento y mejorar <a href=\"https:\/\/www.shopify.com\/sg\/blog\/14288561-how-to-build-a-massive-following-on-instagram?term=&amp;adid=699117254573&amp;campaignid=21270911697&amp;utm_medium=cpc&amp;utm_source=google&amp;gad_source=1&amp;gclid=CjwKCAjwx-CyBhAqEiwAeOcTdfu3t4gJbLnARC2eJmsXOy-P_E2XeklCbyj5OUxzvEeK3X6JUR-9RBoC8goQAvD_BwE&amp;cmadid=516752332;cmadvertiserid=10730501;cmcampaignid=26990768;cmplacementid=324494362;cmcreativeid=163722649;cmsiteid=5500011\">la participaci\u00f3n en Instagram<\/a>.  <\/p>\n\n<h2 class=\"wp-block-heading\">Comprar comentarios aleatorios de Instagram<\/h2>\n\n<p>Aumenta f\u00e1cilmente tu engagement en Instagram con nuestro servicio de compra de comentarios aleatorios en Instagram. Haz que tus publicaciones parezcan m\u00e1s populares y activas al instante a\u00f1adiendo comentarios diversos y espont\u00e1neos de cuentas reales. Este m\u00e9todo r\u00e1pido y sencillo mejora tu presencia en las redes sociales, atrayendo m\u00e1s seguidores e interacciones org\u00e1nicas.  <\/p>\n\n<h2 class=\"wp-block-heading\">Compra comentarios relevantes en Instagram<\/h2>\n\n<p>Aumenta la autenticidad de tu engagement en Instagram comprando comentarios relevantes. Nuestro servicio garantiza que los comentarios que recibas sean pertinentes al contenido de tu publicaci\u00f3n, promoviendo interacciones genuinas e inter\u00e9s real. Este enfoque espec\u00edfico no s\u00f3lo mejora tu clasificaci\u00f3n en el algoritmo, sino que tambi\u00e9n fomenta conversaciones significativas en tus publicaciones.  <\/p>\n\n<h2 class=\"wp-block-heading\">Comprar comentarios de Instagram personalizados<\/h2>\n\n<p>Personaliza tu estrategia en las redes sociales con nuestros comentarios personalizados para Instagram. Especifica los mensajes exactos que quieres que aparezcan en tus publicaciones, asegur\u00e1ndote de que est\u00e1n perfectamente alineados con la voz y el contenido de tu marca. Este servicio personalizado te ayuda a crear una secci\u00f3n de comentarios cohesionada y atractiva, mejorando tu credibilidad y la conexi\u00f3n con tu audiencia.  <\/p>\n\n<p><strong>Aumentar los seguidores, las visualizaciones y los \"me gusta\" en tu perfil de Instagram puede mejorar tus m\u00e9tricas y aumentar tu visibilidad en las b\u00fasquedas.<\/strong><\/p>\n\n<h2 class=\"wp-block-heading\">\u00bfCu\u00e1les son las ventajas de comprar comentarios de Instagram?<\/h2>\n\n<p>Comprar comentarios de Instagram tiene varias ventajas, tanto para particulares como para empresas que quieren impulsar sus perfiles en las redes sociales. En primer lugar, aumenta los niveles de participaci\u00f3n, haciendo que tus publicaciones parezcan m\u00e1s din\u00e1micas y populares, lo que puede atraer m\u00e1s comentarios org\u00e1nicos y seguidores. Este aumento de la participaci\u00f3n tambi\u00e9n mejora la visibilidad de tu cuenta, ya que las publicaciones con m\u00e1s comentarios se ven favorecidas por el algoritmo de Instagram, lo que se traduce en apariciones m\u00e1s frecuentes en la p\u00e1gina Explorar y en los feeds de los usuarios.  <\/p>\n\n<p>Adem\u00e1s, comprar comentarios ayuda a crear una impresi\u00f3n positiva de tu marca o perfil al mostrar una comunidad activa y comprometida. Esto puede inspirar a usuarios reales a unirse a la conversaci\u00f3n, promoviendo interacciones y debates genuinos. Para las empresas, un mayor n\u00famero de comentarios aumenta la credibilidad y el conocimiento de la marca, generando potencialmente m\u00e1s tr\u00e1fico a sus sitios web y convirtiendo seguidores en clientes. En resumen, invertir en comentarios de Instagram es una estrategia inteligente para acelerar el crecimiento, aumentar las m\u00e9tricas de participaci\u00f3n y establecer una presencia m\u00e1s s\u00f3lida en las redes sociales.   <\/p>\n\n<figure class=\"wp-block-image size-full\"><img fetchpriority=\"high\" decoding=\"async\" width=\"800\" height=\"600\" src=\"https:\/\/comprarseguidores.io\/wp-content\/uploads\/2024\/06\/Comprar-Comentarios-Instagram.png\" alt=\"Comprar comentarios de Instagram\" class=\"wp-image-8972\" srcset=\"https:\/\/comprarseguidores.io\/wp-content\/uploads\/2024\/06\/Comprar-Comentarios-Instagram.png 800w, https:\/\/comprarseguidores.io\/wp-content\/uploads\/2024\/06\/Comprar-Comentarios-Instagram-300x225.png 300w, https:\/\/comprarseguidores.io\/wp-content\/uploads\/2024\/06\/Comprar-Comentarios-Instagram-768x576.png 768w, https:\/\/comprarseguidores.io\/wp-content\/uploads\/2024\/06\/Comprar-Comentarios-Instagram-441x331.png 441w, https:\/\/comprarseguidores.io\/wp-content\/uploads\/2024\/06\/Comprar-Comentarios-Instagram-150x113.png 150w\" sizes=\"(max-width: 800px) 100vw, 800px\" \/><\/figure>\n\n<h2 class=\"wp-block-heading\">\u00bfEs seguro comprar comentarios de Instagram?<\/h2>\n\n<p>Comprar comentarios en Instagram puede ser seguro si lo haces en sitios aut\u00e9nticos y fiables. Estos proveedores de confianza garantizan que los comentarios proceden de cuentas reales y activas, lo que minimiza el riesgo de sanciones por parte de Instagram. Dan prioridad a la seguridad y al cumplimiento de las <a href=\"https:\/\/help.instagram.com\/477434105621119\">directrices de Instagram<\/a>, lo que ayuda a proteger tu cuenta de posibles problemas como el shadowbanning o la suspensi\u00f3n de la cuenta. Si eliges un servicio de confianza, podr\u00e1s aumentar con seguridad tu participaci\u00f3n y mejorar tu presencia en las redes sociales sin comprometer la integridad de tu cuenta.   <\/p>\n\n<h2 class=\"wp-block-heading\">\u00bfC\u00f3mo comprar comentarios de Instagram?<\/h2>\n\n<p>Comprar comentarios en Instagram es incre\u00edblemente f\u00e1cil y sencillo. Todo lo que tienes que hacer es introducir la URL de tu publicaci\u00f3n en el campo correspondiente, seleccionar el n\u00famero deseado de comentarios y completar tu pedido. El proceso es r\u00e1pido y sin complicaciones, y s\u00f3lo te llevar\u00e1 unos minutos finalizarlo. Una vez realizado el pedido, suele empezar a procesarse en pocas horas.   <\/p>\n\n<p>Empezar\u00e1s a ver resultados casi de inmediato, con la aparici\u00f3n de comentarios en tu publicaci\u00f3n y el aumento efectivo de tu engagement. Este m\u00e9todo sencillo y eficaz te permite mejorar tu presencia en Instagram con el m\u00ednimo esfuerzo. <\/p>\n\n<ul class=\"wp-block-list\">\n<li>Introduce la URL de tu entrada en el campo correspondiente.<\/li>\n\n\n\n<li>Selecciona el n\u00famero deseado de comentarios.<\/li>\n\n\n\n<li>Completa tu pedido.<\/li>\n\n\n\n<li>Tu pedido se procesar\u00e1 en unas horas.<\/li>\n\n\n\n<li>Observa resultados inmediatos con los comentarios que aparecen en tu publicaci\u00f3n.<\/li>\n<\/ul>\n\n<h2 class=\"wp-block-heading\">\u00bfCu\u00e1nto cuestan 1.000 comentarios en Instagram?<\/h2>\n\n<p>El coste de 1.000 comentarios en Instagram oscila entre 20 y 70 d\u00f3lares, dependiendo de si los comentarios son personalizados o aleatorios, y de su calidad general. Los comentarios aleatorios suelen estar en el extremo inferior del espectro de precios, mientras que los comentarios personalizados y de alta calidad son m\u00e1s caros. Esta variaci\u00f3n te permite elegir la opci\u00f3n que mejor se adapte a tus necesidades y presupuesto.  <\/p>\n\n<h2 class=\"wp-block-heading\">\u00bfC\u00f3mo puedo conseguir m\u00e1s comentarios en Instagram?<\/h2>\n\n<p>Para conseguir m\u00e1s comentarios en Instagram, puedes emplear varias estrategias eficaces:<\/p>\n\n<ol class=\"wp-block-list\">\n<li><strong>Crea contenido atractivo<\/strong>: Publica fotos, v\u00eddeos y pies de foto de alta calidad que resuenen con tu audiencia y an\u00edmala a comentar.<\/li>\n\n\n\n<li><strong>Haz preguntas<\/strong>: Incluye preguntas en tus pies de foto para animar a tus seguidores a compartir sus pensamientos y experiencias.<\/li>\n\n\n\n<li><strong>Organiza concursos y sorteos<\/strong>: Organiza concursos o sorteos que requieran que los participantes comenten tus publicaciones.<\/li>\n\n\n\n<li><strong>Responde a los comentarios<\/strong>: Interact\u00faa con tus seguidores respondiendo a sus comentarios, lo que puede fomentar m\u00e1s interacciones.<\/li>\n\n\n\n<li><strong>Utiliza hashtags relevantes<\/strong>: Incluye hashtags populares y relevantes para aumentar la visibilidad de tus publicaciones ante un p\u00fablico m\u00e1s amplio.<\/li>\n\n\n\n<li><strong>Publica con coherencia<\/strong>: Mant\u00e9n un calendario regular de publicaciones para mantener a tu audiencia interesada y m\u00e1s propensa a comentar.<\/li>\n\n\n\n<li><strong>Colabora con personas influyentes<\/strong>: As\u00f3ciate con personas influyentes de tu nicho para llegar a un p\u00fablico m\u00e1s amplio y atraer m\u00e1s comentarios.<\/li>\n\n\n\n<li><strong>Comparte contenido generado por los usuarios<\/strong>: Presenta contenido creado por tus seguidores, que puede animar a otros a participar y comentar.<\/li>\n\n\n\n<li><strong>Compra comentarios<\/strong>: Compra comentarios de fuentes de confianza para aumentar tu engagement y atraer m\u00e1s interacciones org\u00e1nicas.<\/li>\n<\/ol>\n\n<p>Combinando estas estrategias, puedes aumentar eficazmente el n\u00famero de comentarios en tus publicaciones de Instagram.<\/p>\n\n<h2 class=\"wp-block-heading\">\u00bfPor qu\u00e9 buyfollowers.io es el mejor sitio para comprar comentarios de Instagram?<\/h2>\n\n<p>comprarseguidores.io es el mejor lugar para comprar comentarios de Instagram por su compromiso con la calidad, la autenticidad y la satisfacci\u00f3n del cliente. Ofrece comentarios de alta calidad de cuentas reales y activas, lo que garantiza que tu participaci\u00f3n parezca aut\u00e9ntica y cre\u00edble. Con opciones de personalizaci\u00f3n disponibles, puedes elegir entre comentarios aleatorios, relevantes o personalizados para adaptar el engagement a tus necesidades espec\u00edficas. El sitio garantiza una entrega r\u00e1pida, ya que la tramitaci\u00f3n del pedido comienza en cuesti\u00f3n de horas y los resultados aparecen casi de inmediato. comprarseguidores.io da prioridad a la seguridad de tu cuenta, siguiendo las directrices de Instagram y utilizando m\u00e9todos de pago seguros.    <\/p>\n\n<p>Tambi\u00e9n ofrece un excelente servicio de atenci\u00f3n al cliente para ayudarte con cualquier duda o problema, y ha recibido numerosas cr\u00edticas positivas de clientes satisfechos por su fiabilidad y eficacia a la hora de aumentar el engagement en Instagram. Estos factores hacen de comprarseguidores.io la mejor opci\u00f3n para comprar comentarios de Instagram. <\/p>\n\n<h2 class=\"wp-block-heading\">Comprarseguidores.io Ofrece los siguientes paquetes de comentarios de Instagram activos<\/h2>\n\n<ul class=\"wp-block-list\">\n<li>5 comentarios en Instagram<\/li>\n\n\n\n<li>10 comentarios en Instagram<\/li>\n\n\n\n<li>25 comentarios en Instagram<\/li>\n\n\n\n<li>50 comentarios en Instagram<\/li>\n\n\n\n<li>100 comentarios en Instagram<\/li>\n\n\n\n<li>250 comentarios en Instagram<\/li>\n\n\n\n<li>500 comentarios en Instagram<\/li>\n\n\n\n<li>1000 comentarios en Instagram<\/li>\n<\/ul>\n\n<h1 class=\"wp-block-heading\">PREGUNTAS FRECUENTES<\/h1>\n\n<div data-schema-only=\"false\" class=\"wp-block-aioseo-faq\"><h3 class=\"aioseo-faq-block-question\">Quantos coment\u00e1rios no Instagram devo comprar?<\/h3><div class=\"aioseo-faq-block-answer\">\n<p>El n\u00famero de comentarios de Instagram que debes comprar depende de tus objetivos. Para un compromiso inicial, basta con una peque\u00f1a cantidad. Para un crecimiento significativo, considera comprar m\u00e1s. Ajusta la cantidad en funci\u00f3n de tus objetivos espec\u00edficos.   <\/p>\n<\/div><\/div>\n\n<div data-schema-only=\"false\" class=\"wp-block-aioseo-faq\"><h3 class=\"aioseo-faq-block-question\">\u00c9 poss\u00edvel ser banido por comprar coment\u00e1rios no Instagram?<\/h3><div class=\"aioseo-faq-block-answer\">\n<p>No, es poco probable que te baneen por comprar comentarios en Instagram si compras en sitios aut\u00e9nticos. Los proveedores reputados se aseguran de que los comentarios proceden de cuentas reales y activas y siguen las directrices de Instagram, manteniendo tu cuenta a salvo. <\/p>\n<\/div><\/div>\n\n<div data-schema-only=\"false\" class=\"wp-block-aioseo-faq\"><h3 class=\"aioseo-faq-block-question\">Por que devo comprar coment\u00e1rios no Instagram?<\/h3><div class=\"aioseo-faq-block-answer\">\n<p>Comprar comentarios en Instagram aumenta la visibilidad y credibilidad de tu perfil, mejorando la participaci\u00f3n org\u00e1nica y atrayendo a los anunciantes. Es ideal para cuentas nuevas que buscan un crecimiento r\u00e1pido. <\/p>\n<\/div><\/div>\n\n<div data-schema-only=\"false\" class=\"wp-block-aioseo-faq\"><h3 class=\"aioseo-faq-block-question\">Quais benef\u00edcios posso esperar ao comprar coment\u00e1rios no Instagram?<\/h3><div class=\"aioseo-faq-block-answer\">\n<p>Comprar comentarios de Instagram aumenta la visibilidad y la participaci\u00f3n, atrayendo a m\u00e1s seguidores y anunciantes. Mejora tu clasificaci\u00f3n en el algoritmo de Instagram, lo que se traduce en una mayor exposici\u00f3n. Un mayor n\u00famero de comentarios tambi\u00e9n aumenta la credibilidad y promueve las interacciones org\u00e1nicas, ayudando a que tu perfil crezca m\u00e1s r\u00e1pido.  <\/p>\n<\/div><\/div>\n\n<div data-schema-only=\"false\" class=\"wp-block-aioseo-faq\"><h3 class=\"aioseo-faq-block-question\">Quanto tempo leva para ver resultados?<\/h3><div class=\"aioseo-faq-block-answer\">\n<p>Ver\u00e1s los resultados casi inmediatamente despu\u00e9s de que se haya procesado tu pedido, normalmente en unas pocas horas.<\/p>\n<\/div><\/div>\n\n<div data-schema-only=\"false\" class=\"wp-block-aioseo-faq\"><h3 class=\"aioseo-faq-block-question\">\u00c9 comum comprar coment\u00e1rios no Instagram?<\/h3><div class=\"aioseo-faq-block-answer\">\n<p>S\u00ed, comprar comentarios en Instagram es habitual. Muchos influencers, marcas y particulares utilizan esta pr\u00e1ctica para aumentar el engagement, la visibilidad y atraer m\u00e1s seguidores r\u00e1pidamente. <\/p>\n<\/div><\/div>\n\n<div data-schema-only=\"false\" class=\"wp-block-aioseo-faq\"><h3 class=\"aioseo-faq-block-question\">Esses s\u00e3o coment\u00e1rios reais no Instagram?<\/h3><div class=\"aioseo-faq-block-answer\">\n<p>S\u00ed, son comentarios reales de Instagram de cuentas activas y aut\u00e9nticas.<\/p>\n<\/div><\/div>\n\n<div data-schema-only=\"false\" class=\"wp-block-aioseo-faq\"><h3 class=\"aioseo-faq-block-question\">Um alto n\u00famero de coment\u00e1rios pode aumentar o engajamento org\u00e2nico?<\/h3><div class=\"aioseo-faq-block-answer\">\n<p>S\u00ed, un gran n\u00famero de comentarios puede aumentar la participaci\u00f3n org\u00e1nica en Instagram. Esto hace que las publicaciones parezcan m\u00e1s populares, atrayendo m\u00e1s me gusta, comentarios y seguidores, y mejorando la visibilidad en el algoritmo. <\/p>\n<\/div><\/div>\n\n<div data-schema-only=\"false\" class=\"wp-block-aioseo-faq\"><h3 class=\"aioseo-faq-block-question\">O que fazer se meu pedido n\u00e3o for entregue?<\/h3><div class=\"aioseo-faq-block-answer\">\n<p>Si tu pedido no se entrega, comprueba la confirmaci\u00f3n del pedido y los detalles del pago para asegurarte de que todo es correcto. A continuaci\u00f3n, ponte en contacto con el servicio de atenci\u00f3n al cliente con la informaci\u00f3n de tu pedido para resolver el problema. Deber\u00edan poder ayudarte y ofrecerte una soluci\u00f3n.  <\/p>\n<\/div><\/div>\n\n<div data-schema-only=\"false\" class=\"wp-block-aioseo-faq\"><h3 class=\"aioseo-faq-block-question\">Quais m\u00e9todos de pagamento voc\u00ea oferece?<\/h3><div class=\"aioseo-faq-block-answer\">\n<p>Ofrecemos diversos m\u00e9todos de pago, como tarjetas de cr\u00e9dito, PayPal y, en algunos casos, criptomonedas. Esta variedad te permite elegir la opci\u00f3n m\u00e1s conveniente para tus transacciones. <\/p>\n<\/div><\/div>\n","protected":false},"excerpt":{"rendered":"<p>\ud83d\ude80 Impulsa tus publicaciones de Instagram:<\/p>\n<p>\u2705 Comentarios de Instagram 100% reales <br \/>\u231b Entrega en 24 horas <br \/>\ud83d\udcac Espec\u00edficamente escritos para tu contenido <br \/>\ud83d\udd12 Seguro y discreto<\/p>\n","protected":false},"featured_media":7216,"comment_status":"open","ping_status":"closed","template":"","meta":[],"product_brand":[],"product_cat":[111],"product_tag":[],"class_list":{"0":"post-14298","1":"product","2":"type-product","3":"status-publish","4":"has-post-thumbnail","6":"product_cat-instagram-es","8":"first","9":"instock","10":"shipping-taxable","11":"purchasable","12":"product-type-variable"},"aioseo_notices":[],"_links":{"self":[{"href":"https:\/\/comprarseguidores.io\/es\/wp-json\/wp\/v2\/product\/14298","targetHints":{"allow":["GET"]}}],"collection":[{"href":"https:\/\/comprarseguidores.io\/es\/wp-json\/wp\/v2\/product"}],"about":[{"href":"https:\/\/comprarseguidores.io\/es\/wp-json\/wp\/v2\/types\/product"}],"replies":[{"embeddable":true,"href":"https:\/\/comprarseguidores.io\/es\/wp-json\/wp\/v2\/comments?post=14298"}],"version-history":[{"count":1,"href":"https:\/\/comprarseguidores.io\/es\/wp-json\/wp\/v2\/product\/14298\/revisions"}],"predecessor-version":[{"id":14323,"href":"https:\/\/comprarseguidores.io\/es\/wp-json\/wp\/v2\/product\/14298\/revisions\/14323"}],"wp:featuredmedia":[{"embeddable":true,"href":"https:\/\/comprarseguidores.io\/es\/wp-json\/wp\/v2\/media\/7216"}],"wp:attachment":[{"href":"https:\/\/comprarseguidores.io\/es\/wp-json\/wp\/v2\/media?parent=14298"}],"wp:term":[{"taxonomy":"product_brand","embeddable":true,"href":"https:\/\/comprarseguidores.io\/es\/wp-json\/wp\/v2\/product_brand?post=14298"},{"taxonomy":"product_cat","embeddable":true,"href":"https:\/\/comprarseguidores.io\/es\/wp-json\/wp\/v2\/product_cat?post=14298"},{"taxonomy":"product_tag","embeddable":true,"href":"https:\/\/comprarseguidores.io\/es\/wp-json\/wp\/v2\/product_tag?post=14298"}],"curies":[{"name":"wp","href":"https:\/\/api.w.org\/{rel}","templated":true}]}}