{"id":14324,"date":"2025-03-29T07:29:52","date_gmt":"2025-03-29T07:29:52","guid":{"rendered":"https:\/\/comprarseguidores.io\/product\/comprar-opiniones-de-trustpilot-2\/"},"modified":"2025-04-06T18:26:10","modified_gmt":"2025-04-06T18:26:10","slug":"comprar-opiniones-de-trustpilot-2","status":"publish","type":"product","link":"https:\/\/comprarseguidores.io\/es\/product\/comprar-opiniones-de-trustpilot-2\/","title":{"rendered":"Comprar opiniones de Trustpilot"},"content":{"rendered":"\n<h2 class=\"wp-block-heading\">Comprar opiniones de Trustpilot<\/h2>\n\n<p>Comprar opiniones en Trustpilot puede mejorar significativamente la reputaci\u00f3n y fiabilidad de tu empresa. Cuando los clientes potenciales ven un gran n\u00famero de rese\u00f1as positivas, tienden a percibir tu marca como digna de confianza y cre\u00edble, lo que puede dar lugar a una mayor confianza de los clientes y a mayores tasas de conversi\u00f3n. Adem\u00e1s, un conjunto s\u00f3lido de opiniones puede mejorar la visibilidad de tu empresa en los motores de b\u00fasqueda, ya que las opiniones son un factor clave en la clasificaci\u00f3n de los motores de b\u00fasqueda.  <\/p>\n\n<p>Esto puede atraer m\u00e1s tr\u00e1fico org\u00e1nico a tu sitio web, ampliando a\u00fan m\u00e1s tu base de clientes. Adem\u00e1s, las opiniones en Trustpilot proporcionan valiosos comentarios que pueden ayudarte a identificar \u00e1reas de mejora en tus productos o servicios, facilitando con el tiempo mejores pr\u00e1cticas empresariales y la satisfacci\u00f3n del cliente. <\/p>\n\n<h2 class=\"wp-block-heading\">Comprar 5 estrellas + opiniones Business Trustpilot (Portugu\u00e9s)<\/h2>\n\n<p>Impulsa la reputaci\u00f3n online de tu empresa con nuestro paquete Trustpilot 5 Star Reviews + Business. Este servicio ofrece rese\u00f1as de cinco estrellas de alta calidad en Trustpilot, mejorando tu credibilidad y atrayendo a m\u00e1s clientes. Perfectas para las empresas que desean mejorar su presencia en l\u00ednea, estas rese\u00f1as pueden aumentar la confianza de los consumidores, impulsar la clasificaci\u00f3n en los motores de b\u00fasqueda y proporcionar comentarios esenciales para perfeccionar sus ofertas. Seguro y eficaz, este paquete est\u00e1 dise\u00f1ado para dar a tu empresa la ventaja competitiva que necesita en el mercado digital actual.   <\/p>\n\n<p><strong>Aumenta tu visibilidad y credibilidad en Trustpilot, ProvenExpert, Facebook, Fiverr y ScamAdvisor con nuestros servicios de evaluaci\u00f3n personalizada, dise\u00f1ados para mejorar tu reputaci\u00f3n y atraer a m\u00e1s clientes en diversas plataformas.<\/strong><\/p>\n\n<h2 class=\"wp-block-heading\">\u00bfCu\u00e1les son las ventajas de comprar opiniones de Trustpilot?<\/h2>\n\n<p>Comprar opiniones en Trustpilot puede ofrecer varias ventajas a las empresas:<\/p>\n\n<ol class=\"wp-block-list\">\n<li><strong>Mayor confianza<br\/><\/strong>Las opiniones positivas mejoran la reputaci\u00f3n de tu empresa, haci\u00e9ndola m\u00e1s digna de confianza para los clientes potenciales. Esta percepci\u00f3n de fiabilidad puede influir significativamente en su decisi\u00f3n de elegir tus servicios o productos. <br\/><\/li>\n\n\n\n<li><strong>Aumento de la presencia online<br\/><\/strong>Las opiniones pueden impulsar tu optimizaci\u00f3n para motores de b\u00fasqueda (SEO), ayudando a tu empresa a alcanzar posiciones m\u00e1s altas en los resultados de b\u00fasqueda, lo que aumenta tu visibilidad online y atrae m\u00e1s tr\u00e1fico al sitio.<br\/><\/li>\n\n\n\n<li><strong>Ventas mejoradas<br\/><\/strong>Las rese\u00f1as positivas en Trustpilot pueden dar lugar a mayores tasas de conversi\u00f3n, ya que los clientes potenciales se sienten m\u00e1s seguros comprando a empresas con buenas rese\u00f1as.<br\/><\/li>\n\n\n\n<li><strong>Comentarios valiosos<br\/><\/strong>Incluso las opiniones compradas pueden proporcionar ideas \u00fatiles, destacando los puntos fuertes y las \u00e1reas de mejora de tus productos o servicios.<br\/><\/li>\n\n\n\n<li><strong>Ventaja sobre la competencia<br\/><\/strong>Una clasificaci\u00f3n m\u00e1s alta en Trustpilot puede hacer que tu negocio destaque sobre la competencia, atrayendo m\u00e1s clientes a tu marca.<\/li>\n<\/ol>\n\n<p>Todas estas ventajas juntas mejoran tu presencia digital y te ayudan a fidelizar a tus clientes en un mercado cada vez m\u00e1s competitivo.<\/p>\n\n<h2 class=\"wp-block-heading\">\u00bfEs seguro comprar opiniones de Trustpilot?<\/h2>\n\n<p>S\u00ed, comprar opiniones en Trustpilot puede hacerse de forma segura si utilizas un servicio acreditado y aut\u00e9ntico. Estos proveedores siguen normas legales y \u00e9ticas, aportando opiniones aut\u00e9nticas sin comprometer tu <a href=\"https:\/\/business.trustpilot.com\/signup\">cuenta de Trustpilot<\/a>. Comprueba siempre la reputaci\u00f3n del proveedor y lee las opiniones de los clientes para asegurarte de que son dignos de confianza y transparentes en cuanto a sus m\u00e9todos.  <\/p>\n\n<figure class=\"wp-block-image size-full\"><img fetchpriority=\"high\" decoding=\"async\" width=\"800\" height=\"600\" src=\"https:\/\/comprarseguidores.io\/wp-content\/uploads\/2024\/06\/Compre-avaliacoes-da-Trustpilot.png\" alt=\"Comprar opiniones de Trustpilot\" class=\"wp-image-9164\" srcset=\"https:\/\/comprarseguidores.io\/wp-content\/uploads\/2024\/06\/Compre-avaliacoes-da-Trustpilot.png 800w, https:\/\/comprarseguidores.io\/wp-content\/uploads\/2024\/06\/Compre-avaliacoes-da-Trustpilot-300x225.png 300w, https:\/\/comprarseguidores.io\/wp-content\/uploads\/2024\/06\/Compre-avaliacoes-da-Trustpilot-768x576.png 768w, https:\/\/comprarseguidores.io\/wp-content\/uploads\/2024\/06\/Compre-avaliacoes-da-Trustpilot-441x331.png 441w, https:\/\/comprarseguidores.io\/wp-content\/uploads\/2024\/06\/Compre-avaliacoes-da-Trustpilot-150x113.png 150w\" sizes=\"(max-width: 800px) 100vw, 800px\" \/><\/figure>\n\n<h2 class=\"wp-block-heading\">\u00bfC\u00f3mo comprar opiniones de Trustpilot?<\/h2>\n\n<p>Aunque pueda parecer f\u00e1cil comprar opiniones en <a href=\"https:\/\/legal.trustpilot.com\/for-reviewers\/guidelines-for-reviewers\">Trustpilot-simplemente introduciendo tu URL, seleccionando la cantidad deseada y completando el pedido, con resultados que aparecen en pocas horas-, es crucial tener en cuenta las implicaciones \u00e9ticas y la posibilidad de infringir las directrices de Trustpilot<\/a>.<\/p>\n\n<p>Trustpilot tiene como objetivo proporcionar opiniones genuinas de los clientes para ayudar a los consumidores a tomar decisiones informadas. Manipular este sistema mediante opiniones compradas puede socavar la credibilidad de la plataforma y tener graves repercusiones para tu empresa, incluidas sanciones y la p\u00e9rdida de confianza de los consumidores. <\/p>\n\n<ol class=\"wp-block-list\">\n<li>Introduce la URL de tu empresa.<\/li>\n\n\n\n<li>Selecciona el n\u00famero de evaluaciones que deseas.<\/li>\n\n\n\n<li>Completa tu pedido.<\/li>\n<\/ol>\n\n<p>La aplicaci\u00f3n suele comenzar en pocas horas, y puedes ver los resultados casi de inmediato.<\/p>\n\n<h2 class=\"wp-block-heading\">\u00bfCu\u00e1nto cuestan 1.000 opiniones de Trustpilot?<\/h2>\n\n<p>El coste de 1000 opiniones en Trustpilot puede variar en funci\u00f3n de la calidad de las opiniones y de la autenticidad del sitio que las ofrece. Los distintos proveedores pueden cobrar tarifas diferentes en funci\u00f3n de si las opiniones son m\u00e1s gen\u00e9ricas o personalizadas para parecer aut\u00e9nticas. <\/p>\n\n<h2 class=\"wp-block-heading\">\u00bfC\u00f3mo puedo conseguir m\u00e1s opiniones de Trustpilot?<\/h2>\n\n<p>Para conseguir m\u00e1s opiniones en Trustpilot de forma \u00e9tica, es esencial implicar a tus clientes y animarles a dejar opiniones basadas en sus experiencias genuinas. He aqu\u00ed algunas estrategias eficaces: <\/p>\n\n<ol class=\"wp-block-list\">\n<li><strong>Pregunta directamente a los clientes:<\/strong><br\/>Despu\u00e9s de una compra o servicio, haz un seguimiento con tus clientes por correo electr\u00f3nico o mediante una tarjeta de agradecimiento, y p\u00eddeles amablemente que dejen una rese\u00f1a si est\u00e1n satisfechos con la experiencia.<br\/><\/li>\n\n\n\n<li>P\u00f3nselo <strong>f\u00e1cil:<\/strong><br\/>Proporciona enlaces directos a tu p\u00e1gina de opiniones de Trustpilot en tus correos electr\u00f3nicos, en tu sitio web e incluso en los recibos o el embalaje. Cuanto m\u00e1s f\u00e1cil sea dejar una opini\u00f3n, m\u00e1s probable ser\u00e1 que los clientes lo hagan. <br\/><\/li>\n\n\n\n<li><strong>Fomenta las rese\u00f1as:<\/strong><br\/>Aunque no puedes ofrecer recompensas por las rese\u00f1as positivas, puedes animar a los clientes a que dejen alguna rese\u00f1a participando en un sorteo u ofreciendo un descuento en futuras compras. Aseg\u00farate de que los clientes sepan que las recompensas son por las opiniones, no s\u00f3lo por las positivas. <br\/><\/li>\n\n\n\n<li>Aprovecha las redes sociales<strong>:<\/strong><br\/>Utiliza tus plataformas de redes sociales para recordar a los clientes que dejen rese\u00f1as. Comparte las rese\u00f1as positivas existentes para inspirar a otros a a\u00f1adir las suyas. <br\/><\/li>\n\n\n\n<li><strong>Responde a las rese\u00f1as:<\/strong><br\/>Relaci\u00f3nate con quienes dejan rese\u00f1as, d\u00e1ndoles las gracias por sus comentarios positivos y abordando cualquier preocupaci\u00f3n planteada en las rese\u00f1as menos favorables. Esto demuestra que valoras las opiniones de los clientes y puede animar a otros a compartir sus experiencias. <br\/><\/li>\n\n\n\n<li><strong>Excelencia en la atenci\u00f3n al cliente:<\/strong><br\/>Ofrece un servicio excepcional que los clientes quieran elogiar. Una experiencia positiva del cliente es la forma m\u00e1s natural de generar m\u00e1s rese\u00f1as. <br\/><\/li>\n\n\n\n<li><strong>Utiliza carteles:<\/strong><br\/>Si tienes un local f\u00edsico, utiliza carteles para recordar a los clientes que dejen una opini\u00f3n en Trustpilot cuando se vayan.<\/li>\n<\/ol>\n\n<p>Si te centras en el compromiso genuino y la satisfacci\u00f3n del cliente, aumentar\u00e1s de forma natural el n\u00famero y la calidad de las opiniones en Trustpilot.<\/p>\n\n<h2 class=\"wp-block-heading\">\u00bfPor qu\u00e9 buyfollowers.io es el mejor sitio para comprar opiniones de Trustpilot?<\/h2>\n\n<p>Comprarseguidores.io destaca como la mejor opci\u00f3n para comprar opiniones en Trustpilot gracias a sus servicios fiables y de alta calidad. Es conocida por proporcionar opiniones aut\u00e9nticas que se ajustan a los servicios o productos de tu empresa, mejorando tanto la cantidad como la calidad de tu reputaci\u00f3n online. La plataforma ofrece opciones orientadas, que te permiten adquirir opiniones que probablemente tengan resonancia en tu nicho, lo que puede mejorar significativamente la percepci\u00f3n de tu negocio.  <\/p>\n\n<p>Adem\u00e1s, comprarseguidores.io es conocido por su rapidez, y a menudo empieza a publicar opiniones a las pocas horas de tu compra, lo que te permite ver mejoras inmediatas en tu perfil de Trustpilot. Dan prioridad a la seguridad de las transacciones, garantizando que tu informaci\u00f3n personal y financiera est\u00e9 bien protegida. Complementado con un excelente servicio de atenci\u00f3n al cliente y una gama de paquetes flexibles que se adaptan a distintos presupuestos, comprarseguidores.io ofrece un servicio integral que satisface eficazmente las necesidades de los propietarios de empresas que desean mejorar su posici\u00f3n en Trustpilot.  <\/p>\n\n<h2 class=\"wp-block-heading\">Comprarseguidores.io Ofrece los siguientes paquetes de rese\u00f1as de Trustpilot activos<\/h2>\n\n<p>1 opini\u00f3n en Trustpilot<br\/>5 opiniones en Trustpilot<br\/>10 opiniones en Trustpilot<br\/>25 opiniones en Trustpilot<br\/>50 opiniones en Trustpilot<br\/>100 opiniones en Trustpilot<\/p>\n\n<h1 class=\"wp-block-heading\">PREGUNTAS FRECUENTES<\/h1>\n\n<div data-schema-only=\"false\" class=\"wp-block-aioseo-faq\"><h3 class=\"aioseo-faq-block-question\"><strong>Quanto tempo leva para ver resultados?<\/strong><\/h3><div class=\"aioseo-faq-block-answer\">\n<p>Ver\u00e1s los resultados casi inmediatamente despu\u00e9s de que se haya procesado tu pedido, normalmente en unas pocas horas.<\/p>\n<\/div><\/div>\n\n<div data-schema-only=\"false\" class=\"wp-block-aioseo-faq\"><h3 class=\"aioseo-faq-block-question\"><strong>Comprar avalia\u00e7\u00f5es \u00e9 uma pr\u00e1tica comum?<\/strong><\/h3><div class=\"aioseo-faq-block-answer\">\n<p>S\u00ed, comprar opiniones en Trustpilot es una pr\u00e1ctica habitual. Esta estrategia se utiliza a menudo para aumentar r\u00e1pidamente la popularidad y la credibilidad percibida, lo que puede atraer a m\u00e1s miembros org\u00e1nicos y establecer una presencia m\u00e1s fuerte en la plataforma. <\/p>\n<\/div><\/div>\n\n<div data-schema-only=\"false\" class=\"wp-block-aioseo-faq\"><h3 class=\"aioseo-faq-block-question\"><strong>\u00c9 poss\u00edvel ser banido por comprar avalia\u00e7\u00f5es?<\/strong><\/h3><div class=\"aioseo-faq-block-answer\">\n<p>No, no te prohibir\u00e1n comprar opiniones si utilizas sitios aut\u00e9nticos y de buena reputaci\u00f3n. Estos proveedores siguen las directrices de la plataforma, garantizando pr\u00e1cticas seguras y conformes para tu canal. <\/p>\n<\/div><\/div>\n\n<div data-schema-only=\"false\" class=\"wp-block-aioseo-faq\"><h3 class=\"aioseo-faq-block-question\"><strong>Quais benef\u00edcios posso esperar ao comprar avalia\u00e7\u00f5es no Trustpilot?<\/strong><\/h3><div class=\"aioseo-faq-block-answer\">\n<p>Comprar opiniones en Trustpilot puede aumentar significativamente tu credibilidad y visibilidad, haci\u00e9ndote parecer m\u00e1s establecido y atrayendo nuevos compromisos org\u00e1nicos.<\/p>\n<\/div><\/div>\n\n<div data-schema-only=\"false\" class=\"wp-block-aioseo-faq\"><h3 class=\"aioseo-faq-block-question\"><strong>Por que devo comprar avalia\u00e7\u00f5es no Trustpilot?<\/strong><\/h3><div class=\"aioseo-faq-block-answer\">\n<p>Comprar opiniones en Trustpilot puede aumentar tu visibilidad y credibilidad. M\u00e1s opiniones hacen que tu presencia tenga m\u00e1s autoridad, atrayendo m\u00e1s participaci\u00f3n org\u00e1nica y mejorando tu alcance e impacto general. <\/p>\n<\/div><\/div>\n\n<div data-schema-only=\"false\" class=\"wp-block-aioseo-faq\"><h3 class=\"aioseo-faq-block-question\"><strong>Essas s\u00e3o avalia\u00e7\u00f5es reais do Trustpilot?<\/strong><\/h3><div class=\"aioseo-faq-block-answer\">\n<p>S\u00ed, son opiniones reales de Trustpilot realizadas por usuarios reales.<\/p>\n<\/div><\/div>\n\n<div data-schema-only=\"false\" class=\"wp-block-aioseo-faq\"><h3 class=\"aioseo-faq-block-question\"><strong>Um grande n\u00famero de avalia\u00e7\u00f5es pode aumentar o engajamento org\u00e2nico?<\/strong><\/h3><div class=\"aioseo-faq-block-answer\">\n<p>S\u00ed, tener un gran n\u00famero de opiniones en Trustpilot puede aumentar el compromiso org\u00e1nico. Un canal m\u00e1s grande y m\u00e1s activo suele atraer a m\u00e1s miembros que probablemente participen, mejorando la interacci\u00f3n y el dinamismo de la comunidad en su conjunto. <\/p>\n<\/div><\/div>\n\n<div data-schema-only=\"false\" class=\"wp-block-aioseo-faq\"><h3 class=\"aioseo-faq-block-question\"><strong>Quantas avalia\u00e7\u00f5es devo comprar?<\/strong><\/h3><div class=\"aioseo-faq-block-answer\">\n<p>El n\u00famero de rese\u00f1as que debes comprar depende de tus objetivos. Para una visibilidad r\u00e1pida, considera comprar m\u00e1s; para una implicaci\u00f3n gradual de la comunidad, empieza con menos. Elige una cantidad que se adapte a tu estrategia.  <\/p>\n<\/div><\/div>\n\n<div data-schema-only=\"false\" class=\"wp-block-aioseo-faq\"><h3 class=\"aioseo-faq-block-question\"><strong>O que fazer se meu pedido n\u00e3o for entregue?<\/strong><\/h3><div class=\"aioseo-faq-block-answer\">\n<p>Si tu pedido no se entrega, comprueba la confirmaci\u00f3n del pedido y los detalles del pago para asegurarte de que todo es correcto. A continuaci\u00f3n, ponte en contacto con el servicio de atenci\u00f3n al cliente con la informaci\u00f3n de tu pedido para resolver el problema. Deber\u00edan poder ayudarte y ofrecerte una soluci\u00f3n.  <\/p>\n<\/div><\/div>\n\n<div data-schema-only=\"false\" class=\"wp-block-aioseo-faq\"><h3 class=\"aioseo-faq-block-question\"><strong>Quais m\u00e9todos de pagamento voc\u00ea oferece?<\/strong><\/h3><div class=\"aioseo-faq-block-answer\">\n<p>Ofrecemos diversos m\u00e9todos de pago, como tarjetas de cr\u00e9dito, PayPal y, en algunos casos, criptomonedas. Esta variedad te permite elegir la opci\u00f3n m\u00e1s conveniente para tus transacciones. <\/p>\n<\/div><\/div>\n","protected":false},"excerpt":{"rendered":"<p>\u2705 Rese\u00f1as reales en Trustpilot <br \/>\ud83c\udf1f Aspecto totalmente aut\u00e9ntico <br \/>\ud83d\udcb5 Precios rentables <br \/>\ud83d\udcf1 Atenci\u00f3n al cliente 24 horas al d\u00eda, 7 d\u00edas a la semana <br \/>\ud83d\udd10 Opciones de pago seguras<\/p>\n<p>\ud83d\ude80 \u00a1Aumenta al instante tu credibilidad con rese\u00f1as aut\u00e9nticas en Trustpilot!<\/p>\n","protected":false},"featured_media":9161,"comment_status":"open","ping_status":"closed","template":"","meta":[],"product_brand":[],"product_cat":[138],"product_tag":[],"class_list":{"0":"post-14324","1":"product","2":"type-product","3":"status-publish","4":"has-post-thumbnail","6":"product_cat-trustpilot-es","8":"first","9":"instock","10":"shipping-taxable","11":"purchasable","12":"product-type-variable"},"aioseo_notices":[],"_links":{"self":[{"href":"https:\/\/comprarseguidores.io\/es\/wp-json\/wp\/v2\/product\/14324","targetHints":{"allow":["GET"]}}],"collection":[{"href":"https:\/\/comprarseguidores.io\/es\/wp-json\/wp\/v2\/product"}],"about":[{"href":"https:\/\/comprarseguidores.io\/es\/wp-json\/wp\/v2\/types\/product"}],"replies":[{"embeddable":true,"href":"https:\/\/comprarseguidores.io\/es\/wp-json\/wp\/v2\/comments?post=14324"}],"version-history":[{"count":1,"href":"https:\/\/comprarseguidores.io\/es\/wp-json\/wp\/v2\/product\/14324\/revisions"}],"predecessor-version":[{"id":14338,"href":"https:\/\/comprarseguidores.io\/es\/wp-json\/wp\/v2\/product\/14324\/revisions\/14338"}],"wp:featuredmedia":[{"embeddable":true,"href":"https:\/\/comprarseguidores.io\/es\/wp-json\/wp\/v2\/media\/9161"}],"wp:attachment":[{"href":"https:\/\/comprarseguidores.io\/es\/wp-json\/wp\/v2\/media?parent=14324"}],"wp:term":[{"taxonomy":"product_brand","embeddable":true,"href":"https:\/\/comprarseguidores.io\/es\/wp-json\/wp\/v2\/product_brand?post=14324"},{"taxonomy":"product_cat","embeddable":true,"href":"https:\/\/comprarseguidores.io\/es\/wp-json\/wp\/v2\/product_cat?post=14324"},{"taxonomy":"product_tag","embeddable":true,"href":"https:\/\/comprarseguidores.io\/es\/wp-json\/wp\/v2\/product_tag?post=14324"}],"curies":[{"name":"wp","href":"https:\/\/api.w.org\/{rel}","templated":true}]}}