{"id":14408,"date":"2025-03-29T07:29:11","date_gmt":"2025-03-29T07:29:11","guid":{"rendered":"https:\/\/comprarseguidores.io\/product\/comprar-vistas-reales-2\/"},"modified":"2025-04-06T18:26:12","modified_gmt":"2025-04-06T18:26:12","slug":"comprar-vistas-reales-2","status":"publish","type":"product","link":"https:\/\/comprarseguidores.io\/es\/product\/comprar-vistas-reales-2\/","title":{"rendered":"Comprar vistas reales"},"content":{"rendered":"\n<h2 class=\"wp-block-heading\">Comprar vistas reales<\/h2>\n\n<p>Comprar visualizaciones en Instagram puede aumentar significativamente la popularidad percibida y el alcance de tu contenido. Cuando tus v\u00eddeos reciben un gran n\u00famero de visitas, parecen m\u00e1s cre\u00edbles y atractivos, lo que puede ayudar a atraer nuevos seguidores. El aumento de visitas tambi\u00e9n puede hacer que el algoritmo de Instagram favorezca tu contenido, coloc\u00e1ndolo potencialmente en la p\u00e1gina Explorar y en los feeds sugeridos, aumentando as\u00ed el alcance org\u00e1nico.  <\/p>\n\n<p>Esta visibilidad es crucial para los usuarios que buscan ampliar su audiencia o para las empresas que desean ampliar su base de clientes. Adem\u00e1s, unas visualizaciones elevadas hacen que tu cuenta parezca m\u00e1s influyente, lo que puede resultar especialmente atractivo para anunciantes y patrocinadores que busquen socios con m\u00e9tricas de participaci\u00f3n probadas. En general, comprar visualizaciones de Instagram puede ser una estrategia inteligente para aumentar r\u00e1pidamente tu presencia en las redes sociales y alcanzar objetivos de participaci\u00f3n m\u00e1s amplios.  <\/p>\n\n<h2 class=\"wp-block-heading\">Comprar vistas y likes de Instagram baratos<\/h2>\n\n<p>Aumenta tu engagement en Instagram sin gastar demasiado con nuestro paquete Comprar Vistas + Likes Instagram Baratos. Esta soluci\u00f3n rentable ayuda a aumentar la visibilidad y popularidad de tus publicaciones, haciendo que tu perfil sea m\u00e1s atractivo para los seguidores potenciales. <\/p>\n\n<h2 class=\"wp-block-heading\">Comprar vistas y me gusta de Instagram en Europa<\/h2>\n\n<p>Impulsa tu presencia en el mercado europeo con nuestro paquete Comprar Vistas + Me Gusta de Instagram en Europa. Consigue engagement de usuarios reales en Europa, mejorando tu alcance y haciendo tu contenido m\u00e1s atractivo para el p\u00fablico europeo. <\/p>\n\n<h2 class=\"wp-block-heading\">Comprar Reel + IGTV vistas<\/h2>\n\n<p>Impulsa el impacto de tu contenido de v\u00eddeo con nuestro paquete Comprar visualizaciones para Reels + IGTV. Aumenta las visualizaciones de tus v\u00eddeos de Reels e IGTV, mejorando tu visibilidad e implicaci\u00f3n, y ayudando a que tu contenido llegue a un p\u00fablico m\u00e1s amplio. <\/p>\n\n<h2 class=\"wp-block-heading\">Comprar visualizaciones de historias de Instagram<\/h2>\n\n<p>Aumenta la visibilidad de tus Historias de Instagram con nuestro paquete Comprar visualizaciones de Historias de Instagram. M\u00e1s visualizaciones en tus Historias pueden aumentar el engagement de tu perfil y ayudarte a conectar con una audiencia mayor, haciendo que tu contenido tenga m\u00e1s impacto. <\/p>\n\n<h2 class=\"wp-block-heading\">Comprar Instagram Reel Views<\/h2>\n\n<p>Aumenta la visibilidad de tus Reels en Instagram con nuestro paquete Instagram Reel Views. Al aumentar el n\u00famero de visualizaciones, tus Reels parecer\u00e1n m\u00e1s populares, atrayendo m\u00e1s visualizaciones org\u00e1nicas y participaci\u00f3n. Esto puede ayudar a que tu contenido destaque en el algoritmo de Instagram, dando lugar a una mayor exposici\u00f3n y llegando a un p\u00fablico m\u00e1s amplio para tus v\u00eddeos creativos.  <\/p>\n\n<h2 class=\"wp-block-heading\">Comprar likes en Instagram Carrete<\/h2>\n\n<p>Mejora el atractivo de tus Reels en Instagram con nuestro paquete de Likes para Reels de Instagram. M\u00e1s Me gusta hacen que tus Reels parezcan m\u00e1s atractivos y populares, lo que puede atraer m\u00e1s Me gusta y visualizaciones org\u00e1nicas. Este aumento de la participaci\u00f3n puede mejorar el rendimiento de tu contenido en el algoritmo de Instagram, ayud\u00e1ndote a llegar a un p\u00fablico m\u00e1s amplio e interesado.  <\/p>\n\n<p><strong>Aumentar los seguidores, las visualizaciones y los \"me gusta\" en tu perfil de Instagram puede mejorar tus m\u00e9tricas y aumentar la visibilidad en las b\u00fasquedas.<\/strong><\/p>\n\n<h2 class=\"wp-block-heading\">\u00bfCu\u00e1les son las ventajas de comprar vistas de Instagram?<\/h2>\n\n<p>Comprar vistas de Instagram puede beneficiar significativamente tu presencia en las redes sociales de muchas maneras:<\/p>\n\n<ol class=\"wp-block-list\">\n<li><strong>Aumenta la visibilidad<br\/><\/strong>Un aumento de las visualizaciones puede hacer que tus v\u00eddeos parezcan m\u00e1s populares, lo que puede hacer que aparezcan en la p\u00e1gina Explorar de Instagram, lo que aumenta el alcance org\u00e1nico.<br\/><\/li>\n\n\n\n<li><strong>Establece credibilidad<br\/><\/strong>Los v\u00eddeos con un elevado n\u00famero de visitas suelen percibirse como m\u00e1s autorizados y atractivos, lo que atrae a nuevos espectadores y seguidores potenciales.<br\/><\/li>\n\n\n\n<li><strong>Estimula la interactividad<br\/><\/strong>Un elevado n\u00famero de visualizaciones puede animar a m\u00e1s usuarios a que les guste, comenten y compartan tu contenido, ya que la gente tiende a interactuar m\u00e1s con los v\u00eddeos que parecen populares.<br\/><\/li>\n\n\n\n<li><strong>Mejora las perspectivas de negocio<br\/><\/strong>Para los influencers y las empresas, un gran n\u00famero de visitas puede hacer que tu perfil sea m\u00e1s atractivo para los anunciantes y patrocinadores que buscan m\u00e9tricas de participaci\u00f3n s\u00f3lidas.<br\/><\/li>\n\n\n\n<li><strong>Efectos inmediatos<br\/><\/strong>Comprar visitas puede impulsar r\u00e1pidamente el rendimiento de un contenido nuevo o existente, d\u00e1ndole un impulso inicial vital para una mayor exposici\u00f3n.<br\/><\/li>\n\n\n\n<li><strong>Mejora el alcance algor\u00edtmico<br\/><\/strong>El algoritmo de Instagram favorece a los v\u00eddeos con alto engagement, por lo que aumentar tus visualizaciones puede conducir a una mejor posici\u00f3n y a una mayor difusi\u00f3n de tus publicaciones en la plataforma.<\/li>\n<\/ol>\n\n<p>Estas ventajas demuestran c\u00f3mo la compra de visitas puede aumentar eficazmente el impacto y el alcance de tu contenido en Instagram, ayudando a consolidar una presencia online m\u00e1s fuerte y atractiva.<\/p>\n\n<h2 class=\"wp-block-heading\">\u00bfEs seguro comprar vistas de Instagram?<\/h2>\n\n<p>Comprar vistas de Instagram puede ser seguro si se hace correctamente a trav\u00e9s de proveedores fiables. Es crucial elegir servicios que ofrezcan vistas de cuentas reales en lugar de bots o servicios automatizados, ya que esto cumple las condiciones de servicio de Instagram y reduce el riesgo de sanciones. <\/p>\n\n<p>Los servicios aut\u00e9nticos garantizan que el aumento de visitas parezca natural y no active <a href=\"https:\/\/help.instagram.com\/340413218365867\">los filtros de spam de Instagram<\/a>, que pueden provocar restricciones o bloqueos de la cuenta. Investiga y selecciona siempre proveedores conocidos por su integridad y por seguir buenas pr\u00e1cticas para mantener tu cuenta segura a la vez que mejoras el rendimiento en las redes sociales. <\/p>\n\n<figure class=\"wp-block-image size-full\"><img fetchpriority=\"high\" decoding=\"async\" width=\"800\" height=\"600\" src=\"https:\/\/comprarseguidores.io\/wp-content\/uploads\/2024\/06\/Comprar-Visualizacoes-reels.png\" alt=\"Comprar vistas reales\" class=\"wp-image-8885\" srcset=\"https:\/\/comprarseguidores.io\/wp-content\/uploads\/2024\/06\/Comprar-Visualizacoes-reels.png 800w, https:\/\/comprarseguidores.io\/wp-content\/uploads\/2024\/06\/Comprar-Visualizacoes-reels-300x225.png 300w, https:\/\/comprarseguidores.io\/wp-content\/uploads\/2024\/06\/Comprar-Visualizacoes-reels-768x576.png 768w, https:\/\/comprarseguidores.io\/wp-content\/uploads\/2024\/06\/Comprar-Visualizacoes-reels-441x331.png 441w, https:\/\/comprarseguidores.io\/wp-content\/uploads\/2024\/06\/Comprar-Visualizacoes-reels-150x113.png 150w\" sizes=\"(max-width: 800px) 100vw, 800px\" \/><\/figure>\n\n<h2 class=\"wp-block-heading\">\u00bfC\u00f3mo comprar vistas de Instagram?<\/h2>\n\n<p>Comprar likes en Instagram es un proceso sencillo y r\u00e1pido. Para empezar, visita el sitio web de un proveedor de servicios fiable, donde tendr\u00e1s que introducir la URL de la publicaci\u00f3n de Instagram que quieres potenciar en el campo designado. A continuaci\u00f3n, selecciona la cantidad de likes que deseas entre las opciones disponibles, asegur\u00e1ndote de elegir una que se ajuste a tus objetivos y presupuesto. Una vez que hayas hecho tu selecci\u00f3n, completa la compra procesando el pago.   <\/p>\n\n<p>La entrega de \"Me gusta\" suele comenzar en unas pocas horas, lo que te permite ver un aumento inmediato del compromiso con tu publicaci\u00f3n. Este m\u00e9todo sin complicaciones est\u00e1 dise\u00f1ado para mejorar r\u00e1pidamente tu presencia en Instagram sin procedimientos complejos. <\/p>\n\n<ol class=\"wp-block-list\">\n<li>Introduce la URL de la publicaci\u00f3n de Instagram que quieres promocionar.<\/li>\n\n\n\n<li>Selecciona el n\u00famero de \"Me gusta\" que deseas entre las opciones disponibles.<\/li>\n\n\n\n<li>Finaliza tu pedido realizando el pago.<\/li>\n\n\n\n<li>Los Me gusta empezar\u00e1n a aparecer en tu publicaci\u00f3n en pocas horas.<\/li>\n<\/ol>\n\n<h2 class=\"wp-block-heading\">\u00bfCu\u00e1nto cuestan 1.000 visualizaciones en Instagram?<\/h2>\n\n<p>El coste de comprar 1000 visualizaciones en Instagram suele oscilar entre 5 y 13 $. Esta variaci\u00f3n de precios depende del proveedor y puede reflejar diferencias en la calidad de las visualizaciones, como si proceden de usuarios reales o de sistemas automatizados. Es importante elegir un servicio fiable que ofrezca un buen valor por tu inversi\u00f3n, al tiempo que garantice el cumplimiento de las directrices de Instagram.  <\/p>\n\n<h2 class=\"wp-block-heading\">\u00bfC\u00f3mo puedo conseguir m\u00e1s visitas en Instagram?<\/h2>\n\n<p>Para aumentar tus visualizaciones en Instagram, ten en cuenta estas estrategias:<\/p>\n\n<ul class=\"wp-block-list\">\n<li><strong>Publica contenido de alta calidad<\/strong>: Comparte fotos o v\u00eddeos visualmente atractivos y atrayentes.<\/li>\n\n\n\n<li><strong>Utiliza hashtags relevantes:<\/strong> Aplica hashtags espec\u00edficos para llegar a un p\u00fablico m\u00e1s amplio.<\/li>\n\n\n\n<li><strong>Publica a las horas ideales<\/strong>: Comparte publicaciones cuando tu audiencia est\u00e9 m\u00e1s activa, bas\u00e1ndote en la informaci\u00f3n de Instagram Insights.<\/li>\n\n\n\n<li><strong>Participa activamente<\/strong>: Responde a los comentarios e interact\u00faa con los seguidores para fomentar m\u00e1s visitas.<\/li>\n\n\n\n<li><strong>Utiliza<\/strong> las Historias y los Reels<strong>:<\/strong> Aprovecha las Historias y los Reels de Instagram para conseguir una mayor exposici\u00f3n.<\/li>\n\n\n\n<li><strong>Colabora con personas<\/strong> influyentes: As\u00f3ciate con personas influyentes para llegar a su p\u00fablico.<\/li>\n\n\n\n<li><strong>Promoci\u00f3n cruzada:<\/strong> Comparte tu contenido de Instagram en otras plataformas de redes sociales.<\/li>\n\n\n\n<li><strong>Organiza concursos<\/strong>: Atrae a tu audiencia con concursos que animen a compartir.<\/li>\n\n\n\n<li><strong>Utiliza los anuncios de Instagram<\/strong>: Invierte en anuncios para llegar a un p\u00fablico objetivo espec\u00edfico.<\/li>\n\n\n\n<li><strong>Crea contenido compartible:<\/strong> Produce contenido informativo o entretenido que sea susceptible de ser compartido.<\/li>\n<\/ul>\n\n<p>Estos m\u00e9todos pueden ayudarte a aumentar tus visitas mejorando tanto la visibilidad como la participaci\u00f3n en tu perfil de Instagram.<\/p>\n\n<h2 class=\"wp-block-heading\">\u00bfPor qu\u00e9 buyfollowers.io es el mejor sitio para comprar vistas de Instagram?<\/h2>\n\n<p>Claro, aqu\u00ed est\u00e1 la traducci\u00f3n al portugu\u00e9s:<\/p>\n\n<p><strong>Comprarseguidores.io<\/strong> destaca como la mejor opci\u00f3n para comprar vistas de Instagram debido a su compromiso con la autenticidad, la rapidez del servicio y la seguridad del cliente. La plataforma ofrece vistas reales de usuarios aut\u00e9nticos de Instagram, lo que mejora tanto la credibilidad como la participaci\u00f3n de tus publicaciones sin comprometer el cumplimiento de las directrices de Instagram por parte de tu cuenta. Los pedidos se procesan r\u00e1pidamente, normalmente en cuesti\u00f3n de minutos, lo que es esencial para aumentar r\u00e1pidamente el alcance de los nuevos contenidos. Adem\u00e1s, <strong>comprarseguidores.io<\/strong> garantiza un proceso de transacci\u00f3n seguro, protegiendo tu informaci\u00f3n personal y financiera.   <\/p>\n\n<p>Tambi\u00e9n proporciona un excelente servicio de atenci\u00f3n al cliente, listo para ayudar con cualquier pregunta o problema, y ofrece una variedad de opciones personalizables para adaptarse a diferentes necesidades y presupuestos. Con una garant\u00eda de satisfacci\u00f3n incluida en sus servicios, <strong>comprarseguidores.io<\/strong> se asegura de que los clientes obtengan resultados eficaces y fiables, lo que la convierte en la mejor opci\u00f3n para aumentar la visibilidad de tu Instagram. <\/p>\n\n<h2 class=\"wp-block-heading\"><strong>Comprarseguidores.io<\/strong> Ofrece los siguientes paquetes de vistas activas de Instagram<\/h2>\n\n<ul class=\"wp-block-list\">\n<li>100 visualizaciones en Instagram<\/li>\n\n\n\n<li>250 visualizaciones en Instagram<\/li>\n\n\n\n<li>500 visualizaciones en Instagram<\/li>\n\n\n\n<li>1000 visualizaciones en Instagram<\/li>\n\n\n\n<li>2500 visualizaciones en Instagram<\/li>\n\n\n\n<li>5000 visualizaciones en Instagram<\/li>\n\n\n\n<li>10.000 visualizaciones en Instagram<\/li>\n<\/ul>\n\n<h1 class=\"wp-block-heading\">PREGUNTAS FRECUENTES<\/h1>\n\n<div data-schema-only=\"false\" class=\"wp-block-aioseo-faq\"><h3 class=\"aioseo-faq-block-question\">Por que voc\u00ea deveria comprar visualiza\u00e7\u00f5es no Instagram?<\/h3><div class=\"aioseo-faq-block-answer\">\n<p>Comprar visualizaciones de Instagram puede aumentar la visibilidad y credibilidad de tu perfil, impulsando la participaci\u00f3n org\u00e1nica y haci\u00e9ndolo m\u00e1s atractivo para los anunciantes. Este m\u00e9todo es especialmente eficaz para los nuevos canales que buscan un crecimiento r\u00e1pido. <\/p>\n<\/div><\/div>\n\n<div data-schema-only=\"false\" class=\"wp-block-aioseo-faq\"><h3 class=\"aioseo-faq-block-question\">Quais benef\u00edcios posso esperar ao comprar visualiza\u00e7\u00f5es no Instagram?<\/h3><div class=\"aioseo-faq-block-answer\">\n<p>Comprar visualizaciones de Instagram aumenta la visibilidad y credibilidad de tu contenido, incrementando tus posibilidades de aparecer en la p\u00e1gina Explorar y atrayendo participaci\u00f3n org\u00e1nica. Esto puede dar lugar a m\u00e1s oportunidades de negocio y a una mejor promoci\u00f3n algor\u00edtmica de tus publicaciones. <\/p>\n<\/div><\/div>\n\n<div data-schema-only=\"false\" class=\"wp-block-aioseo-faq\"><h3 class=\"aioseo-faq-block-question\">Quanto tempo leva para ver resultados?<\/h3><div class=\"aioseo-faq-block-answer\">\n<p>Ver\u00e1s los resultados casi inmediatamente despu\u00e9s de que se haya procesado tu pedido, normalmente en unas pocas horas.<\/p>\n<\/div><\/div>\n\n<div data-schema-only=\"false\" class=\"wp-block-aioseo-faq\"><h3 class=\"aioseo-faq-block-question\">A compra de visualiza\u00e7\u00f5es \u00e9 uma pr\u00e1tica comum?<\/h3><div class=\"aioseo-faq-block-answer\">\n<p>S\u00ed, comprar visualizaciones de Instagram es habitual, especialmente entre los usuarios que quieren aumentar r\u00e1pidamente la popularidad y el alcance percibidos de su contenido. Este enfoque lo utilizan a menudo los profesionales del marketing, los influencers y las empresas para aumentar la visibilidad online, atraer participaci\u00f3n org\u00e1nica y aumentar la notoriedad algor\u00edtmica. <\/p>\n<\/div><\/div>\n\n<div data-schema-only=\"false\" class=\"wp-block-aioseo-faq\"><h3 class=\"aioseo-faq-block-question\">Essas s\u00e3o visualiza\u00e7\u00f5es reais do Instagram?<\/h3><div class=\"aioseo-faq-block-answer\">\n<p>S\u00ed, son vistas reales de Instagram de cuentas activas y aut\u00e9nticas.<\/p>\n<\/div><\/div>\n\n<div data-schema-only=\"false\" class=\"wp-block-aioseo-faq\"><h3 class=\"aioseo-faq-block-question\">Um grande n\u00famero de visualiza\u00e7\u00f5es pode aumentar o engajamento org\u00e2nico?<\/h3><div class=\"aioseo-faq-block-answer\">\n<p>S\u00ed, un gran n\u00famero de visualizaciones en Instagram puede aumentar la participaci\u00f3n org\u00e1nica. Las publicaciones con muchas visualizaciones tienen m\u00e1s probabilidades de aparecer en la p\u00e1gina Explorar o en los feeds recomendados, atrayendo m\u00e1s Me gusta, comentarios y visualizaciones org\u00e1nicas, lo que aumenta a\u00fan m\u00e1s la participaci\u00f3n. <\/p>\n<\/div><\/div>\n\n<div data-schema-only=\"false\" class=\"wp-block-aioseo-faq\"><h3 class=\"aioseo-faq-block-question\">Quantas visualiza\u00e7\u00f5es no Instagram devo comprar?<\/h3><div class=\"aioseo-faq-block-answer\">\n<p>Ajusta el n\u00famero de visualizaciones en Instagram en funci\u00f3n de tus objetivos: compra un n\u00famero mayor para aumentar la visibilidad y obtener una ventaja competitiva, u opta por un n\u00famero menor para experimentar c\u00f3mo influye la visibilidad en la participaci\u00f3n, ajustando tu enfoque seg\u00fan sea necesario en funci\u00f3n de los resultados.<\/p>\n<\/div><\/div>\n\n<div data-schema-only=\"false\" class=\"wp-block-aioseo-faq\"><h3 class=\"aioseo-faq-block-question\">\u00c9 poss\u00edvel ser banido por comprar visualiza\u00e7\u00f5es no Instagram?<\/h3><div class=\"aioseo-faq-block-answer\">\n<p>Comprar visualizaciones de Instagram a fuentes acreditadas que cumplan la normativa de la plataforma suele ser seguro y es poco probable que provoque la suspensi\u00f3n de la cuenta. Optar por proveedores fiables garantiza que las vistas proceden de cuentas aut\u00e9nticas y activas, al tiempo que se cumplen las normas \u00e9ticas de Instagram. <\/p>\n<\/div><\/div>\n\n<div data-schema-only=\"false\" class=\"wp-block-aioseo-faq\"><h3 class=\"aioseo-faq-block-question\">O que fazer se o meu pedido n\u00e3o for entregue?<\/h3><div class=\"aioseo-faq-block-answer\">\n<p>Si tu pedido no se entrega, comprueba la confirmaci\u00f3n del pedido y los datos de pago para asegurarte de que son correctos. A continuaci\u00f3n, ponte en contacto con el servicio de atenci\u00f3n al cliente con la informaci\u00f3n de tu pedido para resolver el problema. Deber\u00edan poder ayudarte y ofrecerte una soluci\u00f3n.  <\/p>\n<\/div><\/div>\n\n<div data-schema-only=\"false\" class=\"wp-block-aioseo-faq\"><h3 class=\"aioseo-faq-block-question\">Quais m\u00e9todos de pagamento voc\u00ea oferece?<\/h3><div class=\"aioseo-faq-block-answer\">\n<p>Ofrecemos diversos m\u00e9todos de pago, como tarjetas de cr\u00e9dito, PayPal y, en algunos casos, criptomonedas. Esta variedad te permite elegir la opci\u00f3n m\u00e1s conveniente para tus transacciones. <\/p>\n<\/div><\/div>\n","protected":false},"excerpt":{"rendered":"<p>\ud83d\ude80 Impulsa tus publicaciones de Instagram:<\/p>\n<p>\u2705 Vistas de Instagram 100% reales <br \/>\u231b Entrega r\u00e1pida <br \/>\ud83d\udcb8 Precios asequibles <br \/>\ud83d\udd12 Seguro y discreto<\/p>\n<p>*Las vistas Premium tambi\u00e9n proporcionan impresiones y visitas al perfil<\/p>\n","protected":false},"featured_media":7216,"comment_status":"open","ping_status":"closed","template":"","meta":[],"product_brand":[],"product_cat":[111],"product_tag":[],"class_list":{"0":"post-14408","1":"product","2":"type-product","3":"status-publish","4":"has-post-thumbnail","6":"product_cat-instagram-es","8":"first","9":"instock","10":"shipping-taxable","11":"purchasable","12":"product-type-variable"},"aioseo_notices":[],"_links":{"self":[{"href":"https:\/\/comprarseguidores.io\/es\/wp-json\/wp\/v2\/product\/14408","targetHints":{"allow":["GET"]}}],"collection":[{"href":"https:\/\/comprarseguidores.io\/es\/wp-json\/wp\/v2\/product"}],"about":[{"href":"https:\/\/comprarseguidores.io\/es\/wp-json\/wp\/v2\/types\/product"}],"replies":[{"embeddable":true,"href":"https:\/\/comprarseguidores.io\/es\/wp-json\/wp\/v2\/comments?post=14408"}],"version-history":[{"count":1,"href":"https:\/\/comprarseguidores.io\/es\/wp-json\/wp\/v2\/product\/14408\/revisions"}],"predecessor-version":[{"id":14447,"href":"https:\/\/comprarseguidores.io\/es\/wp-json\/wp\/v2\/product\/14408\/revisions\/14447"}],"wp:featuredmedia":[{"embeddable":true,"href":"https:\/\/comprarseguidores.io\/es\/wp-json\/wp\/v2\/media\/7216"}],"wp:attachment":[{"href":"https:\/\/comprarseguidores.io\/es\/wp-json\/wp\/v2\/media?parent=14408"}],"wp:term":[{"taxonomy":"product_brand","embeddable":true,"href":"https:\/\/comprarseguidores.io\/es\/wp-json\/wp\/v2\/product_brand?post=14408"},{"taxonomy":"product_cat","embeddable":true,"href":"https:\/\/comprarseguidores.io\/es\/wp-json\/wp\/v2\/product_cat?post=14408"},{"taxonomy":"product_tag","embeddable":true,"href":"https:\/\/comprarseguidores.io\/es\/wp-json\/wp\/v2\/product_tag?post=14408"}],"curies":[{"name":"wp","href":"https:\/\/api.w.org\/{rel}","templated":true}]}}