{"id":14457,"date":"2025-03-29T07:29:40","date_gmt":"2025-03-29T07:29:40","guid":{"rendered":"https:\/\/comprarseguidores.io\/product\/comprar-miembros-del-canal-whatsapp-2\/"},"modified":"2025-04-06T18:26:11","modified_gmt":"2025-04-06T18:26:11","slug":"comprar-miembros-del-canal-whatsapp-2","status":"publish","type":"product","link":"https:\/\/comprarseguidores.io\/es\/product\/comprar-miembros-del-canal-whatsapp-2\/","title":{"rendered":"Comprar miembros del canal WhatsApp"},"content":{"rendered":"\n<h2 class=\"wp-block-heading\">Comprar miembros del canal WhatsApp<\/h2>\n\n<p>Comprar miembros para tu canal de WhatsApp ofrece varias ventajas importantes para ampliar tu presencia digital y mejorar el compromiso. En primer lugar, aumenta r\u00e1pidamente la popularidad percibida de tu canal, lo que puede atraer a m\u00e1s miembros org\u00e1nicos. Una mayor audiencia significa un mayor compromiso, con una participaci\u00f3n m\u00e1s activa y comentarios sobre tu contenido.  <\/p>\n\n<p>Este mayor compromiso no s\u00f3lo aumenta la vitalidad de tu canal, sino que tambi\u00e9n mejora las posibilidades de que tu contenido se comparta fuera de tu red inmediata, aumentando as\u00ed su alcance. Es m\u00e1s, tener un elevado n\u00famero de miembros puede dar credibilidad a tu canal, haci\u00e9ndolo m\u00e1s atractivo para nuevos miembros potenciales e incluso para patrocinadores o anunciantes que busquen canales con una s\u00f3lida base de usuarios. <\/p>\n\n<h2 class=\"wp-block-heading\">Comprar miembros del canal WhatsApp de la UE<\/h2>\n\n<p>Aumenta la credibilidad de tu canal de WhatsApp y ampl\u00eda tu alcance en toda Europa comprando Miembros del Canal UE para WhatsApp. Este servicio est\u00e1 dise\u00f1ado para aumentar el n\u00famero de miembros con usuarios genuinos de diferentes pa\u00edses europeos, impulsando el compromiso y haciendo que tu canal sea m\u00e1s atractivo para una audiencia diversa. Ideal para empresas que buscan establecer una fuerte presencia en el mercado europeo.  <\/p>\n\n<h2 class=\"wp-block-heading\">Comprar Emoji reaction mix \ud83d\udc4d\ud83d\udd25\ud83c\udf89\u2764\ufe0f\ud83d\ude01<\/h2>\n\n<p>\u00a1Alegra tu contenido en las redes sociales con nuestro servicio Mezcla de Reacciones Emoji! Este paquete te permite a\u00f1adir una vibrante variedad de reacciones emoji -como pulgares arriba, fuego, fuegos artificiales, coraz\u00f3n y cara sonriente- a tus publicaciones, aumentando la interacci\u00f3n de los usuarios y haciendo que tu contenido sea m\u00e1s din\u00e1mico y atractivo. Perfecto para creadores que quieran promover una comunidad m\u00e1s activa y receptiva.  <\/p>\n\n<h2 class=\"wp-block-heading\">\u00bfCu\u00e1les son las ventajas de comprar miembros del canal WhatsApp?<\/h2>\n\n<p>Comprar miembros para el canal WhatsApp ofrece varias ventajas importantes:<br\/><br\/><strong>1. Aumenta la credibilidad<br\/><\/strong> Un mayor n\u00famero de miembros puede hacer que tu canal parezca m\u00e1s cre\u00edble y autorizado, atrayendo a nuevos usuarios.<br\/><br\/><strong>2. Aumenta la actividad<br\/><\/strong> Un mayor n\u00famero de miembros suele traducirse en mayores niveles de compromiso, con m\u00e1s \"me gusta\", comentarios y comparticiones de tus contenidos, lo que crea un animado ambiente comunitario.<br\/><br\/><strong>3. Ampl\u00eda la visibilidad<br\/><\/strong> Una audiencia mayor significa que es m\u00e1s probable que tu contenido circule ampliamente, aumentando <a href=\"https:\/\/faq.whatsapp.com\/1318001139066835\">la visibilidad e influencia de tu canal<\/a>.<br\/><br\/><strong>4. Crecimiento org\u00e1nico de miembros<br\/><\/strong> Los canales que ya tienen un n\u00famero considerable de miembros son m\u00e1s atractivos, lo que puede ayudar a atraer m\u00e1s seguidores de forma org\u00e1nica.<br\/><br\/><strong>5. Mayor apalancamiento de marketing<br\/><\/strong> Una afiliaci\u00f3n s\u00f3lida abre m\u00e1s posibilidades para las actividades de marketing y promoci\u00f3n, incluidas las asociaciones y la publicidad.<br\/><br\/>Estas ventajas ponen de relieve por qu\u00e9 comprar miembros para tu canal de WhatsApp puede ser una estrategia eficaz para ampliar r\u00e1pidamente la influencia y el compromiso de tu canal.<\/p>\n\n<h2 class=\"wp-block-heading\">\u00bfEs seguro comprar membres\u00edas de canales de WhatsApp?<\/h2>\n\n<p>S\u00ed, comprar miembros para tu canal de WhatsApp es seguro si utilizas un sitio aut\u00e9ntico y de confianza. Estos proveedores siguen normas legales y \u00e9ticas, a\u00f1adiendo miembros reales sin poner en peligro tu canal. Comprueba siempre la reputaci\u00f3n del proveedor y lee las opiniones de los clientes para asegurarte de que son dignos de confianza y transparentes en cuanto a sus m\u00e9todos.  <\/p>\n\n<figure class=\"wp-block-image size-full\"><img fetchpriority=\"high\" decoding=\"async\" width=\"800\" height=\"600\" src=\"https:\/\/comprarseguidores.io\/wp-content\/uploads\/2024\/06\/Compre-membros-do-canal-WhatsApp.png\" alt=\"Comprar miembros del canal WhatsApp\" class=\"wp-image-9074\" srcset=\"https:\/\/comprarseguidores.io\/wp-content\/uploads\/2024\/06\/Compre-membros-do-canal-WhatsApp.png 800w, https:\/\/comprarseguidores.io\/wp-content\/uploads\/2024\/06\/Compre-membros-do-canal-WhatsApp-300x225.png 300w, https:\/\/comprarseguidores.io\/wp-content\/uploads\/2024\/06\/Compre-membros-do-canal-WhatsApp-768x576.png 768w, https:\/\/comprarseguidores.io\/wp-content\/uploads\/2024\/06\/Compre-membros-do-canal-WhatsApp-441x331.png 441w, https:\/\/comprarseguidores.io\/wp-content\/uploads\/2024\/06\/Compre-membros-do-canal-WhatsApp-150x113.png 150w\" sizes=\"(max-width: 800px) 100vw, 800px\" \/><\/figure>\n\n<h2 class=\"wp-block-heading\">\u00bfC\u00f3mo compro miembros del canal WhatsApp?<\/h2>\n\n<p>Comprar miembros para el canal WhatsApp es un proceso sencillo y directo. Estos son los pasos b\u00e1sicos: <\/p>\n\n<ol class=\"wp-block-list\">\n<li>Visita el sitio web de un proveedor fiable y busca la secci\u00f3n dedicada a la compra de membres\u00edas para canales de WhatsApp.<\/li>\n\n\n\n<li>Introduce la URL de tu canal de WhatsApp en el campo designado.<\/li>\n\n\n\n<li>Elige el n\u00famero de miembros que quieres a\u00f1adir entre las opciones disponibles, que se adaptan a diferentes necesidades y presupuestos.<\/li>\n\n\n\n<li>Finaliza tu compra siguiendo el proceso de pago.<\/li>\n<\/ol>\n\n<p>Normalmente, el pedido empezar\u00e1 a procesarse en pocas horas, y empezar\u00e1s a ver un aumento de nuevos miembros casi de inmediato, mejorando el compromiso y el alcance de tu canal de forma eficaz y eficiente.<\/p>\n\n<h2 class=\"wp-block-heading\">\u00bfCu\u00e1nto cuestan 1.000 miembros del canal WhatsApp?<\/h2>\n\n<p>El coste de 1000 miembros del canal WhatsApp puede variar significativamente en funci\u00f3n del proveedor y de la calidad de los miembros ofrecidos. Normalmente, los precios oscilan entre 50 y 150 $ por 1000 miembros, dependiendo de factores como la autenticidad de los miembros y la velocidad de entrega. Es crucial llevar a cabo una investigaci\u00f3n detallada y comparar diferentes proveedores para encontrar un servicio fiable que ofrezca miembros aut\u00e9nticos y activos, capaces de contribuir positivamente a tu canal.  <\/p>\n\n<p>Adem\u00e1s, considerar proveedores que ofrezcan asistencia al cliente y garant\u00edas de servicio puede asegurarte el mejor resultado posible para tu inversi\u00f3n.<\/p>\n\n<h2 class=\"wp-block-heading\">\u00bfC\u00f3mo puedo conseguir m\u00e1s miembros del canal WhatsApp?<\/h2>\n\n<p>Aumentar org\u00e1nicamente los miembros de tu canal de WhatsApp implica varios pasos estrat\u00e9gicos:<\/p>\n\n<ol class=\"wp-block-list\">\n<li><strong>Ofrece contenido valioso<\/strong><br\/>Comparte regularmente contenido valioso y relevante que enganche a tus miembros actuales y les anime a compartir el canal con otros.<br\/><\/li>\n\n\n\n<li><strong>Promociona tu canal<\/strong><br\/>Utiliza otras plataformas de redes sociales como Facebook, Twitter, <a href=\"https:\/\/www.instagram.com\/\">Instagram<\/a> y LinkedIn para promocionar tu canal de WhatsApp. Incluye un enlace directo o un c\u00f3digo QR para que sea m\u00e1s f\u00e1cil unirse. <br\/><\/li>\n\n\n\n<li><strong>Utiliza tu red<\/strong><br\/>Anima a tus amigos, familiares y contactos profesionales a que se unan a tu canal y lo compartan en sus redes.<br\/><\/li>\n\n\n\n<li><strong>Interact\u00faa regularmente<\/strong><br\/>Mant\u00e9n activo tu canal interactuando con los miembros, haciendo preguntas y solicitando opiniones para que la conversaci\u00f3n fluya.<br\/><\/li>\n\n\n\n<li><strong>Organiza sorteos y concursos<\/strong><br\/>Crea incentivos para que la gente se una a tu canal, como acceso exclusivo a informaci\u00f3n, ofertas especiales o participaci\u00f3n en concursos.<br\/><\/li>\n\n\n\n<li><strong>Colabora con influencers<\/strong><br\/>As\u00f3ciate con influencers que puedan promocionar tu canal de WhatsApp entre sus seguidores, especialmente entre aquellos que forman parte de tu p\u00fablico objetivo.<br\/><\/li>\n\n\n\n<li><strong>Utiliza publicidad de pago<\/strong><br\/>Considera la posibilidad de utilizar opciones de publicidad de pago en las redes sociales para dirigirte a p\u00fablicos espec\u00edficos que puedan estar interesados en tu canal de WhatsApp.<\/li>\n<\/ol>\n\n<p>Poniendo en pr\u00e1ctica estas estrategias, podr\u00e1s aumentar los miembros de tu canal de WhatsApp de forma r\u00e1pida y eficaz.<\/p>\n\n<h2 class=\"wp-block-heading\">\u00bfPor qu\u00e9 buyfollowers.io es el mejor sitio para comprar miembros del canal de WhatsApp?<\/h2>\n\n<p>Comprarseguidores.io destaca como la mejor opci\u00f3n para comprar miembros para canales de WhatsApp debido a sus servicios fiables y de alta calidad. Es conocida por proporcionar miembros genuinos que est\u00e1n alineados con el contenido de tu canal, mejorando tanto la cantidad como la calidad del compromiso. La plataforma ofrece opciones de crecimiento selectivo, permiti\u00e9ndote adquirir miembros que probablemente tengan inter\u00e9s en tu nicho, lo que puede mejorar significativamente la interacci\u00f3n dentro de tu canal.  <\/p>\n\n<p>Adem\u00e1s, comprarseguidores.io es conocido por su rapidez de entrega, y a menudo empieza a a\u00f1adir miembros a las pocas horas de tu compra, lo que te permite ver resultados inmediatos. Dan prioridad a la seguridad de las transacciones, garantizando que tu informaci\u00f3n personal y financiera est\u00e9 bien protegida. Complementado con una excelente atenci\u00f3n al cliente y una variedad de paquetes flexibles que se adaptan a distintos presupuestos, buyfollowers.io ofrece un servicio integral que satisface eficazmente las necesidades de los propietarios de canales de WhatsApp que buscan ampliar su audiencia.  <\/p>\n\n<h2 class=\"wp-block-heading\">Comprar seguidores.io ofrece los siguientes paquetes para miembros activos del canal de WhatsApp<\/h2>\n\n<ul class=\"wp-block-list\">\n<li>10 me gusta en Instagram<\/li>\n\n\n\n<li>50 me gusta en Instagram<\/li>\n\n\n\n<li>100 me gusta en Instagram<\/li>\n\n\n\n<li>250 me gusta en Instagram<\/li>\n\n\n\n<li>500 me gusta en Instagram<\/li>\n\n\n\n<li>750 me gusta en Instagram<\/li>\n<\/ul>\n\n<h1 class=\"wp-block-heading\">PREGUNTAS FRECUENTES<\/h1>\n\n<div data-schema-only=\"false\" class=\"wp-block-aioseo-faq\"><h3 class=\"aioseo-faq-block-question\"><strong>\u00c9 poss\u00edvel ser banido por comprar membros para o canal?<\/strong><\/h3><div class=\"aioseo-faq-block-answer\">\n<p>No, no te prohibir\u00e1n comprar miembros para tu canal si utilizas sitios aut\u00e9nticos y de buena reputaci\u00f3n. Estos proveedores siguen las directrices de la plataforma, garantizando pr\u00e1cticas seguras y conformes para tu canal. <\/p>\n<\/div><\/div>\n\n<div data-schema-only=\"false\" class=\"wp-block-aioseo-faq\"><h3 class=\"aioseo-faq-block-question\"><strong>Quais benef\u00edcios posso esperar ao comprar membros para o canal?<\/strong><\/h3><div class=\"aioseo-faq-block-answer\">\n<p>Comprar miembros para tu canal de WhatsApp puede aumentar significativamente la credibilidad y visibilidad de tu canal, haci\u00e9ndolo parecer m\u00e1s establecido y atrayendo nuevos miembros org\u00e1nicos. Este aumento de miembros puede mejorar el compromiso, fomentar una comunidad viva y abrir m\u00e1s oportunidades de negocio a trav\u00e9s de una mayor interacci\u00f3n con los clientes y posibles asociaciones. <\/p>\n<\/div><\/div>\n\n<div data-schema-only=\"false\" class=\"wp-block-aioseo-faq\"><h3 class=\"aioseo-faq-block-question\"><strong>Por que devo comprar membros para o canal do WhatsApp?<\/strong><\/h3><div class=\"aioseo-faq-block-answer\">\n<p>Comprar miembros para tu canal de WhatsApp puede aumentar la visibilidad y credibilidad de tu canal. M\u00e1s miembros hacen que tu canal parezca m\u00e1s autorizado, atrayendo m\u00e1s seguidores org\u00e1nicos y mejorando su alcance e impacto general. <\/p>\n<\/div><\/div>\n\n<div data-schema-only=\"false\" class=\"wp-block-aioseo-faq\"><h3 class=\"aioseo-faq-block-question\"><strong>Os membros do canal do WhatsApp s\u00e3o reais?<\/strong><\/h3><div class=\"aioseo-faq-block-answer\">\n<p>S\u00ed, se trata de miembros reales del canal WhatsApp.<\/p>\n<\/div><\/div>\n\n<div data-schema-only=\"false\" class=\"wp-block-aioseo-faq\"><h3 class=\"aioseo-faq-block-question\"><strong>Comprar membros para o canal \u00e9 uma pr\u00e1tica comum?<\/strong><\/h3><div class=\"aioseo-faq-block-answer\">\n<p>S\u00ed, comprar miembros para tu canal de WhatsApp es una pr\u00e1ctica com\u00fan entre muchos operadores de canales. Esta estrategia se utiliza a menudo para aumentar r\u00e1pidamente la popularidad y credibilidad percibidas de un canal, lo que puede ayudar a atraer m\u00e1s miembros org\u00e1nicos y establecer una presencia m\u00e1s fuerte en la plataforma. <\/p>\n<\/div><\/div>\n\n<div data-schema-only=\"false\" class=\"wp-block-aioseo-faq\"><h3 class=\"aioseo-faq-block-question\"><strong>Um alto n\u00famero de membros no canal pode aumentar o engajamento org\u00e2nico?<\/strong><\/h3><div class=\"aioseo-faq-block-answer\">\n<p>S\u00ed, tener un n\u00famero elevado de miembros en tu canal de WhatsApp puede aumentar el compromiso org\u00e1nico. Un canal m\u00e1s grande y m\u00e1s activo atrae generalmente a m\u00e1s miembros propensos a participar, mejorando la interacci\u00f3n y la din\u00e1mica de la comunidad en su conjunto. <\/p>\n<\/div><\/div>\n\n<div data-schema-only=\"false\" class=\"wp-block-aioseo-faq\"><h3 class=\"aioseo-faq-block-question\"><strong>Quantos membros do canal devo comprar?<\/strong><\/h3><div class=\"aioseo-faq-block-answer\">\n<p>El n\u00famero de miembros del canal que debes comprar depende de tus objetivos. Para una visibilidad r\u00e1pida, considera comprar m\u00e1s; para una implicaci\u00f3n gradual de la comunidad, empieza con menos. Elige una cantidad que se adapte a tu estrategia.  <\/p>\n<\/div><\/div>\n\n<div data-schema-only=\"false\" class=\"wp-block-aioseo-faq\"><h3 class=\"aioseo-faq-block-question\"><strong>Quanto tempo leva para ver resultados?<\/strong><\/h3><div class=\"aioseo-faq-block-answer\">\n<p>Ver\u00e1s los resultados casi inmediatamente despu\u00e9s de que se haya procesado tu pedido, normalmente en unas pocas horas.<\/p>\n<\/div><\/div>\n\n<div data-schema-only=\"false\" class=\"wp-block-aioseo-faq\"><h3 class=\"aioseo-faq-block-question\"><strong>O que fazer se meu pedido n\u00e3o for entregue?<\/strong><\/h3><div class=\"aioseo-faq-block-answer\">\n<p>Si tu pedido no se entrega, comprueba la confirmaci\u00f3n del pedido y los detalles del pago para asegurarte de que todo es correcto. A continuaci\u00f3n, ponte en contacto con el servicio de atenci\u00f3n al cliente con la informaci\u00f3n de tu pedido para resolver el problema. Deber\u00edan poder ayudarte y ofrecerte una soluci\u00f3n.  <\/p>\n<\/div><\/div>\n\n<div data-schema-only=\"false\" class=\"wp-block-aioseo-faq\"><h3 class=\"aioseo-faq-block-question\"><strong>Quais m\u00e9todos de pagamento voc\u00ea oferece?<\/strong><\/h3><div class=\"aioseo-faq-block-answer\">\n<p>Ofrecemos diversos m\u00e9todos de pago, como tarjetas de cr\u00e9dito, PayPal y, en algunos casos, criptomonedas. Esta variedad te permite elegir la opci\u00f3n m\u00e1s conveniente para tus transacciones. <\/p>\n<\/div><\/div>\n","protected":false},"excerpt":{"rendered":"<p><strong>\u2714\ufe0f Miembros reales del canal de WhatsApp<\/strong> <br \/>\u2b50\ufe0f Apariencia aut\u00e9ntica, sin \"falsificaciones\" <br \/>\ud83d\udcb0 Precios asequibles <br \/>\ud83d\udcde Atenci\u00f3n al cliente 24 horas al d\u00eda <br \/>\ud83d\udd12 M\u00e9todos de pago seguros<\/p>\n<p>\ud83d\udd25 \u00a1Haz crecer tu canal de WhatsApp inmediatamente!<\/p>\n","protected":false},"featured_media":9072,"comment_status":"open","ping_status":"closed","template":"","meta":[],"product_brand":[],"product_cat":[140],"product_tag":[],"class_list":{"0":"post-14457","1":"product","2":"type-product","3":"status-publish","4":"has-post-thumbnail","6":"product_cat-whatsapp-es","8":"first","9":"instock","10":"shipping-taxable","11":"purchasable","12":"product-type-variable"},"aioseo_notices":[],"_links":{"self":[{"href":"https:\/\/comprarseguidores.io\/es\/wp-json\/wp\/v2\/product\/14457","targetHints":{"allow":["GET"]}}],"collection":[{"href":"https:\/\/comprarseguidores.io\/es\/wp-json\/wp\/v2\/product"}],"about":[{"href":"https:\/\/comprarseguidores.io\/es\/wp-json\/wp\/v2\/types\/product"}],"replies":[{"embeddable":true,"href":"https:\/\/comprarseguidores.io\/es\/wp-json\/wp\/v2\/comments?post=14457"}],"version-history":[{"count":1,"href":"https:\/\/comprarseguidores.io\/es\/wp-json\/wp\/v2\/product\/14457\/revisions"}],"predecessor-version":[{"id":14495,"href":"https:\/\/comprarseguidores.io\/es\/wp-json\/wp\/v2\/product\/14457\/revisions\/14495"}],"wp:featuredmedia":[{"embeddable":true,"href":"https:\/\/comprarseguidores.io\/es\/wp-json\/wp\/v2\/media\/9072"}],"wp:attachment":[{"href":"https:\/\/comprarseguidores.io\/es\/wp-json\/wp\/v2\/media?parent=14457"}],"wp:term":[{"taxonomy":"product_brand","embeddable":true,"href":"https:\/\/comprarseguidores.io\/es\/wp-json\/wp\/v2\/product_brand?post=14457"},{"taxonomy":"product_cat","embeddable":true,"href":"https:\/\/comprarseguidores.io\/es\/wp-json\/wp\/v2\/product_cat?post=14457"},{"taxonomy":"product_tag","embeddable":true,"href":"https:\/\/comprarseguidores.io\/es\/wp-json\/wp\/v2\/product_tag?post=14457"}],"curies":[{"name":"wp","href":"https:\/\/api.w.org\/{rel}","templated":true}]}}