{"id":14496,"date":"2025-03-29T07:29:30","date_gmt":"2025-03-29T07:29:30","guid":{"rendered":"https:\/\/comprarseguidores.io\/product\/comprar-visitas-en-directo-de-instagram-2\/"},"modified":"2025-04-06T18:26:11","modified_gmt":"2025-04-06T18:26:11","slug":"comprar-visitas-en-directo-de-instagram-2","status":"publish","type":"product","link":"https:\/\/comprarseguidores.io\/es\/product\/comprar-visitas-en-directo-de-instagram-2\/","title":{"rendered":"Comprar visitas en directo de Instagram"},"content":{"rendered":"\n<h2 class=\"wp-block-heading\">Comprar visitas en directo de Instagram<\/h2>\n\n<p>Comprar visualizaciones en directo de Instagram ofrece varias ventajas importantes para mejorar tu presencia en las redes sociales. En primer lugar, aumenta la visibilidad de tus retransmisiones en directo, haci\u00e9ndolas parecer m\u00e1s populares y atrayendo a m\u00e1s espectadores org\u00e1nicos. Esta mayor visibilidad puede mejorar tu clasificaci\u00f3n en el algoritmo de Instagram, lo que se traduce en una mayor exposici\u00f3n en la plataforma. Adem\u00e1s, un mayor n\u00famero de espectadores puede aumentar tu credibilidad e influencia, haciendo que tu marca o perfil sea m\u00e1s atractivo para posibles seguidores y anunciantes.   <\/p>\n\n<p>La popularidad percibida de tus v\u00eddeos en directo tambi\u00e9n puede estimular una mayor participaci\u00f3n e interacci\u00f3n de tu audiencia, fomentando un sentimiento de comunidad y conexi\u00f3n. En resumen, comprar Vistas en Directo en Instagram es una estrategia eficaz para acelerar el crecimiento y maximizar el impacto de tu contenido en directo. <\/p>\n\n<h2 class=\"wp-block-heading\">Compra 15 minutos de visualizaciones en directo en Instagram<\/h2>\n\n<p>Impulsa tus retransmisiones en directo con nuestro paquete Instagram Live Views de 15 minutos. Esta opci\u00f3n r\u00e1pida y eficaz aumenta tu visibilidad e implicaci\u00f3n, haciendo que tus sesiones en directo parezcan m\u00e1s populares y atrayendo a m\u00e1s espectadores org\u00e1nicos. <\/p>\n\n<h2 class=\"wp-block-heading\">Compra 30 minutos de visualizaciones en directo en Instagram<\/h2>\n\n<p>Mejora tus sesiones de Instagram Live con nuestro paquete Vistas en directo de 30 minutos. Gana m\u00e1s exposici\u00f3n y credibilidad a medida que tu retransmisi\u00f3n atrae a una audiencia mayor, fomentando las interacciones org\u00e1nicas y el compromiso. <\/p>\n\n<h2 class=\"wp-block-heading\">Compra 1 hora de visualizaciones en directo en Instagram<\/h2>\n\n<p>Maximiza el impacto de tus sesiones en directo con nuestro paquete Instagram Live Views de 1 hora. Esta opci\u00f3n aumenta significativamente la visibilidad de tus retransmisiones, ayud\u00e1ndote a llegar a un p\u00fablico m\u00e1s amplio y a establecer conexiones m\u00e1s s\u00f3lidas con tus seguidores. <\/p>\n\n<h2 class=\"wp-block-heading\">Compra 2 horas de visualizaciones en directo de Instagram<\/h2>\n\n<p>Aseg\u00farate un compromiso y una visibilidad continuos con nuestro paquete Vistas en directo de Instagram de 2 horas. Ideal para sesiones m\u00e1s largas, este paquete ayuda a mantener un alto n\u00famero de visualizaciones, aumentando la credibilidad de tu perfil y atrayendo m\u00e1s visualizaciones org\u00e1nicas. <\/p>\n\n<h2 class=\"wp-block-heading\">Comprar visualizaciones en directo de Instagram + likes &#8211; comentarios aleatorios<\/h2>\n\n<p>Eleva tus retransmisiones en directo con nuestro paquete integral que incluye Vistas en directo, Me gusta y Comentarios aleatorios en Instagram. Esta soluci\u00f3n completa aumenta tu visibilidad, compromiso e interacci\u00f3n, haciendo que tus sesiones en directo sean m\u00e1s atractivas y cre\u00edbles para tu audiencia. <\/p>\n\n<p><strong>Aumentar los seguidores, las visualizaciones y los \"me gusta\" en tu perfil de Instagram puede mejorar tus m\u00e9tricas y aumentar tu visibilidad en las b\u00fasquedas.<\/strong><\/p>\n\n<h2 class=\"wp-block-heading\">\u00bfCu\u00e1les son las ventajas de comprar Vistas en Directo de Instagram?<\/h2>\n\n<p>Comprar visualizaciones en directo de Instagram ofrece numerosas ventajas para impulsar tu presencia en las redes sociales. Aumenta significativamente la visibilidad de tus retransmisiones en directo, haci\u00e9ndolas parecer m\u00e1s populares y atrayendo a m\u00e1s espectadores org\u00e1nicos. Esta mayor visibilidad puede mejorar tu clasificaci\u00f3n en el algoritmo de Instagram, lo que se traduce en una mayor exposici\u00f3n en la plataforma. Adem\u00e1s, un mayor n\u00famero de espectadores aumenta tu credibilidad e influencia, haciendo que tu perfil sea m\u00e1s atractivo para posibles seguidores y anunciantes.   <\/p>\n\n<p>Las principales ventajas son:<\/p>\n\n<ul class=\"wp-block-list\">\n<li><strong>Mayor participaci\u00f3n:<\/strong> Un mayor n\u00famero de espectadores puede dar lugar a mayores niveles de interacci\u00f3n durante tus sesiones en directo.<\/li>\n\n\n\n<li><strong>Mayor credibilidad<\/strong>: Un elevado n\u00famero de espectadores hace que tus emisiones sean m\u00e1s cre\u00edbles y atractivas.<\/li>\n\n\n\n<li><strong>Mayor exposici\u00f3n: <\/strong>Una mayor visibilidad ayuda a que tu contenido llegue a un p\u00fablico m\u00e1s amplio.<\/li>\n\n\n\n<li><strong>Mayor conexi\u00f3n con la comunidad:<\/strong> Fomenta el sentido de comunidad a medida que m\u00e1s personas participan en tus sesiones en directo.<\/li>\n<\/ul>\n\n<p>En resumen, comprar Vistas en Directo en Instagram es una poderosa estrategia para acelerar tu crecimiento y maximizar el impacto de tu contenido en directo.<\/p>\n\n<h2 class=\"wp-block-heading\">\u00bfEs seguro comprar visualizaciones en directo de Instagram?<\/h2>\n\n<p>S\u00ed, es seguro comprar Vistas en Directo de Instagram si las adquieres en sitios aut\u00e9nticos. Los proveedores reputados garantizan que las visualizaciones proceden de cuentas reales y activas y siguen <a href=\"https:\/\/help.instagram.com\/477434105621119\">las directrices de Instagram<\/a>, lo que minimiza el riesgo de sanciones o prohibiciones. Estos servicios fiables utilizan m\u00e9todos seguros para entregar las visualizaciones, manteniendo la integridad y seguridad de tu cuenta.  <\/p>\n\n<p>Al elegir un proveedor fiable, puedes aumentar la visibilidad y la participaci\u00f3n de tus sesiones en directo sin preocuparte por posibles riesgos. Esto te permite disfrutar de las ventajas de una mayor exposici\u00f3n y credibilidad, al tiempo que garantizas que tu cuenta sigue cumpliendo las pol\u00edticas de Instagram. <\/p>\n\n<figure class=\"wp-block-image size-full\"><img fetchpriority=\"high\" decoding=\"async\" width=\"800\" height=\"600\" src=\"https:\/\/comprarseguidores.io\/wp-content\/uploads\/2024\/06\/Comprar-Visitas-Instagram-Live.png\" alt=\"Comprar visitas en directo de Instagram\" class=\"wp-image-9003\" srcset=\"https:\/\/comprarseguidores.io\/wp-content\/uploads\/2024\/06\/Comprar-Visitas-Instagram-Live.png 800w, https:\/\/comprarseguidores.io\/wp-content\/uploads\/2024\/06\/Comprar-Visitas-Instagram-Live-300x225.png 300w, https:\/\/comprarseguidores.io\/wp-content\/uploads\/2024\/06\/Comprar-Visitas-Instagram-Live-768x576.png 768w, https:\/\/comprarseguidores.io\/wp-content\/uploads\/2024\/06\/Comprar-Visitas-Instagram-Live-441x331.png 441w, https:\/\/comprarseguidores.io\/wp-content\/uploads\/2024\/06\/Comprar-Visitas-Instagram-Live-150x113.png 150w\" sizes=\"(max-width: 800px) 100vw, 800px\" \/><\/figure>\n\n<h2 class=\"wp-block-heading\">\u00bfC\u00f3mo comprar visualizaciones en directo de Instagram?<\/h2>\n\n<p>Comprar visualizaciones en directo en Instagram es incre\u00edblemente f\u00e1cil y sencillo. S\u00f3lo tienes que introducir la URL de tu transmisi\u00f3n en directo en el campo correspondiente, seleccionar el n\u00famero de visualizaciones que deseas y completar tu pedido. El proceso es r\u00e1pido y sin complicaciones, y s\u00f3lo te llevar\u00e1 unos minutos finalizarlo. Una vez realizado el pedido, suele empezar a procesarse en unas horas.   <\/p>\n\n<p>Empezar\u00e1s a ver resultados casi de inmediato, con un aumento de las visualizaciones de tu transmisi\u00f3n en directo, lo que impulsar\u00e1 tu engagement sin esfuerzo. Este sencillo m\u00e9todo te permite mejorar tu presencia en Instagram con el m\u00ednimo esfuerzo: <\/p>\n\n<ol class=\"wp-block-list\">\n<li>Introduce la URL de tu emisi\u00f3n en directo en el campo correspondiente.<\/li>\n\n\n\n<li>Selecciona el n\u00famero deseado de vistas.<\/li>\n\n\n\n<li>Completa tu pedido.<\/li>\n\n\n\n<li>La tramitaci\u00f3n del pedido comienza en pocas horas.<\/li>\n\n\n\n<li>Observa resultados inmediatos con un aumento de las visualizaciones de tu retransmisi\u00f3n en directo.<\/li>\n<\/ol>\n\n<h2 class=\"wp-block-heading\">\u00bfCu\u00e1nto cuestan 1.000 visualizaciones en directo en Instagram?<\/h2>\n\n<p>El coste de 1.000 visualizaciones en directo en Instagram var\u00eda de 5 a 20 $, dependiendo de varios factores. Estos factores incluyen la duraci\u00f3n de la retransmisi\u00f3n en directo, ya que las sesiones m\u00e1s largas pueden costar m\u00e1s, la calidad de los perfiles que proporcionan las visualizaciones (los perfiles de mayor calidad y m\u00e1s activos pueden tener un coste superior), y los paquetes espec\u00edficos ofrecidos por el proveedor de servicios. <\/p>\n\n<p>Algunos paquetes pueden incluir caracter\u00edsticas o ventajas adicionales, como una entrega m\u00e1s r\u00e1pida o un compromiso garantizado, que tambi\u00e9n pueden influir en el precio. Esta variedad de opciones de precios te permite elegir el servicio que mejor se ajuste a tus necesidades y presupuesto, asegur\u00e1ndote de que obtienes el mejor valor por tu inversi\u00f3n. <\/p>\n\n<h2 class=\"wp-block-heading\">\u00bfC\u00f3mo puedo conseguir m\u00e1s visualizaciones en directo en Instagram?<\/h2>\n\n<p>Para conseguir m\u00e1s visualizaciones en directo en Instagram, ten en cuenta estas estrategias:<\/p>\n\n<ol class=\"wp-block-list\">\n<li><strong>Promociona<\/strong> con antelaci\u00f3n<strong>:<\/strong> Anuncia tu retransmisi\u00f3n en directo con antelaci\u00f3n en tu feed, historias y otras plataformas de redes sociales.<\/li>\n\n\n\n<li><strong>Involucra a los espectadores:<\/strong> Interact\u00faa con tu audiencia durante la emisi\u00f3n en directo respondiendo a las preguntas y reconociendo los comentarios.<\/li>\n\n\n\n<li><strong>Programa sabiamente:<\/strong> Haz retransmisiones en directo cuando tu audiencia est\u00e9 m\u00e1s activa.<\/li>\n\n\n\n<li><strong>Colabora con personas infl<\/strong> uyentes<strong>:<\/strong> Colabora con personas influyentes para llegar a un p\u00fablico m\u00e1s amplio.<\/li>\n\n\n\n<li><strong>Crea contenido valioso:<\/strong> Ofrece contenido entretenido o informativo para atraer y retener a los espectadores.<\/li>\n\n\n\n<li><strong>Utiliza t\u00edtulos y hashtags pegadizos:<\/strong> Utiliza t\u00edtulos atractivos y hashtags relevantes para aumentar el descubrimiento.<\/li>\n\n\n\n<li><strong>Volver a publicar lo m\u00e1s destacado:<\/strong> Comparte lo m\u00e1s destacado de tu retransmisi\u00f3n en directo para atraer a m\u00e1s espectadores para futuras retransmisiones.<\/li>\n\n\n\n<li><strong>Comprar visualizaciones en directo:<\/strong> Compra visualizaciones de fuentes fiables para aumentar la visibilidad y atraer m\u00e1s espectadores org\u00e1nicos.<\/li>\n<\/ol>\n\n<p>Estas t\u00e1cticas pueden ayudarte a aumentar eficazmente el n\u00famero de visualizaciones de tus retransmisiones de Instagram Live.<\/p>\n\n<h2 class=\"wp-block-heading\">\u00bfPor qu\u00e9 buyfollowers.io es el mejor sitio para comprar visualizaciones en directo de Instagram?<\/h2>\n\n<p>comprarseguidores.io es el mejor sitio para comprar Vistas en Directo de Instagram por su compromiso con la calidad, la fiabilidad y la satisfacci\u00f3n del cliente. Ofrecen vistas de cuentas reales y activas, lo que garantiza que tus sesiones en directo parezcan aut\u00e9nticas y cre\u00edbles. El proceso es r\u00e1pido y sencillo, los pedidos empiezan a procesarse en cuesti\u00f3n de horas y los resultados aparecen casi de inmediato. comprarseguidores.io tambi\u00e9n da prioridad a la seguridad de tu cuenta, siguiendo las directrices de Instagram y utilizando m\u00e9todos de pago seguros.   <\/p>\n\n<p>Sus competitivas opciones de precios se adaptan a diferentes presupuestos, y su excelente servicio de atenci\u00f3n al cliente est\u00e1 siempre dispuesto a ayudarte con cualquier pregunta o duda. Con innumerables opiniones positivas y un historial de entregas exitosas, comprarseguidores.io destaca como la mejor opci\u00f3n para aumentar tus Visualizaciones en Directo de Instagram de forma eficaz y segura. <\/p>\n\n<h2 class=\"wp-block-heading\">Comprarseguidores.io ofrece los siguientes paquetes activos de visualizaci\u00f3n en directo de Instagram<\/h2>\n\n<ul class=\"wp-block-list\">\n<li>50 Me gusta en Instagram<\/li>\n\n\n\n<li>100 Me Gusta en Instagram<\/li>\n\n\n\n<li>250 Me gusta en Instagram<\/li>\n\n\n\n<li>500 Me Gusta en Instagram<\/li>\n\n\n\n<li>1000 Me Gusta en Instagram<\/li>\n<\/ul>\n\n<h1 class=\"wp-block-heading\">PREGUNTAS FRECUENTES<\/h1>\n\n<div data-schema-only=\"false\" class=\"wp-block-aioseo-faq\"><h3 class=\"aioseo-faq-block-question\"><strong>S\u00e3o visualiza\u00e7\u00f5es reais de Instagram Live?<\/strong><\/h3><div class=\"aioseo-faq-block-answer\">\n<p>S\u00ed, son visualizaciones reales de Instagram Live de cuentas activas y aut\u00e9nticas.<\/p>\n<\/div><\/div>\n\n<div data-schema-only=\"false\" class=\"wp-block-aioseo-faq\"><h3 class=\"aioseo-faq-block-question\"><strong>Um alto n\u00famero de visualiza\u00e7\u00f5es ao vivo pode aumentar o engajamento org\u00e2nico?<\/strong><\/h3><div class=\"aioseo-faq-block-answer\">\n<p>S\u00ed, un elevado n\u00famero de visualizaciones en directo puede aumentar la participaci\u00f3n org\u00e1nica en Instagram. M\u00e1s visualizaciones hacen que tus retransmisiones parezcan m\u00e1s populares, atrayendo a m\u00e1s espectadores y fomentando una mayor interacci\u00f3n y participaci\u00f3n durante tus sesiones en directo. <\/p>\n<\/div><\/div>\n\n<div data-schema-only=\"false\" class=\"wp-block-aioseo-faq\"><h3 class=\"aioseo-faq-block-question\"><strong>Quantas visualiza\u00e7\u00f5es ao vivo devo comprar?<\/strong><\/h3><div class=\"aioseo-faq-block-answer\">\n<p>El n\u00famero de visualizaciones en directo que debes comprar depende de tus objetivos. Para una visibilidad inicial, basta con una cantidad menor. Para un mayor crecimiento y visibilidad, compra una cantidad mayor. Ajusta la cantidad en funci\u00f3n de tus objetivos espec\u00edficos para obtener los mejores resultados.   <\/p>\n<\/div><\/div>\n\n<div data-schema-only=\"false\" class=\"wp-block-aioseo-faq\"><h3 class=\"aioseo-faq-block-question\"><strong>\u00c9 poss\u00edvel ser banido por comprar visualiza\u00e7\u00f5es ao vivo no Instagram?<\/strong><\/h3><div class=\"aioseo-faq-block-answer\">\n<p>No, es poco probable que te proh\u00edban comprar vistas en directo en Instagram si compras en sitios aut\u00e9nticos. Los proveedores fiables garantizan que las visualizaciones proceden de cuentas reales y activas y cumplen las directrices de Instagram, manteniendo tu cuenta a salvo. <\/p>\n<\/div><\/div>\n\n<div data-schema-only=\"false\" class=\"wp-block-aioseo-faq\"><h3 class=\"aioseo-faq-block-question\"><strong>Por que devo comprar visualiza\u00e7\u00f5es ao vivo no Instagram?<\/strong><\/h3><div class=\"aioseo-faq-block-answer\">\n<p>Comprar visualizaciones en directo en Instagram aumenta tu visibilidad, atrae espectadores org\u00e1nicos y mejora tu clasificaci\u00f3n en el algoritmo de Instagram. Esto aumenta tu credibilidad, atrae seguidores y anunciantes y estimula un mayor compromiso. Esto acelera el crecimiento y maximiza el impacto de tu contenido en directo.  <\/p>\n<\/div><\/div>\n\n<div data-schema-only=\"false\" class=\"wp-block-aioseo-faq\"><h3 class=\"aioseo-faq-block-question\"><strong>Quais benef\u00edcios posso esperar ao comprar visualiza\u00e7\u00f5es ao vivo no Instagram?<\/strong><\/h3><div class=\"aioseo-faq-block-answer\">\n<p>Comprar visualizaciones en directo en Instagram aumenta la visibilidad de tus retransmisiones, mejora tu clasificaci\u00f3n en el algoritmo de Instagram y aumenta la credibilidad de tu perfil. Tambi\u00e9n estimula un mayor compromiso y acelera tu crecimiento general en la plataforma. <\/p>\n<\/div><\/div>\n\n<div data-schema-only=\"false\" class=\"wp-block-aioseo-faq\"><h3 class=\"aioseo-faq-block-question\"><strong>Quanto tempo at\u00e9 ver resultados?<\/strong><\/h3><div class=\"aioseo-faq-block-answer\">\n<p>Ver\u00e1s los resultados casi inmediatamente despu\u00e9s de que se haya procesado tu pedido, normalmente en unas pocas horas.<\/p>\n<\/div><\/div>\n\n<div data-schema-only=\"false\" class=\"wp-block-aioseo-faq\"><h3 class=\"aioseo-faq-block-question\"><strong>Comprar visualiza\u00e7\u00f5es ao vivo \u00e9 uma a\u00e7\u00e3o frequentemente praticada?<\/strong><\/h3><div class=\"aioseo-faq-block-answer\">\n<p>S\u00ed, comprar visualizaciones en directo es una acci\u00f3n que se practica con frecuencia en Instagram. Muchos influencers, marcas y particulares la utilizan para aumentar su visibilidad, engagement y presencia general en la plataforma. <\/p>\n<\/div><\/div>\n\n<div data-schema-only=\"false\" class=\"wp-block-aioseo-faq\"><h3 class=\"aioseo-faq-block-question\"><strong>O que fazer se meu pedido n\u00e3o for entregue?<\/strong><\/h3><div class=\"aioseo-faq-block-answer\">\n<p>Si tu pedido no se entrega, comprueba la confirmaci\u00f3n del pedido y los detalles del pago para asegurarte de que todo es correcto. A continuaci\u00f3n, ponte en contacto con el servicio de atenci\u00f3n al cliente con los datos de tu pedido para resolver el problema. Deber\u00edan poder ayudarte y ofrecerte una soluci\u00f3n.  <\/p>\n<\/div><\/div>\n\n<div data-schema-only=\"false\" class=\"wp-block-aioseo-faq\"><h3 class=\"aioseo-faq-block-question\"><strong>Quais m\u00e9todos de pagamento voc\u00eas oferecem?<\/strong><\/h3><div class=\"aioseo-faq-block-answer\">\n<p>Ofrecemos diversos m\u00e9todos de pago, como tarjetas de cr\u00e9dito, PayPal y, en algunos casos, criptomonedas. Esta variedad te permite elegir la opci\u00f3n m\u00e1s conveniente para tus transacciones. <\/p>\n<\/div><\/div>\n","protected":false},"excerpt":{"rendered":"<p>\ud83d\ude80 Potencia tu perfil de Instagram:<\/p>\n<p>\ud83d\udc40 Vistas 100% reales en directo en Instagram <br \/>\u23f1\ufe0f Entrega en 24 horas <br \/>\u2b50\ufe0f Las vistas Premium tambi\u00e9n incluyen impresiones y visitas al perfil <br \/>\ud83d\udd12 Seguro y discreto <br \/>\u2705 Garant\u00eda de por vida<\/p>\n","protected":false},"featured_media":7216,"comment_status":"open","ping_status":"closed","template":"","meta":[],"product_brand":[],"product_cat":[111],"product_tag":[],"class_list":{"0":"post-14496","1":"product","2":"type-product","3":"status-publish","4":"has-post-thumbnail","6":"product_cat-instagram-es","8":"first","9":"instock","10":"shipping-taxable","11":"purchasable","12":"product-type-variable"},"aioseo_notices":[],"_links":{"self":[{"href":"https:\/\/comprarseguidores.io\/es\/wp-json\/wp\/v2\/product\/14496","targetHints":{"allow":["GET"]}}],"collection":[{"href":"https:\/\/comprarseguidores.io\/es\/wp-json\/wp\/v2\/product"}],"about":[{"href":"https:\/\/comprarseguidores.io\/es\/wp-json\/wp\/v2\/types\/product"}],"replies":[{"embeddable":true,"href":"https:\/\/comprarseguidores.io\/es\/wp-json\/wp\/v2\/comments?post=14496"}],"version-history":[{"count":1,"href":"https:\/\/comprarseguidores.io\/es\/wp-json\/wp\/v2\/product\/14496\/revisions"}],"predecessor-version":[{"id":14540,"href":"https:\/\/comprarseguidores.io\/es\/wp-json\/wp\/v2\/product\/14496\/revisions\/14540"}],"wp:featuredmedia":[{"embeddable":true,"href":"https:\/\/comprarseguidores.io\/es\/wp-json\/wp\/v2\/media\/7216"}],"wp:attachment":[{"href":"https:\/\/comprarseguidores.io\/es\/wp-json\/wp\/v2\/media?parent=14496"}],"wp:term":[{"taxonomy":"product_brand","embeddable":true,"href":"https:\/\/comprarseguidores.io\/es\/wp-json\/wp\/v2\/product_brand?post=14496"},{"taxonomy":"product_cat","embeddable":true,"href":"https:\/\/comprarseguidores.io\/es\/wp-json\/wp\/v2\/product_cat?post=14496"},{"taxonomy":"product_tag","embeddable":true,"href":"https:\/\/comprarseguidores.io\/es\/wp-json\/wp\/v2\/product_tag?post=14496"}],"curies":[{"name":"wp","href":"https:\/\/api.w.org\/{rel}","templated":true}]}}