{"id":14732,"date":"2025-03-29T07:31:10","date_gmt":"2025-03-29T07:31:10","guid":{"rendered":"https:\/\/comprarseguidores.io\/product\/comprar-acciones-automaticas-de-telegram-2\/"},"modified":"2025-04-06T18:29:53","modified_gmt":"2025-04-06T18:29:53","slug":"comprar-acciones-automaticas-de-telegram-2","status":"publish","type":"product","link":"https:\/\/comprarseguidores.io\/es\/product\/comprar-acciones-automaticas-de-telegram-2\/","title":{"rendered":"Comprar acciones autom\u00e1ticas de Telegram"},"content":{"rendered":"\n<h2 class=\"wp-block-heading\">Comprar acciones autom\u00e1ticas de Telegram<\/h2>\n\n<p>Comprar comparticiones autom\u00e1ticas en Telegram ofrece importantes ventajas para aumentar el alcance y el impacto de tus contenidos en la plataforma. En primer lugar, aumenta la distribuci\u00f3n de tus publicaciones, asegurando que tus mensajes se compartan autom\u00e1ticamente en m\u00faltiples canales o grupos, llegando as\u00ed a un p\u00fablico m\u00e1s amplio. Este mayor alcance ayuda a atraer m\u00e1s tr\u00e1fico org\u00e1nico a tu contenido, aumentando la probabilidad de atraer a nuevos seguidores e implicar a los ya existentes.  <\/p>\n\n<p>Adem\u00e1s, tener un mayor n\u00famero de compartidos aumenta la credibilidad y el valor percibido de tu contenido, animando a m\u00e1s usuarios a interactuar con \u00e9l y a compartirlo m\u00e1s. Este efecto c\u00edclico no s\u00f3lo refuerza la visibilidad de tu canal, sino que tambi\u00e9n mejora su posici\u00f3n en <a href=\"https:\/\/medium.com\/@suyog.patil21_21420\/exploring-algorithms-in-telegram-d8594198fad4\">los algoritmos de Telegram<\/a>, lo que puede dar lugar a un mayor descubrimiento y participaci\u00f3n con el tiempo. <\/p>\n\n<h2 class=\"wp-block-heading\">Compra acciones autom\u00e1ticas en Telegram para los pr\u00f3ximos 30 puestos<\/h2>\n\n<p>Aumenta la visibilidad de tu canal de Telegram con nuestro paquete de Compartici\u00f3n autom\u00e1tica de las 30 pr\u00f3ximas publicaciones. Este servicio garantiza que tus pr\u00f3ximas 30 publicaciones se compartan autom\u00e1ticamente, aumentando tu alcance y participaci\u00f3n. Al compartir tu contenido de forma constante, puedes ampliar tu canal y atraer a un p\u00fablico m\u00e1s amplio. Nuestras comparticiones autom\u00e1ticas se entregan de forma r\u00e1pida y fiable, permiti\u00e9ndote beneficiarte inmediatamente de una mayor visibilidad.   <\/p>\n\n<p><strong>Mantener una mezcla equilibrada de reacciones, miembros de grupo, comentarios, visualizaciones, comparticiones autom\u00e1ticas e impulsos SEO en Telegram puede mejorar tus estad\u00edsticas y aumentar tu visibilidad en la plataforma.<\/strong><\/p>\n\n<h2 class=\"wp-block-heading\">\u00bfCu\u00e1les son las ventajas de comprar acciones autom\u00e1ticas en Telegram?<\/h2>\n\n<p>Comprar comparticiones autom\u00e1ticas en Telegram conlleva varios beneficios que pueden aumentar significativamente el alcance y el impacto de tu contenido:<\/p>\n\n<ol class=\"wp-block-list\">\n<li><strong>Alcance ampliado <br\/><\/strong>Las comparticiones autom\u00e1ticas distribuyen tus publicaciones a varios canales y grupos de Telegram, ampliando tu audiencia m\u00e1s all\u00e1 de tus seguidores inmediatos. Este alcance ampliado ayuda a atraer a nuevos suscriptores que de otro modo no habr\u00edan descubierto tu canal. <br\/><\/li>\n\n\n\n<li><strong>Mayor compromiso <br\/><\/strong>Con m\u00e1s compartidos, tu contenido gana m\u00e1s visibilidad, lo que puede dar lugar a mayores niveles de compromiso, como me gusta, comentarios y compartidos adicionales de nuevos espectadores.<br\/><\/li>\n\n\n\n<li><strong>Credibilidad reforzada <br\/><\/strong>El contenido que se comparte con frecuencia suele considerarse m\u00e1s cre\u00edble y valioso. Esta percepci\u00f3n puede aumentar la autoridad de tu canal y atraer a una audiencia m\u00e1s comprometida. <br\/><\/li>\n\n\n\n<li><strong>Visibilidad consistente <br\/><\/strong>Las comparticiones autom\u00e1ticas garantizan que todas tus publicaciones reciban una exposici\u00f3n consistente, manteniendo tu canal activo y visible para los usuarios de forma regular, lo que es crucial para mantener y hacer crecer una audiencia dedicada.<br\/><\/li>\n\n\n\n<li><strong>Ventaja algor\u00edtmica <br\/><\/strong>Los algoritmos de Telegram favorecen el contenido con mayor compromiso y visibilidad. Las comparticiones autom\u00e1ticas ayudan a que tus publicaciones tengan un mejor rendimiento en estos algoritmos, aumentando potencialmente tu alcance y el crecimiento org\u00e1nico de tu canal. <\/li>\n<\/ol>\n\n<h2 class=\"wp-block-heading\">\u00bfEs seguro comprar acciones autom\u00e1ticas en Telegram?<\/h2>\n\n<p>S\u00ed, comprar autoshares en Telegram puede ser seguro si compras a servicios aut\u00e9nticos y de buena reputaci\u00f3n. Es crucial elegir proveedores que sigan <a href=\"https:\/\/telegram.org\/tos\">las directrices de Telegram<\/a> y utilicen m\u00e9todos leg\u00edtimos para compartir tu contenido. Estos proveedores garantizan que el proceso de compartir cumple las pol\u00edticas de la plataforma, minimizando el riesgo de sanciones o problemas con la cuenta, y manteniendo la integridad de tu presencia en Telegram. Realiza siempre una investigaci\u00f3n detallada, comprueba las rese\u00f1as y confirma la credibilidad del proveedor de servicios antes de realizar una compra para garantizar una transacci\u00f3n segura y eficaz.   <\/p>\n\n<figure class=\"wp-block-image size-full\"><a href=\"https:\/\/comprarseguidores.io\/wp-content\/uploads\/2024\/06\/Comprar-shares-automaticos-Telegram.png\"><img fetchpriority=\"high\" decoding=\"async\" width=\"800\" height=\"600\" src=\"https:\/\/comprarseguidores.io\/wp-content\/uploads\/2024\/06\/Comprar-shares-automaticos-Telegram.png\" alt=\"Comprar acciones autom&#xE1;ticas de Telegram\" class=\"wp-image-9744\" srcset=\"https:\/\/comprarseguidores.io\/wp-content\/uploads\/2024\/06\/Comprar-shares-automaticos-Telegram.png 800w, https:\/\/comprarseguidores.io\/wp-content\/uploads\/2024\/06\/Comprar-shares-automaticos-Telegram-300x225.png 300w, https:\/\/comprarseguidores.io\/wp-content\/uploads\/2024\/06\/Comprar-shares-automaticos-Telegram-768x576.png 768w, https:\/\/comprarseguidores.io\/wp-content\/uploads\/2024\/06\/Comprar-shares-automaticos-Telegram-441x331.png 441w, https:\/\/comprarseguidores.io\/wp-content\/uploads\/2024\/06\/Comprar-shares-automaticos-Telegram-150x113.png 150w\" sizes=\"(max-width: 800px) 100vw, 800px\" \/><\/a><\/figure>\n\n<h2 class=\"wp-block-heading\">\u00bfC\u00f3mo comprar acciones autom\u00e1ticas en Telegram?<\/h2>\n\n<p>Comprar autocompartidos en Telegram es un proceso sencillo y r\u00e1pido dise\u00f1ado para aumentar el alcance de tu contenido sin esfuerzo. Todo lo que tienes que hacer es seleccionar un proveedor de servicios fiable e ir a su sitio web. All\u00ed, introduce la URL de tu publicaci\u00f3n en Telegram en el campo especificado, elige el n\u00famero de participaciones que deseas comprar y finaliza tu pedido con un m\u00e9todo de pago seguro.  <\/p>\n\n<p>Normalmente, el servicio se pone en marcha a las pocas horas de la compra, y empezar\u00e1s a ver resultados inmediatos a medida que tu contenido se comparte autom\u00e1ticamente en diferentes canales y grupos de Telegram, ampliando significativamente tu exposici\u00f3n y potencial de participaci\u00f3n. Este proceso simplificado hace que sea f\u00e1cil aumentar la visibilidad de tu contenido sin ning\u00fan esfuerzo continuo. <\/p>\n\n<p>Aqu\u00ed tienes una lista sencilla que explica c\u00f3mo comprar acciones autom\u00e1ticas en Telegram:<\/p>\n\n<ol class=\"wp-block-list\">\n<li>Ve al sitio web del proveedor de servicios e introduce la URL de tu publicaci\u00f3n en Telegram en el campo especificado.  <\/li>\n\n\n\n<li>Elige el n\u00famero de acciones que quieres comprar, teniendo en cuenta tus necesidades y tu presupuesto.  <\/li>\n\n\n\n<li>Introduce tus datos de pago y completa tu compra de forma segura.  <\/li>\n\n\n\n<li>El servicio suele empezar a las pocas horas de la compra.  <\/li>\n\n\n\n<li>Observa el aumento inmediato de compartidos y el mayor alcance de tu publicaci\u00f3n.<\/li>\n<\/ol>\n\n<h2 class=\"wp-block-heading\">\u00bfCu\u00e1nto cuestan 1.000 acciones autom\u00e1ticas de Telegram?<\/h2>\n\n<p>El coste de 1000 autocompartidos en Telegram puede variar en funci\u00f3n del proveedor de servicios y de las funciones adicionales que ofrezca, como dirigirse a grupos demogr\u00e1ficos espec\u00edficos u opciones de entrega m\u00e1s r\u00e1pidas. Normalmente, los precios pueden oscilar entre 10 y 50 d\u00f3lares por 1000 autocompartidos. Es esencial investigar y comparar diferentes proveedores para encontrar el mejor equilibrio entre coste, fiabilidad y calidad del servicio ofrecido.  <\/p>\n\n<h2 class=\"wp-block-heading\">\u00bfC\u00f3mo conseguir m\u00e1s acciones autom\u00e1ticas en Telegram?<\/h2>\n\n<p>Para aumentar el n\u00famero de auto-compartidos en tus publicaciones de Telegram, puedes seguir estas estrategias:<\/p>\n\n<ol class=\"wp-block-list\">\n<li><strong>Elige un proveedor fiable <br\/><\/strong>Elige un servicio fiable que ofrezca paquetes de auto compartido que se adapten a tus necesidades. Aseg\u00farate de que el proveedor tiene buenas cr\u00edticas y un historial de prestaci\u00f3n de servicios de calidad. <br\/><\/li>\n\n\n\n<li><strong>Compra regularmente <br\/><\/strong>Para mantener una afluencia constante de comparticiones, considera la posibilidad de establecer un calendario de compra regular con tu proveedor. Esto garantiza una visibilidad y participaci\u00f3n continuas de tus publicaciones. <br\/><\/li>\n\n\n\n<li><strong>Ajusta las cantidades de compar<\/strong>tidos <strong> <br\/> En funci\u00f3n del rendimiento de tus publicaciones, ajusta el n\u00famero de compartidos que compras. Si un tipo espec\u00edfico de contenido funciona bien, puedes aumentar las comparticiones autom\u00e1ticas para publicaciones similares en el futuro.<\/strong> <br\/><\/li>\n\n\n\n<li><strong>Comb\u00ednalo con otros servicios <br\/><\/strong>Aumenta la eficacia de los autocompartidos combin\u00e1ndolos con otros servicios de promoci\u00f3n, como las autovisiones o los autome gusta. Este enfoque multifac\u00e9tico puede conducir a un mayor compromiso y crecimiento org\u00e1nico. <br\/><\/li>\n\n\n\n<li><strong>Analiza y adapta <br\/><\/strong>Revisa peri\u00f3dicamente el impacto de las acciones autom\u00e1ticas en tu canal de Telegram. Utiliza los datos anal\u00edticos para adaptar tu estrategia, centr\u00e1ndote en lo que funciona mejor para atraer a tu audiencia. <br\/><\/li>\n\n\n\n<li><strong>Promociona tu contenido en otros lugares <br\/><\/strong>Adem\u00e1s de comprar autocompartidos, promociona tus publicaciones de Telegram en otras plataformas de redes sociales para generar m\u00e1s tr\u00e1fico org\u00e1nico y fomentar que se compartan de forma natural.<br\/><\/li>\n<\/ol>\n\n<h2 class=\"wp-block-heading\">\u00bfPor qu\u00e9 comprarseguidores.io es el mejor sitio para comprar auto participaciones en Telegram?<\/h2>\n\n<p>comprarseguidores.io es ampliamente reconocida como la mejor plataforma para adquirir autocompartidos en Telegram, gracias a su probada fiabilidad, calidad excepcional y extraordinario servicio de atenci\u00f3n al cliente. El sitio es conocido por proporcionar autocompartidos de forma r\u00e1pida y consistente, asegurando que tus publicaciones reciban una visibilidad inmediata y significativa. Proporcionan comparticiones de cuentas de Telegram reales y activas, aumentando tanto el compromiso como la credibilidad de tu contenido. Adem\u00e1s, comprarseguidores.io se adhiere estrictamente a las directrices operativas de Telegram, ofreciendo tranquilidad al minimizar el riesgo de problemas o penalizaciones en la cuenta.   <\/p>\n\n<p>Respaldan su s\u00f3lida oferta de servicios con un excelente servicio de atenci\u00f3n al cliente, preparado para resolver r\u00e1pidamente cualquier duda o preocupaci\u00f3n. Con paquetes personalizables disponibles, comprarseguidores.io se adapta a una gran variedad de necesidades y presupuestos, garantizando transacciones seguras para proteger tus datos financieros. Esta combinaci\u00f3n de fiabilidad, calidad de servicio y caracter\u00edsticas centradas en el usuario hacen de este sitio la mejor opci\u00f3n para impulsar eficazmente tu presencia en Telegram.  <\/p>\n\n<h2 class=\"wp-block-heading\">Comprarseguidores.io ofrece los siguientes paquetes de autocompartir en Telegram:<\/h2>\n\n<ul class=\"wp-block-list\">\n<li>20 Auto Acciones en Telegram<\/li>\n\n\n\n<li>50 Auto Acciones en Telegram<\/li>\n\n\n\n<li>100 Auto Acciones en Telegram<\/li>\n\n\n\n<li>500 Auto Acciones en Telegram<\/li>\n<\/ul>\n\n<h1 class=\"wp-block-heading\">PREGUNTAS FRECUENTES<\/h1>\n\n<div data-schema-only=\"false\" class=\"wp-block-aioseo-faq\"><h3 class=\"aioseo-faq-block-question\">Quais s\u00e3o os benef\u00edcios de comprar shares autom\u00e1ticos no Telegram?<\/h3><div class=\"aioseo-faq-block-answer\">\n<p>Comprar comparticiones autom\u00e1ticas en Telegram aumenta el alcance y la credibilidad de tus publicaciones, impulsando el compromiso y la visibilidad en los algoritmos de la plataforma. Este servicio te ahorra tiempo con promociones manuales y mantiene tu canal constantemente activo. <\/p>\n<\/div><\/div>\n\n<div data-schema-only=\"false\" class=\"wp-block-aioseo-faq\"><h3 class=\"aioseo-faq-block-question\">Comprar shares autom\u00e1ticos \u00e9 uma pr\u00e1tica frequente?<\/h3><div class=\"aioseo-faq-block-answer\">\n<p>S\u00ed, comprar participaciones autom\u00e1ticas es una pr\u00e1ctica com\u00fan, especialmente entre los propietarios de canales de Telegram que quieren aumentar r\u00e1pidamente el alcance y el compromiso de su contenido. Esta estrategia ayuda a aumentar la visibilidad y atraer m\u00e1s seguidores org\u00e1nicos, creando una impresi\u00f3n de participaci\u00f3n activa y popularidad. <\/p>\n<\/div><\/div>\n\n<div data-schema-only=\"false\" class=\"wp-block-aioseo-faq\"><h3 class=\"aioseo-faq-block-question\">Esses shares autom\u00e1ticos s\u00e3o reais?<\/h3><div class=\"aioseo-faq-block-answer\">\n<p><span style=\"font-size: revert; color: initial;\">S\u00ed, estas acciones autom\u00e1ticas proceden de cuentas de Telegram reales y activas.<\/span><\/p>\n<\/div><\/div>\n\n<div data-schema-only=\"false\" class=\"wp-block-aioseo-faq\"><h3 class=\"aioseo-faq-block-question\">\u00c9 poss\u00edvel ser banido por comprar shares autom\u00e1ticos no Telegram?<\/h3><div class=\"aioseo-faq-block-answer\">\n<p>Comprar participaciones autom\u00e1ticas a proveedores fiables que siguen las normas de Telegram es generalmente seguro. Estos proveedores se adhieren a las directrices de la plataforma, ofrecen un compromiso genuino y reducen el riesgo de sanciones o suspensiones de cuenta, preservando as\u00ed la integridad de tu perfil de Telegram. <\/p>\n<\/div><\/div>\n\n<div data-schema-only=\"false\" class=\"wp-block-aioseo-faq\"><h3 class=\"aioseo-faq-block-question\">Por que devo comprar shares autom\u00e1ticos no Telegram?<\/h3><div class=\"aioseo-faq-block-answer\">\n<p>Comprar comparticiones autom\u00e1ticas en Telegram es beneficioso porque ampl\u00eda significativamente el alcance y la visibilidad de tu contenido, compartiendo autom\u00e1ticamente tus publicaciones para atraer a un p\u00fablico m\u00e1s amplio. Esto aumenta tu credibilidad y compromiso org\u00e1nico, fomentando m\u00e1s interacciones y seguidores. Tambi\u00e9n garantiza un compromiso constante, que es clave para optimizar el rendimiento de tu contenido en los algoritmos de Telegram, mejorando el crecimiento general del canal.  <\/p>\n<\/div><\/div>\n\n<div data-schema-only=\"false\" class=\"wp-block-aioseo-faq\"><h3 class=\"aioseo-faq-block-question\">Um alto n\u00famero de shares autom\u00e1ticos pode aumentar o engajamento org\u00e2nico?<\/h3><div class=\"aioseo-faq-block-answer\">\n<p>S\u00ed, un elevado n\u00famero de comparticiones autom\u00e1ticas puede impulsar el compromiso org\u00e1nico. Compartir m\u00e1s aumenta la visibilidad, atrayendo m\u00e1s interacciones genuinas como me gusta, comentarios y seguidores, ya que los usuarios se sienten atra\u00eddos por el contenido que parece popular. Esto mejora las m\u00e9tricas de participaci\u00f3n y ayuda a construir una comunidad m\u00e1s activa en torno a tu canal.  <\/p>\n<\/div><\/div>\n\n<div data-schema-only=\"false\" class=\"wp-block-aioseo-faq\"><h3 class=\"aioseo-faq-block-question\">Quanto tempo leva para ver resultados?<\/h3><div class=\"aioseo-faq-block-answer\">\n<p>Ver\u00e1s los resultados casi inmediatamente despu\u00e9s de que se haya procesado tu pedido, normalmente en unas pocas horas.<\/p>\n<\/div><\/div>\n\n<div data-schema-only=\"false\" class=\"wp-block-aioseo-faq\"><h3 class=\"aioseo-faq-block-question\">Quantos shares autom\u00e1ticos no Telegram devo comprar?<\/h3><div class=\"aioseo-faq-block-answer\">\n<p>Cuando compres participaciones autom\u00e1ticas en Telegram, empieza con una cantidad modesta para probar su impacto en el engagement y el crecimiento de tu canal. Si notas resultados positivos, aumenta gradualmente tu pedido para aumentar la visibilidad y atraer seguidores org\u00e1nicos. Ajusta continuamente tu estrategia en funci\u00f3n de tus objetivos y de los comentarios que recibas de tu audiencia.  <\/p>\n<\/div><\/div>\n\n<div data-schema-only=\"false\" class=\"wp-block-aioseo-faq\"><h3 class=\"aioseo-faq-block-question\">O que fazer se meu pedido n\u00e3o for entregue?<\/h3><div class=\"aioseo-faq-block-answer\">\n<p>Si tu pedido no se entrega, comprueba la confirmaci\u00f3n del pedido y los detalles del pago para asegurarte de que todo es correcto. A continuaci\u00f3n, ponte en contacto con el servicio de atenci\u00f3n al cliente con la informaci\u00f3n de tu pedido para resolver el problema. Deber\u00edan poder ayudarte y ofrecerte una soluci\u00f3n.  <\/p>\n<\/div><\/div>\n\n<div data-schema-only=\"false\" class=\"wp-block-aioseo-faq\"><h3 class=\"aioseo-faq-block-question\">Quais m\u00e9todos de pagamento voc\u00eas oferecem?<\/h3><div class=\"aioseo-faq-block-answer\">\n<p>Ofrecemos diversos m\u00e9todos de pago, como tarjetas de cr\u00e9dito, PayPal y, en algunos casos, criptomonedas. Esta variedad te permite elegir la opci\u00f3n m\u00e1s conveniente para tus transacciones. <\/p>\n<\/div><\/div>\n","protected":false},"excerpt":{"rendered":"<p>\ud83d\udd1d Compartici\u00f3n autom\u00e1tica en Telegram 100% real \ud83d\udd01 <br \/> \u2728 R\u00e1pido y f\u00e1cil <br \/>\ud83d\udd10 Seguro y discreto <br \/>\u2705 Garant\u00eda de por vida <br \/>\ud83c\udfc1 Entrega r\u00e1pida <br \/>\ud83c\udf1f Hazte popular en Telegram<\/p>\n<p>\u00bfListo para ampliar tu alcance? \ud83d\ude80 \u00a1Aumenta tu presencia en Telegram con nuestras comparticiones autom\u00e1ticas y observa c\u00f3mo tu contenido se difunde m\u00e1s r\u00e1pido y m\u00e1s lejos! \u00a1\u00danete a nosotros para superar tus objetivos!  <\/p>\n","protected":false},"featured_media":9655,"comment_status":"open","ping_status":"closed","template":"","meta":[],"product_brand":[],"product_cat":[133],"product_tag":[],"class_list":{"0":"post-14732","1":"product","2":"type-product","3":"status-publish","4":"has-post-thumbnail","6":"product_cat-telegrama","8":"first","9":"instock","10":"shipping-taxable","11":"purchasable","12":"product-type-variable"},"aioseo_notices":[],"_links":{"self":[{"href":"https:\/\/comprarseguidores.io\/es\/wp-json\/wp\/v2\/product\/14732","targetHints":{"allow":["GET"]}}],"collection":[{"href":"https:\/\/comprarseguidores.io\/es\/wp-json\/wp\/v2\/product"}],"about":[{"href":"https:\/\/comprarseguidores.io\/es\/wp-json\/wp\/v2\/types\/product"}],"replies":[{"embeddable":true,"href":"https:\/\/comprarseguidores.io\/es\/wp-json\/wp\/v2\/comments?post=14732"}],"version-history":[{"count":1,"href":"https:\/\/comprarseguidores.io\/es\/wp-json\/wp\/v2\/product\/14732\/revisions"}],"predecessor-version":[{"id":14759,"href":"https:\/\/comprarseguidores.io\/es\/wp-json\/wp\/v2\/product\/14732\/revisions\/14759"}],"wp:featuredmedia":[{"embeddable":true,"href":"https:\/\/comprarseguidores.io\/es\/wp-json\/wp\/v2\/media\/9655"}],"wp:attachment":[{"href":"https:\/\/comprarseguidores.io\/es\/wp-json\/wp\/v2\/media?parent=14732"}],"wp:term":[{"taxonomy":"product_brand","embeddable":true,"href":"https:\/\/comprarseguidores.io\/es\/wp-json\/wp\/v2\/product_brand?post=14732"},{"taxonomy":"product_cat","embeddable":true,"href":"https:\/\/comprarseguidores.io\/es\/wp-json\/wp\/v2\/product_cat?post=14732"},{"taxonomy":"product_tag","embeddable":true,"href":"https:\/\/comprarseguidores.io\/es\/wp-json\/wp\/v2\/product_tag?post=14732"}],"curies":[{"name":"wp","href":"https:\/\/api.w.org\/{rel}","templated":true}]}}