{"id":14737,"date":"2025-03-29T07:31:26","date_gmt":"2025-03-29T07:31:26","guid":{"rendered":"https:\/\/comprarseguidores.io\/product\/comprar-acciones-de-youtube-2\/"},"modified":"2025-04-06T18:29:52","modified_gmt":"2025-04-06T18:29:52","slug":"comprar-acciones-de-youtube-2","status":"publish","type":"product","link":"https:\/\/comprarseguidores.io\/es\/product\/comprar-acciones-de-youtube-2\/","title":{"rendered":"Comprar acciones de YouTube"},"content":{"rendered":"\n<h2 class=\"wp-block-heading\">Comprar acciones de YouTube<\/h2>\n\n<p>Comprar participaciones en YouTube puede mejorar significativamente el alcance y el impacto de tu contenido. Cuando compras participaciones, es m\u00e1s probable que tus v\u00eddeos se distribuyan en varias plataformas sociales y sitios web, aumentando la visibilidad m\u00e1s all\u00e1 de tu audiencia inmediata. Esta mayor exposici\u00f3n puede atraer a nuevos espectadores que de otro modo no habr\u00edan descubierto tu canal, aumentando potencialmente el n\u00famero de suscriptores y la participaci\u00f3n general. Adem\u00e1s, los v\u00eddeos que se comparten ampliamente suelen percibirse como m\u00e1s valiosos y cre\u00edbles, lo que puede mejorar la reputaci\u00f3n y autoridad de tu canal.   <\/p>\n\n<p>Adem\u00e1s, el aumento de las comparticiones puede mejorar el SEO de tu v\u00eddeo, ayud\u00e1ndole a posicionarse mejor en los resultados de b\u00fasqueda. Esto, a su vez, estimula un mayor crecimiento org\u00e1nico, atrayendo a una mayor audiencia y aumentando tus oportunidades de monetizaci\u00f3n a trav\u00e9s de anuncios y patrocinios. <\/p>\n\n<h2 class=\"wp-block-heading\">Comprar Acciones Sociales en YouTube<\/h2>\n\n<p>Aumenta la visibilidad de tu v\u00eddeo con nuestro paquete de Compartici\u00f3n Social en YouTube. Consigue comparticiones reales de usuarios activos, aumentando la exposici\u00f3n e interacci\u00f3n de tu v\u00eddeo. Este compromiso espec\u00edfico ayuda a que tu v\u00eddeo se clasifique mejor en el algoritmo de YouTube, atrayendo m\u00e1s espectadores org\u00e1nicos y ampliando tu presencia en la plataforma.  <\/p>\n\n<h2 class=\"wp-block-heading\">Comprar acciones de YouTube EE.UU. &#8211; 16 fuentes<\/h2>\n\n<p>Ampl\u00eda tu alcance en Estados Unidos con nuestro completo servicio YouTube US Shares, que accede a 16 fuentes diversas. Este enfoque personalizado garantiza que tu contenido se distribuya ampliamente a trav\u00e9s de m\u00faltiples plataformas y redes dentro de EE.UU., maximizando la exposici\u00f3n y atrayendo a una amplia audiencia. Perfecto para los creadores que buscan mejorar su visibilidad e influencia en diferentes grupos demogr\u00e1ficos estadounidenses, este servicio aumenta significativamente tus posibilidades de crecimiento viral y mejora la participaci\u00f3n de los espectadores.  <\/p>\n\n<p><strong>Mejorar tu canal de YouTube con un aumento equilibrado de Vistas, Me gusta, Comentarios, Compartidos y Suscriptores puede mejorar tus estad\u00edsticas y tu posicionamiento en las listas de reproducci\u00f3n de YouTube, aumentando la visibilidad y el rendimiento de tu canal.<\/strong><\/p>\n\n<h2 class=\"wp-block-heading\">\u00bfCu\u00e1les son las ventajas de comprar acciones de YouTube?<\/h2>\n\n<p>Invertir en acciones de YouTube ofrece varias ventajas clave que pueden aumentar significativamente la eficacia y el alcance de tu canal:<\/p>\n\n<ol class=\"wp-block-list\">\n<li><strong>Visibilidad ampliada:<\/strong> <br\/>Compartir ampl\u00eda el alcance de tu v\u00eddeo a diferentes plataformas sociales y sitios web, presentando tu contenido a espectadores potenciales que de otro modo no lo habr\u00edan descubierto.<br\/><\/li>\n\n\n\n<li><strong>Mayor participaci\u00f3n:<\/strong> <br\/>A medida que tus v\u00eddeos lleguen a un p\u00fablico m\u00e1s amplio, puedes esperar un aumento de los \"me gusta\", comentarios y nuevos suscriptores, mejorando la interacci\u00f3n general con tu contenido.<br\/><\/li>\n\n\n\n<li><strong>Beneficios SEO:<\/strong> <br\/>M\u00e1s compartidos pueden mejorar la clasificaci\u00f3n de tu v\u00eddeo en los resultados de b\u00fasqueda tanto en YouTube como en Google, atrayendo m\u00e1s tr\u00e1fico org\u00e1nico a tu canal.<br\/><\/li>\n\n\n\n<li><strong>Mayor credibilidad:<\/strong> <br\/>Los v\u00eddeos que reciben un gran n\u00famero de compartidos suelen percibirse como m\u00e1s fiables y autorizados, lo que mejora la imagen de tu canal.<br\/><\/li>\n\n\n\n<li><strong>Mayor potencial de monetizaci\u00f3n:<\/strong> <br\/>Con una mayor exposici\u00f3n, tu canal resulta m\u00e1s atractivo para posibles anunciantes y patrocinadores, lo que aumenta las oportunidades de monetizaci\u00f3n.<br\/><\/li>\n\n\n\n<li><strong>Crecimiento viral:<\/strong> <br\/>Un elevado n\u00famero de compartidos aumenta la probabilidad de que tu v\u00eddeo se convierta en viral, lo que puede conducir a un r\u00e1pido crecimiento de la audiencia y a la expansi\u00f3n del canal.<\/li>\n<\/ol>\n\n<p>Invertir en acciones de YouTube puede acelerar estrat\u00e9gicamente el crecimiento de tu canal, aumentar su visibilidad y mejorar las m\u00e9tricas de participaci\u00f3n.<\/p>\n\n<h2 class=\"wp-block-heading\">\u00bfEs seguro comprar acciones en YouTube?<\/h2>\n\n<p>Comprar participaciones en YouTube puede ser seguro si compras en sitios aut\u00e9nticos y de buena reputaci\u00f3n. Estos proveedores leg\u00edtimos utilizan m\u00e9todos reales y org\u00e1nicos para compartir tu contenido, garantizando el cumplimiento de <a href=\"https:\/\/www.youtube.com\/howyoutubeworks\/policies\/community-guidelines\/\">las pol\u00edticas de YouTube<\/a> y protegiendo tu canal de posibles sanciones. Aseg\u00farate siempre de que el servicio que elijas sea transparente sobre sus m\u00e9todos y tenga un historial de aut\u00e9ntica satisfacci\u00f3n del cliente para proteger la integridad de tu canal.  <\/p>\n\n<figure class=\"wp-block-image size-full\"><a href=\"https:\/\/comprarseguidores.io\/wp-content\/uploads\/2024\/06\/Comprar-compartilhamentos-YouTube.png\"><img fetchpriority=\"high\" decoding=\"async\" width=\"800\" height=\"600\" src=\"https:\/\/comprarseguidores.io\/wp-content\/uploads\/2024\/06\/Comprar-compartilhamentos-YouTube.png\" alt=\"Comprar acciones de YouTube\" class=\"wp-image-9857\" srcset=\"https:\/\/comprarseguidores.io\/wp-content\/uploads\/2024\/06\/Comprar-compartilhamentos-YouTube.png 800w, https:\/\/comprarseguidores.io\/wp-content\/uploads\/2024\/06\/Comprar-compartilhamentos-YouTube-300x225.png 300w, https:\/\/comprarseguidores.io\/wp-content\/uploads\/2024\/06\/Comprar-compartilhamentos-YouTube-768x576.png 768w, https:\/\/comprarseguidores.io\/wp-content\/uploads\/2024\/06\/Comprar-compartilhamentos-YouTube-441x331.png 441w, https:\/\/comprarseguidores.io\/wp-content\/uploads\/2024\/06\/Comprar-compartilhamentos-YouTube-150x113.png 150w\" sizes=\"(max-width: 800px) 100vw, 800px\" \/><\/a><\/figure>\n\n<h2 class=\"wp-block-heading\">\u00bfC\u00f3mo compro acciones en YouTube?<\/h2>\n\n<p>Comprar participaciones en YouTube es un proceso sencillo y r\u00e1pido. Para empezar, s\u00f3lo tienes que introducir la URL de tu v\u00eddeo de YouTube en el campo designado en el sitio web del proveedor de servicios. A continuaci\u00f3n, selecciona el n\u00famero de participaciones que mejor se adapte a tus necesidades y presupuesto.  <\/p>\n\n<p>Despu\u00e9s de hacer tu selecci\u00f3n, procede a completar tu pedido ultimando los detalles del pago. Normalmente, el proceso para empezar a compartir tu v\u00eddeo tiene lugar en pocas horas, lo que te permite ver los resultados casi de inmediato. Este m\u00e9todo sin complicaciones ofrece una forma eficaz de aumentar la visibilidad y la participaci\u00f3n de tu v\u00eddeo con el m\u00ednimo esfuerzo.  <\/p>\n\n<ol class=\"wp-block-list\">\n<li>Introduce la URL de tu v\u00eddeo de YouTube en el campo designado.  <\/li>\n\n\n\n<li>Elige el n\u00famero de acciones que quieres comprar.  <\/li>\n\n\n\n<li>Pasa por caja y finaliza el pago.  <\/li>\n\n\n\n<li>Las acciones suelen empezar a procesarse a las pocas horas, y ver\u00e1s los efectos casi de inmediato.<\/li>\n<\/ol>\n\n<h2 class=\"wp-block-heading\">\u00bfCu\u00e1nto cuestan 1.000 acciones en YouTube?<\/h2>\n\n<p>El coste de 1000 acciones en YouTube suele rondar los 5 $. Este precio puede variar en funci\u00f3n del proveedor y de la calidad de las acciones ofrecidas. Aseg\u00farate siempre de elegir un servicio de buena reputaci\u00f3n para obtener el mejor valor y sigue las directrices de YouTube.  <\/p>\n\n<h2 class=\"wp-block-heading\">\u00bfC\u00f3mo puedo conseguir m\u00e1s compartidos en YouTube?<\/h2>\n\n<p>Aumentar el n\u00famero de compartidos que reciben tus v\u00eddeos de YouTube implica mejorar su atractivo y accesibilidad para un p\u00fablico m\u00e1s amplio. Aqu\u00ed tienes estrategias eficaces para fomentar que se compartan m\u00e1s: <\/p>\n\n<ol class=\"wp-block-list\">\n<li><strong>Crea contenido compartible<\/strong><br\/>Produce v\u00eddeos que ofrezcan valor, como tutoriales, contenido educativo, entretenimiento o v\u00eddeos que evoquen emociones fuertes, como alegr\u00eda o sorpresa. El contenido que tiene un impacto en los espectadores tiene m\u00e1s probabilidades de ser compartido. <br\/><\/li>\n\n\n\n<li><strong>Anima a compartir en los v\u00eddeos<\/strong><br\/>Recuerda a los espectadores que compartan tus v\u00eddeos incluyendo una llamada a la acci\u00f3n. Explica c\u00f3mo el hecho de compartir ayuda a mantener tu canal, o pide directamente a los espectadores que compartan el v\u00eddeo con grupos o personas concretas que puedan encontrar valioso el contenido. <br\/><\/li>\n\n\n\n<li><strong>Optimiza los t\u00edtulos<\/strong> y <strong>descripciones de los v\u00eddeos<\/strong><br\/>Utiliza t\u00edtulos y descripciones atractivos, claros y descriptivos, con palabras clave relevantes. Esto hace que tus v\u00eddeos sean m\u00e1s f\u00e1ciles de descubrir y aumenta las posibilidades de que se compartan. <br\/><\/li>\n\n\n\n<li><strong>Interact\u00faa con tu audiencia<\/strong><br\/>Crea una comunidad respondiendo a los comentarios e interactuando con los espectadores. Los espectadores comprometidos son m\u00e1s propensos a compartir contenidos. <br\/><\/li>\n\n\n\n<li><strong>Promociona los v\u00eddeos en las redes sociales<\/strong><br\/>Comparte tus v\u00eddeos en tus plataformas de redes sociales y anima a tus seguidores a compartirlos. Tambi\u00e9n puedes publicar tus v\u00eddeos en grupos o foros relevantes. <br\/><\/li>\n\n\n\n<li><strong>Colabora con otros YouTubers<\/strong><br\/>Las colaboraciones pueden exponer tu contenido a un p\u00fablico m\u00e1s amplio. Los espectadores del canal de tu colaborador pueden compartir tu contenido si lo encuentran interesante. <br\/><\/li>\n\n\n\n<li><strong>Crea contenido actual y relevante<\/strong><br\/>Aprovecha las tendencias o acontecimientos actuales. Los v\u00eddeos relacionados con temas candentes tienen m\u00e1s probabilidades de ser compartidos por su relevancia e inter\u00e9s inmediatos. <br\/><\/li>\n\n\n\n<li><strong>Facilita a los espectadores que compartan tus v\u00eddeos<\/strong><br\/>Incluye botones y enlaces para compartir en las redes sociales en un lugar destacado de tu p\u00e1gina de v\u00eddeo y en la descripci\u00f3n del v\u00eddeo, para facilitar al m\u00e1ximo que los espectadores compartan tus v\u00eddeos.<\/li>\n<\/ol>\n\n<p>Poniendo en pr\u00e1ctica estas estrategias, puedes aumentar eficazmente el n\u00famero de compartidos que reciben tus v\u00eddeos de YouTube, ampliando su alcance e impulsando potencialmente el crecimiento de tu canal.<\/p>\n\n<h2 class=\"wp-block-heading\">\u00bfPor qu\u00e9 buyfollowers.io es el mejor sitio para comprar participaciones de YouTube?<\/h2>\n\n<p>Comprarseguidores.io est\u00e1 ampliamente reconocido como el mejor sitio para comprar participaciones de YouTube, gracias a su compromiso con la autenticidad, la seguridad y la satisfacci\u00f3n del cliente. Esta plataforma garantiza que todas las participaciones proceden de cuentas reales y activas, siguiendo estrictamente las directrices de YouTube para mantener la integridad de tu canal. Priorizan la seguridad del usuario con protocolos de transacci\u00f3n seguros, protegiendo tus datos durante todo el proceso de compra. Adem\u00e1s, ofrecen un excelente servicio de atenci\u00f3n al cliente, con un equipo especializado disponible para ayudarte con cualquier duda o problema.   <\/p>\n\n<p>El sitio ofrece una variedad de paquetes personalizables, que te permiten elegir las opciones que mejor se adapten a tus necesidades y presupuesto. Son conocidos por sus r\u00e1pidos plazos de entrega, que garantizan que las participaciones que compres mejoren r\u00e1pidamente la visibilidad y el compromiso de tu v\u00eddeo. Con un historial probado de clientes satisfechos, comprarseguidores.io destaca como una opci\u00f3n fiable y eficaz para impulsar tu presencia en YouTube.  <\/p>\n\n<h2 class=\"wp-block-heading\">Comprarseguidores.io ofrece los siguientes paquetes de likes activos para YouTube:<\/h2>\n\n<ul class=\"wp-block-list\">\n<li>100 me gusta en Instagram<\/li>\n\n\n\n<li>150 me gusta en Instagram<\/li>\n\n\n\n<li>200 me gusta en Instagram<\/li>\n\n\n\n<li>500 me gusta en Instagram<\/li>\n\n\n\n<li>1000 me gusta en Instagram<\/li>\n\n\n\n<li>5000 me gusta en Instagram<\/li>\n\n\n\n<li>10.000 me gusta en Instagram<\/li>\n<\/ul>\n\n<h1 class=\"wp-block-heading\">PREGUNTAS FRECUENTES<\/h1>\n\n<div data-schema-only=\"false\" class=\"wp-block-aioseo-faq\"><h3 class=\"aioseo-faq-block-question\"><strong>Quanto tempo at\u00e9 ver resultados?<\/strong><\/h3><div class=\"aioseo-faq-block-answer\">\n<p>Ver\u00e1s los resultados casi inmediatamente despu\u00e9s de que se haya procesado tu pedido, normalmente en unas pocas horas.<\/p>\n<\/div><\/div>\n\n<div data-schema-only=\"false\" class=\"wp-block-aioseo-faq\"><h3 class=\"aioseo-faq-block-question\"><strong>Estes s\u00e3o compartilhamentos reais do YouTube?<\/strong><\/h3><div class=\"aioseo-faq-block-answer\">\n<p>S\u00ed, se trata de acciones reales de YouTube de cuentas activas y aut\u00e9nticas.<\/p>\n<\/div><\/div>\n\n<div data-schema-only=\"false\" class=\"wp-block-aioseo-faq\"><h3 class=\"aioseo-faq-block-question\"><strong>Por que devo comprar compartilhamentos no YouTube?<\/strong><\/h3><div class=\"aioseo-faq-block-answer\">\n<p><span style=\"font-size: revert; color: initial;\">Comprar participaciones en YouTube aumenta la visibilidad y credibilidad de tu canal, atrayendo m\u00e1s participaci\u00f3n org\u00e1nica y aumentando tu atractivo para anunciantes y patrocinadores, lo que es especialmente beneficioso para los nuevos canales que quieren crecer r\u00e1pidamente.<\/span><\/p>\n<\/div><\/div>\n\n<div data-schema-only=\"false\" class=\"wp-block-aioseo-faq\"><h3 class=\"aioseo-faq-block-question\"><strong>\u00c9 poss\u00edvel ser banido por comprar compartilhamentos no YouTube?<\/strong><\/h3><div class=\"aioseo-faq-block-answer\">\n<p>Comprar participaciones de YouTube a fuentes de confianza que sigan las normas de la plataforma suele ser seguro y no conlleva una prohibici\u00f3n. Elegir proveedores de confianza garantiza que las participaciones proceden de cuentas reales, no de bots, al tiempo que se cumplen las directrices \u00e9ticas de YouTube. <\/p>\n<\/div><\/div>\n\n<div data-schema-only=\"false\" class=\"wp-block-aioseo-faq\"><h3 class=\"aioseo-faq-block-question\"><strong>Comprar compartilhamentos \u00e9 uma pr\u00e1tica comum?<\/strong><\/h3><div class=\"aioseo-faq-block-answer\">\n<p>S\u00ed, comprar participaciones en YouTube es bastante habitual entre los creadores que buscan aumentar r\u00e1pidamente la visibilidad de sus v\u00eddeos y atraer m\u00e1s participaci\u00f3n org\u00e1nica. Sin embargo, es importante utilizar esta estrategia de forma responsable y a trav\u00e9s de fuentes acreditadas para cumplir las pol\u00edticas de YouTube y mantener la credibilidad de tu canal. <\/p>\n<\/div><\/div>\n\n<div data-schema-only=\"false\" class=\"wp-block-aioseo-faq\"><h3 class=\"aioseo-faq-block-question\"><strong>Quais benef\u00edcios posso esperar ao comprar compartilhamentos no YouTube?<\/strong><\/h3><div class=\"aioseo-faq-block-answer\">\n<p>Comprar participaciones en YouTube aumenta la exposici\u00f3n y credibilidad de tu v\u00eddeo, incrementando las visualizaciones, la participaci\u00f3n y las oportunidades de monetizaci\u00f3n al hacerlo m\u00e1s atractivo para los anunciantes.<\/p>\n<\/div><\/div>\n\n<div data-schema-only=\"false\" class=\"wp-block-aioseo-faq\"><h3 class=\"aioseo-faq-block-question\"><strong>Um grande n\u00famero de compartilhamentos pode aumentar o engajamento org\u00e2nico?<\/strong><\/h3><div class=\"aioseo-faq-block-answer\">\n<p>S\u00ed, un gran n\u00famero de compartidos en YouTube puede aumentar significativamente la participaci\u00f3n org\u00e1nica. A medida que un v\u00eddeo se comparte y llega a un p\u00fablico m\u00e1s amplio, atrae m\u00e1s visualizaciones, me gusta y comentarios, aumentando su visibilidad. <\/p>\n<\/div><\/div>\n\n<div data-schema-only=\"false\" class=\"wp-block-aioseo-faq\"><h3 class=\"aioseo-faq-block-question\"><strong>Quantos compartilhamentos devo comprar?<\/strong><\/h3><div class=\"aioseo-faq-block-answer\">\n<p>La cantidad de acciones de YouTube que compres debe coincidir con tus objetivos. Elige una cantidad mayor de acciones para aumentar la exposici\u00f3n y garantizar una ventaja competitiva. Alternativamente, si est\u00e1s evaluando c\u00f3mo afecta la visibilidad a la participaci\u00f3n, empieza con una cantidad menor de participaciones y ajusta tu enfoque en funci\u00f3n de los resultados.  <\/p>\n<\/div><\/div>\n\n<div data-schema-only=\"false\" class=\"wp-block-aioseo-faq\"><h3 class=\"aioseo-faq-block-question\"><strong>O que fazer se meu pedido n\u00e3o for entregue?<\/strong><\/h3><div class=\"aioseo-faq-block-answer\">\n<p>Si tu pedido no se entrega, comprueba la confirmaci\u00f3n del pedido y los detalles del pago para asegurarte de que todo es correcto. A continuaci\u00f3n, ponte en contacto con el servicio de atenci\u00f3n al cliente con la informaci\u00f3n de tu pedido para resolver el problema. Deber\u00edan poder ayudarte y ofrecerte una soluci\u00f3n.  <\/p>\n<\/div><\/div>\n\n<div data-schema-only=\"false\" class=\"wp-block-aioseo-faq\"><h3 class=\"aioseo-faq-block-question\"><strong>Quais m\u00e9todos de pagamento voc\u00ea oferece?<\/strong><\/h3><div class=\"aioseo-faq-block-answer\">\n<p>Ofrecemos diversos m\u00e9todos de pago, como tarjetas de cr\u00e9dito, PayPal y, en algunos casos, criptomonedas. Esta variedad te permite elegir la opci\u00f3n m\u00e1s conveniente para tus transacciones. <\/p>\n<\/div><\/div>\n","protected":false},"excerpt":{"rendered":"<p>\u2713 Consigue comparticiones reales en YouTube \ud83d\udd01 <br \/> \u2713 100% seguro y discreto \u2b50\ufe0f Fuentes para compartir: Email, WhatsApp, KaKaoTalk, Embed, Facebook, Twitter, Reddit, Pinterest, VK, OK, Skyrock \u00a1y m\u00e1s! <br \/> \u2713 Ayuda para el ranking <br \/>\u2713 \u00a1Seguro de usar! Sin m\u00e9todos SPAM \/ BOTS  <\/p>\n<p>\ud83d\ude80 Aumenta tu clasificaci\u00f3n<\/p>\n<p>\ud83d\udcb0 Precios asequibles<\/p>\n<p>\ud83d\udd17 Adecuado para todos los creadores de contenidos de la plataforma<\/p>\n","protected":false},"featured_media":9752,"comment_status":"open","ping_status":"closed","template":"","meta":[],"product_brand":[],"product_cat":[130],"product_tag":[],"class_list":{"0":"post-14737","1":"product","2":"type-product","3":"status-publish","4":"has-post-thumbnail","6":"product_cat-youtube-es","8":"first","9":"instock","10":"shipping-taxable","11":"purchasable","12":"product-type-variable"},"aioseo_notices":[],"_links":{"self":[{"href":"https:\/\/comprarseguidores.io\/es\/wp-json\/wp\/v2\/product\/14737","targetHints":{"allow":["GET"]}}],"collection":[{"href":"https:\/\/comprarseguidores.io\/es\/wp-json\/wp\/v2\/product"}],"about":[{"href":"https:\/\/comprarseguidores.io\/es\/wp-json\/wp\/v2\/types\/product"}],"replies":[{"embeddable":true,"href":"https:\/\/comprarseguidores.io\/es\/wp-json\/wp\/v2\/comments?post=14737"}],"version-history":[{"count":1,"href":"https:\/\/comprarseguidores.io\/es\/wp-json\/wp\/v2\/product\/14737\/revisions"}],"predecessor-version":[{"id":14769,"href":"https:\/\/comprarseguidores.io\/es\/wp-json\/wp\/v2\/product\/14737\/revisions\/14769"}],"wp:featuredmedia":[{"embeddable":true,"href":"https:\/\/comprarseguidores.io\/es\/wp-json\/wp\/v2\/media\/9752"}],"wp:attachment":[{"href":"https:\/\/comprarseguidores.io\/es\/wp-json\/wp\/v2\/media?parent=14737"}],"wp:term":[{"taxonomy":"product_brand","embeddable":true,"href":"https:\/\/comprarseguidores.io\/es\/wp-json\/wp\/v2\/product_brand?post=14737"},{"taxonomy":"product_cat","embeddable":true,"href":"https:\/\/comprarseguidores.io\/es\/wp-json\/wp\/v2\/product_cat?post=14737"},{"taxonomy":"product_tag","embeddable":true,"href":"https:\/\/comprarseguidores.io\/es\/wp-json\/wp\/v2\/product_tag?post=14737"}],"curies":[{"name":"wp","href":"https:\/\/api.w.org\/{rel}","templated":true}]}}